{"id":8349,"date":"2023-10-11T13:44:39","date_gmt":"2023-10-11T11:44:39","guid":{"rendered":"https:\/\/www.dsju.hr\/?page_id=8349"},"modified":"2024-06-07T14:09:05","modified_gmt":"2024-06-07T12:09:05","slug":"dokumenti-upravnog-vijeca","status":"publish","type":"page","link":"https:\/\/www.dsju.hr\/en\/dsju-o-nama\/dokumenti-upravnog-vijeca\/","title":{"rendered":"Dokumenti upravnog vije\u0107a"},"content":{"rendered":"<div data-elementor-type=\"wp-page\" data-elementor-id=\"8349\" class=\"elementor elementor-8349\" data-elementor-post-type=\"page\">\n\t\t\t\t<div class=\"elementor-element elementor-element-71d1c05c e-flex e-con-boxed e-con e-parent\" data-id=\"71d1c05c\" data-element_type=\"container\">\n\t\t\t\t\t<div class=\"e-con-inner\">\n\t\t<div class=\"elementor-element elementor-element-632ef97f e-con-full e-flex e-con e-child\" data-id=\"632ef97f\" data-element_type=\"container\">\n\t\t\t\t<div class=\"elementor-element elementor-element-4899e452 elementor-align-left elementor-widget elementor-widget-breadcrumbs\" data-id=\"4899e452\" data-element_type=\"widget\" data-widget_type=\"breadcrumbs.default\">\n\t\t\t\t<div class=\"elementor-widget-container\">\n\t\t\t<p id=\"breadcrumbs\"><\/p>\t\t<\/div>\n\t\t\t\t<\/div>\n\t\t\t\t<\/div>\n\t\t\t\t\t<\/div>\n\t\t\t\t<\/div>\n\t\t<div class=\"elementor-element elementor-element-449b5a19 e-flex e-con-boxed e-con e-parent\" data-id=\"449b5a19\" data-element_type=\"container\" data-settings=\"{&quot;background_background&quot;:&quot;classic&quot;}\">\n\t\t\t\t\t<div class=\"e-con-inner\">\n\t\t\t\t<div class=\"elementor-element elementor-element-26c78193 elementor-widget__width-initial elementor-widget elementor-widget-theme-post-title elementor-page-title elementor-widget-heading\" data-id=\"26c78193\" data-element_type=\"widget\" data-widget_type=\"theme-post-title.default\">\n\t\t\t\t<div class=\"elementor-widget-container\">\n\t\t\t<h1 class=\"elementor-heading-title elementor-size-default\">Dokumenti upravnog vije\u0107a<\/h1>\t\t<\/div>\n\t\t\t\t<\/div>\n\t\t\t\t\t<\/div>\n\t\t\t\t<\/div>\n\t\t<div class=\"elementor-element elementor-element-28af9b65 e-flex e-con-boxed e-con e-parent\" data-id=\"28af9b65\" data-element_type=\"container\">\n\t\t\t\t\t<div class=\"e-con-inner\">\n\t\t<div class=\"elementor-element elementor-element-786d1735 e-con-full e-flex e-con e-child\" data-id=\"786d1735\" data-element_type=\"container\">\n\t\t\t\t<div class=\"elementor-element elementor-element-94eb409 elementor-widget elementor-widget-shortcode\" data-id=\"94eb409\" data-element_type=\"widget\" data-widget_type=\"shortcode.default\">\n\t\t\t\t<div class=\"elementor-widget-container\">\n\t\t\t<div class=\"elementor-download-list\"><ul class=\"elementor-icon-list-items\">                <li class=\"elementor-icon-list-item\">\r\n                    <a href=\"https:\/\/www.dsju.hr\/wp-content\/uploads\/2023\/10\/DSJU_Poslovnik-o-radu-Upravnog-vijeca.pdf\" target=\"_blank\">\r\n                        <span class=\"elementor-icon-list-icon\">\r\n                                                            <svg xmlns=\"http:\/\/www.w3.org\/2000\/svg\" width=\"20\" height=\"22\" viewbox=\"0 0 20 22\" fill=\"none\">\r\n                                    <path\r\n                                        d=\"M7.49609 21L12.4961 21C15.3245 21 16.7387 21 17.6174 20.1205C18.4961 19.241 18.4961 17.8255 18.4961 14.9944L18.4961 8.48836C18.4961 5.6573 18.4961 4.24177 17.6174 3.36228C16.9756 2.71984 16.048 2.54667 14.4922 2.5L5.5 2.5C3.9442 2.54667 3.01661 2.71984 2.37477 3.36227C1.49609 4.24177 1.49609 5.6573 1.49609 8.48836L1.49609 14.9944C1.49609 17.8255 1.49609 19.241 2.37477 20.1205C3.25345 21 4.66767 21 7.49609 21Z\"\r\n                                        fill=\"#F7F7F9\" stroke=\"#5A2D7C\" stroke-width=\"1.5\"><\/path>\r\n                                    <path d=\"M5.99805 15H9.99805M5.99805 10L13.998 10\" stroke=\"#5A2D7C\" stroke-width=\"1.5\"\r\n                                        stroke-linecap=\"round\"><\/path>\r\n                                    <path\r\n                                        d=\"M5.49609 2.75C5.49609 1.7835 6.2796 1 7.24609 1L12.7461 1C13.7126 1 14.4961 1.7835 14.4961 2.75C14.4961 3.7165 13.7126 4.5 12.7461 4.5L7.24609 4.5C6.2796 4.5 5.49609 3.7165 5.49609 2.75Z\"\r\n                                        fill=\"#F7F7F9\" stroke=\"#5A2D7C\" stroke-width=\"1.5\" stroke-linejoin=\"round\"><\/path>\r\n                                <\/svg>\r\n                                                    <\/span>\r\n                        <span class=\"elementor-icon-list-text\">\r\n                            Poslovnik o radu Upravnog vije\u0107a                        <\/span>\r\n                    <\/a>\r\n                <\/li>\r\n                            <\/ul><\/div>\t\t<div class=\"elementor-shortcode\"><\/div>\n\t\t\t\t<\/div>\n\t\t\t\t<\/div>\n\t\t\t\t<\/div>\n\t\t<div class=\"elementor-element elementor-element-5e74cc0f e-con-full e-flex e-con e-child\" data-id=\"5e74cc0f\" data-element_type=\"container\" data-settings=\"{&quot;background_background&quot;:&quot;classic&quot;,&quot;sticky&quot;:&quot;top&quot;,&quot;sticky_parent&quot;:&quot;yes&quot;,&quot;sticky_offset&quot;:138,&quot;sticky_on&quot;:[&quot;widescreen&quot;,&quot;desktop&quot;,&quot;laptop&quot;,&quot;tablet_extra&quot;,&quot;tablet&quot;,&quot;mobile_extra&quot;,&quot;mobile&quot;],&quot;sticky_effects_offset&quot;:0}\">\n\t\t\t\t<div class=\"elementor-element elementor-element-739d9ee4 elementor-nav-menu--dropdown-none blog-categories-menu elementor-widget elementor-widget-nav-menu\" data-id=\"739d9ee4\" data-element_type=\"widget\" data-settings=\"{&quot;layout&quot;:&quot;vertical&quot;,&quot;submenu_icon&quot;:{&quot;value&quot;:&quot;&lt;i class=\\&quot;fas fa-caret-down\\&quot;&gt;&lt;\\\/i&gt;&quot;,&quot;library&quot;:&quot;fa-solid&quot;}}\" data-widget_type=\"nav-menu.default\">\n\t\t\t\t<div class=\"elementor-widget-container\">\n\t\t\t\t\t\t<nav aria-label=\"Menu\" class=\"elementor-nav-menu--main elementor-nav-menu__container elementor-nav-menu--layout-vertical e--pointer-background e--animation-sweep-right\">\n\t\t\t\t<ul id=\"menu-1-739d9ee4\" class=\"elementor-nav-menu sm-vertical\"><li class=\"menu-item menu-item-type-post_type menu-item-object-page menu-item-1055\"><a href=\"https:\/\/www.dsju.hr\/en\/dsju-o-nama\/osnivacki-i-drugi-opci-akti\/\" class=\"elementor-item\">Osniva\u010dki i drugi op\u0107i akti<\/a><\/li>\n<li class=\"menu-item menu-item-type-post_type menu-item-object-page menu-item-1056\"><a href=\"https:\/\/www.dsju.hr\/en\/dsju-o-nama\/godisnji-planovi\/\" class=\"elementor-item\">Godi\u0161nji planovi<\/a><\/li>\n<li class=\"menu-item menu-item-type-post_type menu-item-object-page menu-item-1054\"><a href=\"https:\/\/www.dsju.hr\/en\/dsju-o-nama\/financijski-dokumenti\/\" class=\"elementor-item\">Financijski dokumenti<\/a><\/li>\n<li class=\"menu-item menu-item-type-post_type menu-item-object-page menu-item-1053\"><a href=\"https:\/\/www.dsju.hr\/en\/dsju-o-nama\/javna-nabava-dsju\/\" class=\"elementor-item\">Javna nabava<\/a><\/li>\n<li class=\"menu-item menu-item-type-post_type menu-item-object-page menu-item-1052\"><a href=\"https:\/\/www.dsju.hr\/en\/dsju-o-nama\/izvjestaji-o-radu\/\" class=\"elementor-item\">Izvje\u0161taji o radu<\/a><\/li>\n<li class=\"menu-item menu-item-type-post_type menu-item-object-page menu-item-1051\"><a href=\"https:\/\/www.dsju.hr\/en\/dsju-o-nama\/strateski-dokumenti\/\" class=\"elementor-item\">Strate\u0161ki dokumenti<\/a><\/li>\n<li class=\"menu-item menu-item-type-post_type menu-item-object-page menu-item-8356\"><a href=\"https:\/\/www.dsju.hr\/en\/dsju-o-nama\/dokumenti-upravnog-vijeca\/\" class=\"elementor-item\">Dokumenti upravnog vije\u0107a<\/a><\/li>\n<li class=\"menu-item menu-item-type-post_type menu-item-object-page menu-item-1050\"><a href=\"https:\/\/www.dsju.hr\/en\/dsju-o-nama\/ostalo\/\" class=\"elementor-item\">Ostalo<\/a><\/li>\n<\/ul>\t\t\t<\/nav>\n\t\t\t\t\t\t<nav class=\"elementor-nav-menu--dropdown elementor-nav-menu__container\" aria-hidden=\"true\">\n\t\t\t\t<ul id=\"menu-2-739d9ee4\" class=\"elementor-nav-menu sm-vertical\"><li class=\"menu-item menu-item-type-post_type menu-item-object-page menu-item-1055\"><a href=\"https:\/\/www.dsju.hr\/en\/dsju-o-nama\/osnivacki-i-drugi-opci-akti\/\" class=\"elementor-item\" tabindex=\"-1\">Osniva\u010dki i drugi op\u0107i akti<\/a><\/li>\n<li class=\"menu-item menu-item-type-post_type menu-item-object-page menu-item-1056\"><a href=\"https:\/\/www.dsju.hr\/en\/dsju-o-nama\/godisnji-planovi\/\" class=\"elementor-item\" tabindex=\"-1\">Godi\u0161nji planovi<\/a><\/li>\n<li class=\"menu-item menu-item-type-post_type menu-item-object-page menu-item-1054\"><a href=\"https:\/\/www.dsju.hr\/en\/dsju-o-nama\/financijski-dokumenti\/\" class=\"elementor-item\" tabindex=\"-1\">Financijski dokumenti<\/a><\/li>\n<li class=\"menu-item menu-item-type-post_type menu-item-object-page menu-item-1053\"><a href=\"https:\/\/www.dsju.hr\/en\/dsju-o-nama\/javna-nabava-dsju\/\" class=\"elementor-item\" tabindex=\"-1\">Javna nabava<\/a><\/li>\n<li class=\"menu-item menu-item-type-post_type menu-item-object-page menu-item-1052\"><a href=\"https:\/\/www.dsju.hr\/en\/dsju-o-nama\/izvjestaji-o-radu\/\" class=\"elementor-item\" tabindex=\"-1\">Izvje\u0161taji o radu<\/a><\/li>\n<li class=\"menu-item menu-item-type-post_type menu-item-object-page menu-item-1051\"><a href=\"https:\/\/www.dsju.hr\/en\/dsju-o-nama\/strateski-dokumenti\/\" class=\"elementor-item\" tabindex=\"-1\">Strate\u0161ki dokumenti<\/a><\/li>\n<li class=\"menu-item menu-item-type-post_type menu-item-object-page menu-item-8356\"><a href=\"https:\/\/www.dsju.hr\/en\/dsju-o-nama\/dokumenti-upravnog-vijeca\/\" class=\"elementor-item\" tabindex=\"-1\">Dokumenti upravnog vije\u0107a<\/a><\/li>\n<li class=\"menu-item menu-item-type-post_type menu-item-object-page menu-item-1050\"><a href=\"https:\/\/www.dsju.hr\/en\/dsju-o-nama\/ostalo\/\" class=\"elementor-item\" tabindex=\"-1\">Ostalo<\/a><\/li>\n<\/ul>\t\t\t<\/nav>\n\t\t\t\t<\/div>\n\t\t\t\t<\/div>\n\t\t\t\t<\/div>\n\t\t\t\t\t<\/div>\n\t\t\t\t<\/div>\n\t\t\t\t<\/div>","protected":false},"excerpt":{"rendered":"","protected":false},"author":2,"featured_media":0,"parent":12416,"menu_order":0,"comment_status":"closed","ping_status":"closed","template":"elementor_header_footer","meta":{"_acf_changed":false,"_tec_requires_first_save":true,"inline_featured_image":false,"_EventAllDay":false,"_EventTimezone":"","_EventStartDate":"","_EventEndDate":"","_EventStartDateUTC":"","_EventEndDateUTC":"","_EventShowMap":false,"_EventShowMapLink":false,"_EventURL":"","_EventCost":"","_EventCostDescription":"","_EventCurrencySymbol":"","_EventCurrencyCode":"","_EventCurrencyPosition":"","_EventDateTimeSeparator":"","_EventTimeRangeSeparator":"","_EventOrganizerID":[],"_EventVenueID":[],"_OrganizerEmail":"","_OrganizerPhone":"","_OrganizerWebsite":"","_VenueAddress":"","_VenueCity":"","_VenueCountry":"","_VenueProvince":"","_VenueState":"","_VenueZip":"","_VenuePhone":"","_VenueURL":"","_VenueStateProvince":"","_VenueLat":"","_VenueLng":"","_VenueShowMap":false,"_VenueShowMapLink":false,"_tribe_blocks_recurrence_rules":"","_tribe_blocks_recurrence_description":"","_tribe_blocks_recurrence_exclusions":"","footnotes":""},"class_list":["post-8349","page","type-page","status-publish","hentry"],"acf":[],"yoast_head":"<!-- This site is optimized with the Yoast SEO plugin v23.4 - https:\/\/yoast.com\/wordpress\/plugins\/seo\/ -->\n<title>Dokumenti upravnog vije\u0107a - Dr\u017eavna \u0161kola za javnu upravu<\/title>\n<meta name=\"robots\" content=\"index, follow, max-snippet:-1, max-image-preview:large, max-video-preview:-1\" \/>\n<link rel=\"canonical\" href=\"https:\/\/www.dsju.hr\/en\/dsju-o-nama\/dokumenti-upravnog-vijeca\/\" \/>\n<meta property=\"og:locale\" content=\"en_GB\" \/>\n<meta property=\"og:type\" content=\"article\" \/>\n<meta property=\"og:title\" content=\"Dokumenti upravnog vije\u0107a - Dr\u017eavna \u0161kola za javnu upravu\" \/>\n<meta property=\"og:url\" content=\"https:\/\/www.dsju.hr\/en\/dsju-o-nama\/dokumenti-upravnog-vijeca\/\" \/>\n<meta property=\"og:site_name\" content=\"Dr\u017eavna \u0161kola za javnu upravu\" \/>\n<meta property=\"article:modified_time\" content=\"2024-06-07T12:09:05+00:00\" \/>\n<meta property=\"og:image\" content=\"https:\/\/www.dsju.hr\/wp-content\/uploads\/2024\/08\/meta-image.png\" \/>\n\t<meta property=\"og:image:width\" content=\"1200\" \/>\n\t<meta property=\"og:image:height\" content=\"628\" \/>\n\t<meta property=\"og:image:type\" content=\"image\/png\" \/>\n<meta name=\"twitter:card\" content=\"summary_large_image\" \/>\n<meta name=\"twitter:label1\" content=\"Estimated reading time\" \/>\n\t<meta name=\"twitter:data1\" content=\"1 minute\" \/>\n<script type=\"application\/ld+json\" class=\"yoast-schema-graph\">{\"@context\":\"https:\/\/schema.org\",\"@graph\":[{\"@type\":\"WebPage\",\"@id\":\"https:\/\/www.dsju.hr\/dsju-o-nama\/dokumenti-upravnog-vijeca\/\",\"url\":\"https:\/\/www.dsju.hr\/dsju-o-nama\/dokumenti-upravnog-vijeca\/\",\"name\":\"Dokumenti upravnog vije\u0107a - Dr\u017eavna \u0161kola za javnu upravu\",\"isPartOf\":{\"@id\":\"https:\/\/www.dsju.hr\/#website\"},\"datePublished\":\"2023-10-11T11:44:39+00:00\",\"dateModified\":\"2024-06-07T12:09:05+00:00\",\"breadcrumb\":{\"@id\":\"https:\/\/www.dsju.hr\/dsju-o-nama\/dokumenti-upravnog-vijeca\/#breadcrumb\"},\"inLanguage\":\"en-GB\",\"potentialAction\":[{\"@type\":\"ReadAction\",\"target\":[\"https:\/\/www.dsju.hr\/dsju-o-nama\/dokumenti-upravnog-vijeca\/\"]}]},{\"@type\":\"BreadcrumbList\",\"@id\":\"https:\/\/www.dsju.hr\/dsju-o-nama\/dokumenti-upravnog-vijeca\/#breadcrumb\",\"itemListElement\":[{\"@type\":\"ListItem\",\"position\":1,\"name\":\"O nama\",\"item\":\"https:\/\/www.dsju.hr\/dsju-o-nama\/\"},{\"@type\":\"ListItem\",\"position\":2,\"name\":\"O nama \u00bb Dokumenti \u00bb Dokumenti upravnog vije\u0107a\"}]},{\"@type\":\"WebSite\",\"@id\":\"https:\/\/www.dsju.hr\/#website\",\"url\":\"https:\/\/www.dsju.hr\/\",\"name\":\"Dr\u017eavna \u0161kola za javnu upravu\",\"description\":\"\",\"publisher\":{\"@id\":\"https:\/\/www.dsju.hr\/#organization\"},\"potentialAction\":[{\"@type\":\"SearchAction\",\"target\":{\"@type\":\"EntryPoint\",\"urlTemplate\":\"https:\/\/www.dsju.hr\/?s={search_term_string}\"},\"query-input\":{\"@type\":\"PropertyValueSpecification\",\"valueRequired\":true,\"valueName\":\"search_term_string\"}}],\"inLanguage\":\"en-GB\"},{\"@type\":\"Organization\",\"@id\":\"https:\/\/www.dsju.hr\/#organization\",\"name\":\"Dr\u017eavna \u0161kola za javnu upravu\",\"url\":\"https:\/\/www.dsju.hr\/\",\"logo\":{\"@type\":\"ImageObject\",\"inLanguage\":\"en-GB\",\"@id\":\"https:\/\/www.dsju.hr\/#\/schema\/logo\/image\/\",\"url\":\"https:\/\/www.dsju.hr\/wp-content\/uploads\/2023\/01\/DSJU_logo_white.png\",\"contentUrl\":\"https:\/\/www.dsju.hr\/wp-content\/uploads\/2023\/01\/DSJU_logo_white.png\",\"width\":501,\"height\":182,\"caption\":\"Dr\u017eavna \u0161kola za javnu upravu\"},\"image\":{\"@id\":\"https:\/\/www.dsju.hr\/#\/schema\/logo\/image\/\"}}]}<\/script>\n<!-- \/ Yoast SEO plugin. -->","yoast_head_json":{"title":"Dokumenti upravnog vije\u0107a - Dr\u017eavna \u0161kola za javnu upravu","robots":{"index":"index","follow":"follow","max-snippet":"max-snippet:-1","max-image-preview":"max-image-preview:large","max-video-preview":"max-video-preview:-1"},"canonical":"https:\/\/www.dsju.hr\/en\/dsju-o-nama\/dokumenti-upravnog-vijeca\/","og_locale":"en_GB","og_type":"article","og_title":"Dokumenti upravnog vije\u0107a - Dr\u017eavna \u0161kola za javnu upravu","og_url":"https:\/\/www.dsju.hr\/en\/dsju-o-nama\/dokumenti-upravnog-vijeca\/","og_site_name":"Dr\u017eavna \u0161kola za javnu upravu","article_modified_time":"2024-06-07T12:09:05+00:00","og_image":[{"width":1200,"height":628,"url":"https:\/\/www.dsju.hr\/wp-content\/uploads\/2024\/08\/meta-image.png","type":"image\/png"}],"twitter_card":"summary_large_image","twitter_misc":{"Estimated reading time":"1 minute"},"schema":{"@context":"https:\/\/schema.org","@graph":[{"@type":"WebPage","@id":"https:\/\/www.dsju.hr\/dsju-o-nama\/dokumenti-upravnog-vijeca\/","url":"https:\/\/www.dsju.hr\/dsju-o-nama\/dokumenti-upravnog-vijeca\/","name":"Dokumenti upravnog vije\u0107a - Dr\u017eavna \u0161kola za javnu upravu","isPartOf":{"@id":"https:\/\/www.dsju.hr\/#website"},"datePublished":"2023-10-11T11:44:39+00:00","dateModified":"2024-06-07T12:09:05+00:00","breadcrumb":{"@id":"https:\/\/www.dsju.hr\/dsju-o-nama\/dokumenti-upravnog-vijeca\/#breadcrumb"},"inLanguage":"en-GB","potentialAction":[{"@type":"ReadAction","target":["https:\/\/www.dsju.hr\/dsju-o-nama\/dokumenti-upravnog-vijeca\/"]}]},{"@type":"BreadcrumbList","@id":"https:\/\/www.dsju.hr\/dsju-o-nama\/dokumenti-upravnog-vijeca\/#breadcrumb","itemListElement":[{"@type":"ListItem","position":1,"name":"O nama","item":"https:\/\/www.dsju.hr\/dsju-o-nama\/"},{"@type":"ListItem","position":2,"name":"O nama \u00bb Dokumenti \u00bb Dokumenti upravnog vije\u0107a"}]},{"@type":"WebSite","@id":"https:\/\/www.dsju.hr\/#website","url":"https:\/\/www.dsju.hr\/","name":"National School for Public Administration","description":"","publisher":{"@id":"https:\/\/www.dsju.hr\/#organization"},"potentialAction":[{"@type":"SearchAction","target":{"@type":"EntryPoint","urlTemplate":"https:\/\/www.dsju.hr\/?s={search_term_string}"},"query-input":{"@type":"PropertyValueSpecification","valueRequired":true,"valueName":"search_term_string"}}],"inLanguage":"en-GB"},{"@type":"Organization","@id":"https:\/\/www.dsju.hr\/#organization","name":"National School for Public Administration","url":"https:\/\/www.dsju.hr\/","logo":{"@type":"ImageObject","inLanguage":"en-GB","@id":"https:\/\/www.dsju.hr\/#\/schema\/logo\/image\/","url":"https:\/\/www.dsju.hr\/wp-content\/uploads\/2023\/01\/DSJU_logo_white.png","contentUrl":"https:\/\/www.dsju.hr\/wp-content\/uploads\/2023\/01\/DSJU_logo_white.png","width":501,"height":182,"caption":"Dr\u017eavna \u0161kola za javnu upravu"},"image":{"@id":"https:\/\/www.dsju.hr\/#\/schema\/logo\/image\/"}}]}},"_links":{"self":[{"href":"https:\/\/www.dsju.hr\/en\/wp-json\/wp\/v2\/pages\/8349","targetHints":{"allow":["GET"]}}],"collection":[{"href":"https:\/\/www.dsju.hr\/en\/wp-json\/wp\/v2\/pages"}],"about":[{"href":"https:\/\/www.dsju.hr\/en\/wp-json\/wp\/v2\/types\/page"}],"author":[{"embeddable":true,"href":"https:\/\/www.dsju.hr\/en\/wp-json\/wp\/v2\/users\/2"}],"replies":[{"embeddable":true,"href":"https:\/\/www.dsju.hr\/en\/wp-json\/wp\/v2\/comments?post=8349"}],"version-history":[{"count":50,"href":"https:\/\/www.dsju.hr\/en\/wp-json\/wp\/v2\/pages\/8349\/revisions"}],"predecessor-version":[{"id":14197,"href":"https:\/\/www.dsju.hr\/en\/wp-json\/wp\/v2\/pages\/8349\/revisions\/14197"}],"up":[{"embeddable":true,"href":"https:\/\/www.dsju.hr\/en\/wp-json\/wp\/v2\/pages\/12416"}],"wp:attachment":[{"href":"https:\/\/www.dsju.hr\/en\/wp-json\/wp\/v2\/media?parent=8349"}],"curies":[{"name":"wp","href":"https:\/\/api.w.org\/{rel}","templated":true}]}}