{"id":1758,"date":"2023-02-15T00:22:53","date_gmt":"2023-02-14T23:22:53","guid":{"rendered":"https:\/\/dsju.simetrys.info\/?page_id=1758"},"modified":"2023-11-30T16:33:56","modified_gmt":"2023-11-30T15:33:56","slug":"zastita-privatnosti","status":"publish","type":"page","link":"https:\/\/www.dsju.hr\/en\/zastita-privatnosti\/","title":{"rendered":"Za\u0161tita privatnosti"},"content":{"rendered":"<div data-elementor-type=\"wp-post\" data-elementor-id=\"1758\" class=\"elementor elementor-1758\" data-elementor-post-type=\"page\">\n\t\t\t\t<div class=\"elementor-element elementor-element-649fecfb e-flex e-con-boxed e-con e-parent\" data-id=\"649fecfb\" data-element_type=\"container\">\n\t\t\t\t\t<div class=\"e-con-inner\">\n\t\t<div class=\"elementor-element elementor-element-54c6e358 e-con-full e-flex e-con e-child\" data-id=\"54c6e358\" data-element_type=\"container\">\n\t\t\t\t<div class=\"elementor-element elementor-element-5cb819e4 elementor-align-left elementor-widget elementor-widget-breadcrumbs\" data-id=\"5cb819e4\" data-element_type=\"widget\" data-widget_type=\"breadcrumbs.default\">\n\t\t\t\t<div class=\"elementor-widget-container\">\n\t\t\t<p id=\"breadcrumbs\"><\/p>\t\t<\/div>\n\t\t\t\t<\/div>\n\t\t\t\t<\/div>\n\t\t\t\t\t<\/div>\n\t\t\t\t<\/div>\n\t\t<div class=\"elementor-element elementor-element-7cb0e e-flex e-con-boxed e-con e-parent\" data-id=\"7cb0e\" data-element_type=\"container\" data-settings=\"{&quot;background_background&quot;:&quot;classic&quot;}\">\n\t\t\t\t\t<div class=\"e-con-inner\">\n\t\t\t\t<div class=\"elementor-element elementor-element-38ebdc2a elementor-widget__width-initial elementor-widget elementor-widget-theme-post-title elementor-page-title elementor-widget-heading\" data-id=\"38ebdc2a\" data-element_type=\"widget\" data-widget_type=\"theme-post-title.default\">\n\t\t\t\t<div class=\"elementor-widget-container\">\n\t\t\t<h1 class=\"elementor-heading-title elementor-size-default\">Za\u0161tita privatnosti<\/h1>\t\t<\/div>\n\t\t\t\t<\/div>\n\t\t\t\t\t<\/div>\n\t\t\t\t<\/div>\n\t\t<div class=\"elementor-element elementor-element-20341251 e-flex e-con-boxed e-con e-parent\" data-id=\"20341251\" data-element_type=\"container\">\n\t\t\t\t\t<div class=\"e-con-inner\">\n\t\t<div class=\"elementor-element elementor-element-5ac822d2 e-con-full e-flex e-con e-child\" data-id=\"5ac822d2\" data-element_type=\"container\">\n\t\t\t\t<div class=\"elementor-element elementor-element-a7c70b6 elementor-widget elementor-widget-text-editor\" data-id=\"a7c70b6\" data-element_type=\"widget\" data-widget_type=\"text-editor.default\">\n\t\t\t\t<div class=\"elementor-widget-container\">\n\t\t\t\t\t\t\t<p>Za\u0161tita privatnosti je od iznimne va\u017enosti za Dr\u017eavnu \u0161kolu za javnu upravu (D\u0160JU). Slijede\u0107i osnovna na\u010dela privatnosti i sukladno zakonodavstvu o za\u0161titi podataka, D\u0160JU se obvezuje na za\u0161titu privatnih podataka svojih korisnika i tre\u0107ih strana koje su uklju\u010dene u njihove aktivnosti. U skladu s tim, D\u0160JU ima uspostavljene sljede\u0107e mjere i pravila koja se odnose na za\u0161titu privatnosti:<\/p><ol><li><p>Prikupljanje i kori\u0161tenje podataka: D\u0160JU \u0107e prikupljati samo one podatke koji su nu\u017eni za pru\u017eanje usluga i ispunjavanje svojih zakonskih obveza. Podaci \u0107e se koristiti isklju\u010divo u svrhu za koju su prikupljeni, a D\u0160JU \u0107e osigurati da se prikupljeni podaci ne koriste na na\u010din koji bi mogao ugroziti privatnost pojedinaca.<\/p><\/li><li><p>Sigurnost podataka: D\u0160JU \u0107e primijeniti odgovaraju\u0107e tehni\u010dke i organizacijske mjere kako bi za\u0161titio prikupljene podatke od neovla\u0161tenog pristupa, gubitka, kra\u0111e ili o\u0161te\u0107enja. To uklju\u010duje kori\u0161tenje sigurnosnih protokola, enkripciju podataka i ograni\u010deni pristup podacima samo ovla\u0161tenim osobama.<\/p><\/li><li><p>Povjerljivost podataka: D\u0160JU \u0107e \u010duvati povjerljivost prikupljenih podataka te \u0107e osigurati da se podaci ne dijele s tre\u0107im stranama bez izri\u010ditog pristanka korisnika ili zakonske osnove. Podaci \u0107e se koristiti isklju\u010divo u okviru definiranih svrha i bit \u0107e dostupni samo osobama koje su uklju\u010dene u procese koji zahtijevaju pristup tim podacima.<\/p><\/li><li><p>Prava pojedinaca: D\u0160JU \u0107e po\u0161tovati prava pojedinaca u pogledu za\u0161tite privatnosti. To uklju\u010duje pravo na pristup, ispravak, brisanje i ograni\u010denje obrade njihovih podataka. Pojedinci tako\u0111er imaju pravo prigovora na obradu podataka te pravo na prenosivost podataka. D\u0160JU \u0107e pru\u017eiti podr\u0161ku i omogu\u0107iti ostvarivanje ovih prava na zahtjev korisnika.<\/p><\/li><li><p>Suradnja s tre\u0107im stranama: D\u0160JU \u0107e osigurati da tre\u0107e strane koje imaju pristup ili sudjeluju u obradi podataka poduzimaju odgovaraju\u0107e mjere za\u0161tite privatnosti. Ugovori i sporazumi bit \u0107e uspostavljeni kako bi se regulirali uvjeti i obveze tre\u0107ih strana u pogledu za\u0161tite privatnosti podataka. D\u0160JU \u0107e pa\u017eljivo odabrati pouzdane tre\u0107e strane s kojima \u0107e dijeliti podatke i provjeriti njihovu uskla\u0111enost s propisima o za\u0161titi privatnosti.<\/p><\/li><\/ol><p>U slu\u010daju bilo kakvog kr\u0161enja privatnosti ili sigurnosti podataka, D\u0160JU \u0107e poduzeti odgovaraju\u0107e korake kako bi utvrdio uzrok incidenta, zaustavio neovla\u0161ten pristup i sprije\u010dio daljnje kr\u0161enje privatnosti podataka. O tome \u0107e biti obavije\u0161teni svi relevantni subjekti, uklju\u010duju\u0107i nadle\u017ena tijela i korisnike koji su pogo\u0111eni takvim incidentom.<\/p><p>D\u0160JU \u0107e redovito pregledavati i a\u017eurirati svoje postupke i politike za za\u0161titu privatnosti kako bi osigurao sukladnost s najnovijim zakonodavstvom i najboljim praksama. Korisnici \u0107e biti obavije\u0161teni o svim zna\u010dajnim promjenama u politici privatnosti putem obavijesti na mre\u017enoj stranici D\u0160JU ili drugim prikladnim kanalima komunikacije.<\/p><p>Va\u017eno je napomenuti da se D\u0160JU mo\u017ee koristiti kola\u010di\u0107ima i drugim tehnologijama pra\u0107enja na svojoj mre\u017enoj stranici kako bi pobolj\u0161ao korisni\u010dko iskustvo i pru\u017eio personalizirane usluge. Kori\u0161tenje takvih tehnologija bit \u0107e u skladu s va\u017ee\u0107im zakonodavstvom o za\u0161titi privatnosti, a korisnici \u0107e biti obavije\u0161teni o njihovoj upotrebi putem obavijesti o kola\u010di\u0107ima i postavkama privatnosti.<\/p><p>D\u0160JU prepoznaje va\u017enost za\u0161tite privatnosti i kontinuirano \u0107e raditi na unapre\u0111ivanju svojih postupaka i praksi kako bi osigurao da privatni podaci korisnika i tre\u0107ih strana budu sigurni i za\u0161ti\u0107eni. Ova posve\u0107enost za\u0161titi privatnosti temelji se na povjerenju i transparentnosti u svim aspektima djelovanja D\u0160JU.<\/p>\t\t\t\t\t\t<\/div>\n\t\t\t\t<\/div>\n\t\t\t\t<\/div>\n\t\t<div class=\"elementor-element elementor-element-2eae5c3c e-con-full e-flex e-con e-child\" data-id=\"2eae5c3c\" data-element_type=\"container\" data-settings=\"{&quot;background_background&quot;:&quot;classic&quot;,&quot;sticky&quot;:&quot;top&quot;,&quot;sticky_parent&quot;:&quot;yes&quot;,&quot;sticky_offset&quot;:138,&quot;sticky_on&quot;:[&quot;widescreen&quot;,&quot;desktop&quot;,&quot;laptop&quot;,&quot;tablet_extra&quot;,&quot;tablet&quot;,&quot;mobile_extra&quot;,&quot;mobile&quot;],&quot;sticky_effects_offset&quot;:0}\">\n\t\t\t\t<div class=\"elementor-element elementor-element-87b31b7 elementor-nav-menu--dropdown-none blog-categories-menu elementor-widget elementor-widget-nav-menu\" data-id=\"87b31b7\" data-element_type=\"widget\" data-settings=\"{&quot;layout&quot;:&quot;vertical&quot;,&quot;submenu_icon&quot;:{&quot;value&quot;:&quot;&lt;i class=\\&quot;fas fa-caret-down\\&quot;&gt;&lt;\\\/i&gt;&quot;,&quot;library&quot;:&quot;fa-solid&quot;}}\" data-widget_type=\"nav-menu.default\">\n\t\t\t\t<div class=\"elementor-widget-container\">\n\t\t\t\t\t\t<nav aria-label=\"Menu\" class=\"elementor-nav-menu--main elementor-nav-menu__container elementor-nav-menu--layout-vertical e--pointer-background e--animation-sweep-right\">\n\t\t\t\t<ul id=\"menu-1-87b31b7\" class=\"elementor-nav-menu sm-vertical\"><li class=\"menu-item menu-item-type-post_type menu-item-object-page menu-item-8195\"><a href=\"https:\/\/www.dsju.hr\/en\/uvjeti-i-pravila-koristenja\/\" class=\"elementor-item\">Uvjeti i pravila kori\u0161tenja<\/a><\/li>\n<li class=\"menu-item menu-item-type-post_type menu-item-object-page menu-item-8196\"><a href=\"https:\/\/www.dsju.hr\/en\/pravila-kolacica\/\" class=\"elementor-item\">Pravila kola\u010di\u0107a<\/a><\/li>\n<li class=\"menu-item menu-item-type-post_type menu-item-object-page menu-item-8197\"><a href=\"https:\/\/www.dsju.hr\/en\/izjava-o-pristupacnosti\/\" class=\"elementor-item\">Izjava o pristupa\u010dnosti<\/a><\/li>\n<li class=\"menu-item menu-item-type-post_type menu-item-object-page menu-item-8194\"><a href=\"https:\/\/www.dsju.hr\/en\/zastita-privatnosti\/\" class=\"elementor-item\">Za\u0161tita privatnosti<\/a><\/li>\n<li class=\"menu-item menu-item-type-post_type menu-item-object-page menu-item-8198\"><a href=\"https:\/\/www.dsju.hr\/en\/cesta-pitanja\/\" class=\"elementor-item\">\u010cesta pitanja<\/a><\/li>\n<\/ul>\t\t\t<\/nav>\n\t\t\t\t\t\t<nav class=\"elementor-nav-menu--dropdown elementor-nav-menu__container\" aria-hidden=\"true\">\n\t\t\t\t<ul id=\"menu-2-87b31b7\" class=\"elementor-nav-menu sm-vertical\"><li class=\"menu-item menu-item-type-post_type menu-item-object-page menu-item-8195\"><a href=\"https:\/\/www.dsju.hr\/en\/uvjeti-i-pravila-koristenja\/\" class=\"elementor-item\" tabindex=\"-1\">Uvjeti i pravila kori\u0161tenja<\/a><\/li>\n<li class=\"menu-item menu-item-type-post_type menu-item-object-page menu-item-8196\"><a href=\"https:\/\/www.dsju.hr\/en\/pravila-kolacica\/\" class=\"elementor-item\" tabindex=\"-1\">Pravila kola\u010di\u0107a<\/a><\/li>\n<li class=\"menu-item menu-item-type-post_type menu-item-object-page menu-item-8197\"><a href=\"https:\/\/www.dsju.hr\/en\/izjava-o-pristupacnosti\/\" class=\"elementor-item\" tabindex=\"-1\">Izjava o pristupa\u010dnosti<\/a><\/li>\n<li class=\"menu-item menu-item-type-post_type menu-item-object-page menu-item-8194\"><a href=\"https:\/\/www.dsju.hr\/en\/zastita-privatnosti\/\" class=\"elementor-item\" tabindex=\"-1\">Za\u0161tita privatnosti<\/a><\/li>\n<li class=\"menu-item menu-item-type-post_type menu-item-object-page menu-item-8198\"><a href=\"https:\/\/www.dsju.hr\/en\/cesta-pitanja\/\" class=\"elementor-item\" tabindex=\"-1\">\u010cesta pitanja<\/a><\/li>\n<\/ul>\t\t\t<\/nav>\n\t\t\t\t<\/div>\n\t\t\t\t<\/div>\n\t\t\t\t<\/div>\n\t\t\t\t\t<\/div>\n\t\t\t\t<\/div>\n\t\t\t\t<\/div>","protected":false},"excerpt":{"rendered":"<p>Za\u0161tita privatnosti je od iznimne va\u017enosti za Dr\u017eavnu \u0161kolu za javnu upravu (D\u0160JU). Slijede\u0107i osnovna na\u010dela privatnosti i sukladno zakonodavstvu o za\u0161titi podataka, D\u0160JU se obvezuje na za\u0161titu privatnih podataka [&hellip;]<\/p>","protected":false},"author":1,"featured_media":0,"parent":0,"menu_order":0,"comment_status":"closed","ping_status":"closed","template":"elementor_header_footer","meta":{"_acf_changed":false,"_tec_requires_first_save":true,"inline_featured_image":false,"_EventAllDay":false,"_EventTimezone":"","_EventStartDate":"","_EventEndDate":"","_EventStartDateUTC":"","_EventEndDateUTC":"","_EventShowMap":false,"_EventShowMapLink":false,"_EventURL":"","_EventCost":"","_EventCostDescription":"","_EventCurrencySymbol":"","_EventCurrencyCode":"","_EventCurrencyPosition":"","_EventDateTimeSeparator":"","_EventTimeRangeSeparator":"","_EventOrganizerID":[],"_EventVenueID":[],"_OrganizerEmail":"","_OrganizerPhone":"","_OrganizerWebsite":"","_VenueAddress":"","_VenueCity":"","_VenueCountry":"","_VenueProvince":"","_VenueState":"","_VenueZip":"","_VenuePhone":"","_VenueURL":"","_VenueStateProvince":"","_VenueLat":"","_VenueLng":"","_VenueShowMap":false,"_VenueShowMapLink":false,"_tribe_blocks_recurrence_rules":"","_tribe_blocks_recurrence_description":"","_tribe_blocks_recurrence_exclusions":"","footnotes":""},"class_list":["post-1758","page","type-page","status-publish","hentry"],"acf":[],"yoast_head":"<!-- This site is optimized with the Yoast SEO plugin v23.4 - https:\/\/yoast.com\/wordpress\/plugins\/seo\/ -->\n<title>Za\u0161tita privatnosti - Dr\u017eavna \u0161kola za javnu upravu<\/title>\n<meta name=\"robots\" content=\"index, follow, max-snippet:-1, max-image-preview:large, max-video-preview:-1\" \/>\n<link rel=\"canonical\" href=\"https:\/\/www.dsju.hr\/en\/zastita-privatnosti\/\" \/>\n<meta property=\"og:locale\" content=\"en_GB\" \/>\n<meta property=\"og:type\" content=\"article\" \/>\n<meta property=\"og:title\" content=\"Za\u0161tita privatnosti - Dr\u017eavna \u0161kola za javnu upravu\" \/>\n<meta property=\"og:description\" content=\"Za\u0161tita privatnosti je od iznimne va\u017enosti za Dr\u017eavnu \u0161kolu za javnu upravu (D\u0160JU). Slijede\u0107i osnovna na\u010dela privatnosti i sukladno zakonodavstvu o za\u0161titi podataka, D\u0160JU se obvezuje na za\u0161titu privatnih podataka [&hellip;]\" \/>\n<meta property=\"og:url\" content=\"https:\/\/www.dsju.hr\/en\/zastita-privatnosti\/\" \/>\n<meta property=\"og:site_name\" content=\"Dr\u017eavna \u0161kola za javnu upravu\" \/>\n<meta property=\"article:modified_time\" content=\"2023-11-30T15:33:56+00:00\" \/>\n<meta property=\"og:image\" content=\"https:\/\/www.dsju.hr\/wp-content\/uploads\/2024\/08\/meta-image.png\" \/>\n\t<meta property=\"og:image:width\" content=\"1200\" \/>\n\t<meta property=\"og:image:height\" content=\"628\" \/>\n\t<meta property=\"og:image:type\" content=\"image\/png\" \/>\n<meta name=\"twitter:card\" content=\"summary_large_image\" \/>\n<meta name=\"twitter:label1\" content=\"Estimated reading time\" \/>\n\t<meta name=\"twitter:data1\" content=\"3 minutes\" \/>\n<script type=\"application\/ld+json\" class=\"yoast-schema-graph\">{\"@context\":\"https:\/\/schema.org\",\"@graph\":[{\"@type\":\"WebPage\",\"@id\":\"https:\/\/www.dsju.hr\/zastita-privatnosti\/\",\"url\":\"https:\/\/www.dsju.hr\/zastita-privatnosti\/\",\"name\":\"Za\u0161tita privatnosti - Dr\u017eavna \u0161kola za javnu upravu\",\"isPartOf\":{\"@id\":\"https:\/\/www.dsju.hr\/#website\"},\"datePublished\":\"2023-02-14T23:22:53+00:00\",\"dateModified\":\"2023-11-30T15:33:56+00:00\",\"inLanguage\":\"en-GB\",\"potentialAction\":[{\"@type\":\"ReadAction\",\"target\":[\"https:\/\/www.dsju.hr\/zastita-privatnosti\/\"]}]},{\"@type\":\"WebSite\",\"@id\":\"https:\/\/www.dsju.hr\/#website\",\"url\":\"https:\/\/www.dsju.hr\/\",\"name\":\"Dr\u017eavna \u0161kola za javnu upravu\",\"description\":\"\",\"publisher\":{\"@id\":\"https:\/\/www.dsju.hr\/#organization\"},\"potentialAction\":[{\"@type\":\"SearchAction\",\"target\":{\"@type\":\"EntryPoint\",\"urlTemplate\":\"https:\/\/www.dsju.hr\/?s={search_term_string}\"},\"query-input\":{\"@type\":\"PropertyValueSpecification\",\"valueRequired\":true,\"valueName\":\"search_term_string\"}}],\"inLanguage\":\"en-GB\"},{\"@type\":\"Organization\",\"@id\":\"https:\/\/www.dsju.hr\/#organization\",\"name\":\"Dr\u017eavna \u0161kola za javnu upravu\",\"url\":\"https:\/\/www.dsju.hr\/\",\"logo\":{\"@type\":\"ImageObject\",\"inLanguage\":\"en-GB\",\"@id\":\"https:\/\/www.dsju.hr\/#\/schema\/logo\/image\/\",\"url\":\"https:\/\/www.dsju.hr\/wp-content\/uploads\/2023\/01\/DSJU_logo_white.png\",\"contentUrl\":\"https:\/\/www.dsju.hr\/wp-content\/uploads\/2023\/01\/DSJU_logo_white.png\",\"width\":501,\"height\":182,\"caption\":\"Dr\u017eavna \u0161kola za javnu upravu\"},\"image\":{\"@id\":\"https:\/\/www.dsju.hr\/#\/schema\/logo\/image\/\"}}]}<\/script>\n<!-- \/ Yoast SEO plugin. -->","yoast_head_json":{"title":"Za\u0161tita privatnosti - Dr\u017eavna \u0161kola za javnu upravu","robots":{"index":"index","follow":"follow","max-snippet":"max-snippet:-1","max-image-preview":"max-image-preview:large","max-video-preview":"max-video-preview:-1"},"canonical":"https:\/\/www.dsju.hr\/en\/zastita-privatnosti\/","og_locale":"en_GB","og_type":"article","og_title":"Za\u0161tita privatnosti - Dr\u017eavna \u0161kola za javnu upravu","og_description":"Za\u0161tita privatnosti je od iznimne va\u017enosti za Dr\u017eavnu \u0161kolu za javnu upravu (D\u0160JU). Slijede\u0107i osnovna na\u010dela privatnosti i sukladno zakonodavstvu o za\u0161titi podataka, D\u0160JU se obvezuje na za\u0161titu privatnih podataka [&hellip;]","og_url":"https:\/\/www.dsju.hr\/en\/zastita-privatnosti\/","og_site_name":"Dr\u017eavna \u0161kola za javnu upravu","article_modified_time":"2023-11-30T15:33:56+00:00","og_image":[{"width":1200,"height":628,"url":"https:\/\/www.dsju.hr\/wp-content\/uploads\/2024\/08\/meta-image.png","type":"image\/png"}],"twitter_card":"summary_large_image","twitter_misc":{"Estimated reading time":"3 minutes"},"schema":{"@context":"https:\/\/schema.org","@graph":[{"@type":"WebPage","@id":"https:\/\/www.dsju.hr\/zastita-privatnosti\/","url":"https:\/\/www.dsju.hr\/zastita-privatnosti\/","name":"Za\u0161tita privatnosti - Dr\u017eavna \u0161kola za javnu upravu","isPartOf":{"@id":"https:\/\/www.dsju.hr\/#website"},"datePublished":"2023-02-14T23:22:53+00:00","dateModified":"2023-11-30T15:33:56+00:00","inLanguage":"en-GB","potentialAction":[{"@type":"ReadAction","target":["https:\/\/www.dsju.hr\/zastita-privatnosti\/"]}]},{"@type":"WebSite","@id":"https:\/\/www.dsju.hr\/#website","url":"https:\/\/www.dsju.hr\/","name":"National School for Public Administration","description":"","publisher":{"@id":"https:\/\/www.dsju.hr\/#organization"},"potentialAction":[{"@type":"SearchAction","target":{"@type":"EntryPoint","urlTemplate":"https:\/\/www.dsju.hr\/?s={search_term_string}"},"query-input":{"@type":"PropertyValueSpecification","valueRequired":true,"valueName":"search_term_string"}}],"inLanguage":"en-GB"},{"@type":"Organization","@id":"https:\/\/www.dsju.hr\/#organization","name":"National School for Public Administration","url":"https:\/\/www.dsju.hr\/","logo":{"@type":"ImageObject","inLanguage":"en-GB","@id":"https:\/\/www.dsju.hr\/#\/schema\/logo\/image\/","url":"https:\/\/www.dsju.hr\/wp-content\/uploads\/2023\/01\/DSJU_logo_white.png","contentUrl":"https:\/\/www.dsju.hr\/wp-content\/uploads\/2023\/01\/DSJU_logo_white.png","width":501,"height":182,"caption":"Dr\u017eavna \u0161kola za javnu upravu"},"image":{"@id":"https:\/\/www.dsju.hr\/#\/schema\/logo\/image\/"}}]}},"_links":{"self":[{"href":"https:\/\/www.dsju.hr\/en\/wp-json\/wp\/v2\/pages\/1758","targetHints":{"allow":["GET"]}}],"collection":[{"href":"https:\/\/www.dsju.hr\/en\/wp-json\/wp\/v2\/pages"}],"about":[{"href":"https:\/\/www.dsju.hr\/en\/wp-json\/wp\/v2\/types\/page"}],"author":[{"embeddable":true,"href":"https:\/\/www.dsju.hr\/en\/wp-json\/wp\/v2\/users\/1"}],"replies":[{"embeddable":true,"href":"https:\/\/www.dsju.hr\/en\/wp-json\/wp\/v2\/comments?post=1758"}],"version-history":[{"count":46,"href":"https:\/\/www.dsju.hr\/en\/wp-json\/wp\/v2\/pages\/1758\/revisions"}],"predecessor-version":[{"id":13138,"href":"https:\/\/www.dsju.hr\/en\/wp-json\/wp\/v2\/pages\/1758\/revisions\/13138"}],"wp:attachment":[{"href":"https:\/\/www.dsju.hr\/en\/wp-json\/wp\/v2\/media?parent=1758"}],"curies":[{"name":"wp","href":"https:\/\/api.w.org\/{rel}","templated":true}]}}