{"id":1528,"date":"2023-02-12T17:34:25","date_gmt":"2023-02-12T16:34:25","guid":{"rendered":"https:\/\/dsju.simetrys.info\/?page_id=1528"},"modified":"2023-11-30T15:54:50","modified_gmt":"2023-11-30T14:54:50","slug":"projekti","status":"publish","type":"page","link":"https:\/\/www.dsju.hr\/en\/projekti\/","title":{"rendered":"Projects"},"content":{"rendered":"<div data-elementor-type=\"wp-post\" data-elementor-id=\"1528\" class=\"elementor elementor-1528\" data-elementor-post-type=\"page\">\n\t\t\t\t<div class=\"elementor-element elementor-element-ca232cf e-flex e-con-boxed e-con e-parent\" data-id=\"ca232cf\" data-element_type=\"container\">\n\t\t\t\t\t<div class=\"e-con-inner\">\n\t\t<div class=\"elementor-element elementor-element-155216d e-con-full e-flex e-con e-child\" data-id=\"155216d\" data-element_type=\"container\">\n\t\t\t\t<div class=\"elementor-element elementor-element-ad6e926 elementor-align-left elementor-widget elementor-widget-breadcrumbs\" data-id=\"ad6e926\" data-element_type=\"widget\" data-widget_type=\"breadcrumbs.default\">\n\t\t\t\t<div class=\"elementor-widget-container\">\n\t\t\t<p id=\"breadcrumbs\"><\/p>\t\t<\/div>\n\t\t\t\t<\/div>\n\t\t\t\t<\/div>\n\t\t\t\t\t<\/div>\n\t\t\t\t<\/div>\n\t\t<div class=\"elementor-element elementor-element-a5285ff e-flex e-con-boxed e-con e-parent\" data-id=\"a5285ff\" data-element_type=\"container\" data-settings=\"{&quot;background_background&quot;:&quot;classic&quot;}\">\n\t\t\t\t\t<div class=\"e-con-inner\">\n\t\t\t\t<div class=\"elementor-element elementor-element-a442abe elementor-widget elementor-widget-theme-post-title elementor-page-title elementor-widget-heading\" data-id=\"a442abe\" data-element_type=\"widget\" data-widget_type=\"theme-post-title.default\">\n\t\t\t\t<div class=\"elementor-widget-container\">\n\t\t\t<h1 class=\"elementor-heading-title elementor-size-default\">Projects<\/h1>\t\t<\/div>\n\t\t\t\t<\/div>\n\t\t\t\t\t<\/div>\n\t\t\t\t<\/div>\n\t\t<div class=\"elementor-element elementor-element-69e0de9 e-flex e-con-boxed e-con e-parent\" data-id=\"69e0de9\" data-element_type=\"container\">\n\t\t\t\t\t<div class=\"e-con-inner\">\n\t\t<div class=\"elementor-element elementor-element-56cebbf e-con-full e-flex e-con e-child\" data-id=\"56cebbf\" data-element_type=\"container\">\n\t\t\t\t<div class=\"elementor-element elementor-element-66aa96b elementor-widget elementor-widget-text-editor\" data-id=\"66aa96b\" data-element_type=\"widget\" data-widget_type=\"text-editor.default\">\n\t\t\t\t<div class=\"elementor-widget-container\">\n\t\t\t\t\t\t\t<p>U okviru\u00a0<strong>Operativnog programa U\u010dinkoviti ljudski potencijali 2014.-2020.\u00a0<\/strong>sredstvima iz\u00a0<strong>Europskog socijalnog fonda<\/strong>\u00a0podr\u017eana je provedba 4 projekta za \u010dije je aktivnosti odgovorna Dr\u017eavna \u0161kola za javnu upravu:<\/p><ul class=\"decimal_type\"><li>Pove\u0107anje kvalitete javnih usluga kroz modernizaciju i pove\u0107anje dostupnosti edukacija za slu\u017ebenike javnog sektora u organizaciji D\u0160JU (ukupna vrijednost projekta 14.702.600,00 HRK)<\/li><li>Priprema Strategije stru\u010dnog usavr\u0161avanja u javnoj upravi (ukupna vrijednost projekta\u00a0830.291,78 HRK)<\/li><li>Razvoj kompetencijskog okvira za zaposlene u javnoj upravi (ukupna vrijednost projekta 13.092.015,91 HRK)<\/li><li>Uvo\u0111enje sustava upravljanja kvalitetom u javnu upravu RH\u00a0(ukupna vrijednost projekta: 40.524.202,55 HRK)<\/li><\/ul><p>Ciljevi i aktivnosti svakog od navedenih projekata uskla\u0111eni su s mjerama i ciljevima Strategije razvoja javne uprave 2015.-2020. i pripadaju\u0107im Akcijskim planom provedbe Strategije razvoja javne uprave za razdoblje od 2017.-2020., Strategijom e-Hrvatska 2020., Sporazumom o partnerstvu izme\u0111u Republike Hrvatske i Europske komisije za kori\u0161tenje EU strukturnih i investicijskih fondova za rast i radna mjesta u razdoblju 2014.-2020., Programom Vlade Republike Hrvatske za mandat od 2016.-2020. te Strategijom Europa 2020.\u00a0<\/p><p>Navedeni strate\u0161ki dokumenti predstavljaju sveobuhvatni strate\u0161ki okvir za razvoj i ja\u010danje kapaciteta i kompetencija zaposlenih u javnoj upravi, kapaciteta za dobro upravljanje te kontinuirano unaprje\u0111ivanje metodologija i\u00a0mehanizama u sustavu usavr\u0161avanja u javnoj upravi s ciljem stvaranja profesionalnog, djelotvornog i u\u010dinkovitog javnog sektora koji \u0107e pru\u017eati pravodobne i kvalitetne javne usluge.<\/p><p>Ugovor o dodjeli bespovratnih sredstava za navedene operacije Dr\u017eavna \u0161kola provodi samostalno i u svojstvu partnera korisniku \u2013 Ministarstvu pravosu\u0111a i uprave.<\/p><ul><li><a href=\"http:\/\/www.strukturnifondovi.hr\/\" target=\"_blank\" rel=\"noopener\">www.strukturnifondovi.hr<\/a>\u00a0<\/li><li><a href=\"http:\/\/www.esf.hr\/\" target=\"_blank\" rel=\"noopener\">www.esf.hr<\/a>\u00a0<\/li><\/ul>\t\t\t\t\t\t<\/div>\n\t\t\t\t<\/div>\n\t\t\t\t<\/div>\n\t\t<div class=\"elementor-element elementor-element-58e188d e-con-full e-flex e-con e-child\" data-id=\"58e188d\" data-element_type=\"container\" data-settings=\"{&quot;background_background&quot;:&quot;classic&quot;,&quot;sticky&quot;:&quot;top&quot;,&quot;sticky_offset&quot;:138,&quot;sticky_parent&quot;:&quot;yes&quot;,&quot;sticky_on&quot;:[&quot;widescreen&quot;,&quot;desktop&quot;,&quot;laptop&quot;,&quot;tablet_extra&quot;,&quot;tablet&quot;,&quot;mobile_extra&quot;,&quot;mobile&quot;],&quot;sticky_effects_offset&quot;:0}\">\n\t\t\t\t<div class=\"elementor-element elementor-element-dc0ef5c elementor-nav-menu--dropdown-none blog-categories-menu elementor-widget elementor-widget-nav-menu\" data-id=\"dc0ef5c\" data-element_type=\"widget\" data-settings=\"{&quot;layout&quot;:&quot;vertical&quot;,&quot;submenu_icon&quot;:{&quot;value&quot;:&quot;&lt;i class=\\&quot;fas fa-caret-down\\&quot;&gt;&lt;\\\/i&gt;&quot;,&quot;library&quot;:&quot;fa-solid&quot;}}\" data-widget_type=\"nav-menu.default\">\n\t\t\t\t<div class=\"elementor-widget-container\">\n\t\t\t\t\t\t<nav aria-label=\"Menu\" class=\"elementor-nav-menu--main elementor-nav-menu__container elementor-nav-menu--layout-vertical e--pointer-background e--animation-sweep-right\">\n\t\t\t\t<ul id=\"menu-1-dc0ef5c\" class=\"elementor-nav-menu sm-vertical\"><li class=\"menu-item menu-item-type-post_type menu-item-object-page menu-item-10536\"><a href=\"https:\/\/www.dsju.hr\/en\/projekti\/razvoj-kompetencijskog-okvira-za-zaposlene-u-javnoj-upravi\/\" class=\"elementor-item\">Razvoj kompetencijskog okvira za zaposlene u javnoj upravi<\/a><\/li>\n<li class=\"menu-item menu-item-type-post_type menu-item-object-page menu-item-10555\"><a href=\"https:\/\/www.dsju.hr\/en\/projekti\/povecanje-kvalitete-javnih-usluga\/\" class=\"elementor-item\">Pove\u0107anje kvalitete javnih usluga<\/a><\/li>\n<li class=\"menu-item menu-item-type-post_type menu-item-object-page menu-item-10570\"><a href=\"https:\/\/www.dsju.hr\/en\/projekti\/uvodenje-sustava-upravljanja-kvalitetom-u-javnu-upravu-rh\/\" class=\"elementor-item\">Uvo\u0111enje sustava upravljanja kvalitetom u javnu upravu RH<\/a><\/li>\n<li class=\"menu-item menu-item-type-post_type menu-item-object-page menu-item-10586\"><a href=\"https:\/\/www.dsju.hr\/en\/projekti\/development-of-specific-training-programme-for-senior-public-officials-in-croatia\/\" class=\"elementor-item\">Development of specific training programme for senior public officials in Croatia<\/a><\/li>\n<li class=\"menu-item menu-item-type-post_type menu-item-object-page menu-item-13729\"><a href=\"https:\/\/www.dsju.hr\/en\/projekti\/twinning-projekt-strengthening-capacity-institution-public-administration-jordan\/\" class=\"elementor-item\">Twinning projekt \u201eStrengthening the Capacity of the Institution of Public Administration \u2013 Jordan\u201c (Twinning broj: JO 22 NDICI OT 01 23)<\/a><\/li>\n<li class=\"menu-item menu-item-type-post_type menu-item-object-page menu-item-13766\"><a href=\"https:\/\/www.dsju.hr\/en\/projekti\/twinning-projekt-strengthening-the-capacity-of-the-institution-of-public-administration-jordan-twinning-broj-jo-22-ndici-ot-01-23\/\" class=\"elementor-item\">\u201eCapacity Building for Civil Servants of the Public Administration, Including Trainings\/Internships in EU Members State Administrations and Scholarship Scheme -Young Cells&#8221;<\/a><\/li>\n<\/ul>\t\t\t<\/nav>\n\t\t\t\t\t\t<nav class=\"elementor-nav-menu--dropdown elementor-nav-menu__container\" aria-hidden=\"true\">\n\t\t\t\t<ul id=\"menu-2-dc0ef5c\" class=\"elementor-nav-menu sm-vertical\"><li class=\"menu-item menu-item-type-post_type menu-item-object-page menu-item-10536\"><a href=\"https:\/\/www.dsju.hr\/en\/projekti\/razvoj-kompetencijskog-okvira-za-zaposlene-u-javnoj-upravi\/\" class=\"elementor-item\" tabindex=\"-1\">Razvoj kompetencijskog okvira za zaposlene u javnoj upravi<\/a><\/li>\n<li class=\"menu-item menu-item-type-post_type menu-item-object-page menu-item-10555\"><a href=\"https:\/\/www.dsju.hr\/en\/projekti\/povecanje-kvalitete-javnih-usluga\/\" class=\"elementor-item\" tabindex=\"-1\">Pove\u0107anje kvalitete javnih usluga<\/a><\/li>\n<li class=\"menu-item menu-item-type-post_type menu-item-object-page menu-item-10570\"><a href=\"https:\/\/www.dsju.hr\/en\/projekti\/uvodenje-sustava-upravljanja-kvalitetom-u-javnu-upravu-rh\/\" class=\"elementor-item\" tabindex=\"-1\">Uvo\u0111enje sustava upravljanja kvalitetom u javnu upravu RH<\/a><\/li>\n<li class=\"menu-item menu-item-type-post_type menu-item-object-page menu-item-10586\"><a href=\"https:\/\/www.dsju.hr\/en\/projekti\/development-of-specific-training-programme-for-senior-public-officials-in-croatia\/\" class=\"elementor-item\" tabindex=\"-1\">Development of specific training programme for senior public officials in Croatia<\/a><\/li>\n<li class=\"menu-item menu-item-type-post_type menu-item-object-page menu-item-13729\"><a href=\"https:\/\/www.dsju.hr\/en\/projekti\/twinning-projekt-strengthening-capacity-institution-public-administration-jordan\/\" class=\"elementor-item\" tabindex=\"-1\">Twinning projekt \u201eStrengthening the Capacity of the Institution of Public Administration \u2013 Jordan\u201c (Twinning broj: JO 22 NDICI OT 01 23)<\/a><\/li>\n<li class=\"menu-item menu-item-type-post_type menu-item-object-page menu-item-13766\"><a href=\"https:\/\/www.dsju.hr\/en\/projekti\/twinning-projekt-strengthening-the-capacity-of-the-institution-of-public-administration-jordan-twinning-broj-jo-22-ndici-ot-01-23\/\" class=\"elementor-item\" tabindex=\"-1\">\u201eCapacity Building for Civil Servants of the Public Administration, Including Trainings\/Internships in EU Members State Administrations and Scholarship Scheme -Young Cells&#8221;<\/a><\/li>\n<\/ul>\t\t\t<\/nav>\n\t\t\t\t<\/div>\n\t\t\t\t<\/div>\n\t\t\t\t<\/div>\n\t\t\t\t\t<\/div>\n\t\t\t\t<\/div>\n\t\t\t\t<\/div>","protected":false},"excerpt":{"rendered":"<p>U okviru\u00a0Operativnog programa U\u010dinkoviti ljudski potencijali 2014.-2020.\u00a0sredstvima iz\u00a0Europskog socijalnog fonda\u00a0podr\u017eana je provedba 4 projekta za \u010dije je aktivnosti odgovorna Dr\u017eavna \u0161kola za javnu upravu: Pove\u0107anje kvalitete javnih usluga kroz modernizaciju [&hellip;]<\/p>","protected":false},"author":1,"featured_media":0,"parent":0,"menu_order":0,"comment_status":"closed","ping_status":"closed","template":"elementor_header_footer","meta":{"_acf_changed":false,"_tec_requires_first_save":true,"inline_featured_image":false,"_EventAllDay":false,"_EventTimezone":"","_EventStartDate":"","_EventEndDate":"","_EventStartDateUTC":"","_EventEndDateUTC":"","_EventShowMap":false,"_EventShowMapLink":false,"_EventURL":"","_EventCost":"","_EventCostDescription":"","_EventCurrencySymbol":"","_EventCurrencyCode":"","_EventCurrencyPosition":"","_EventDateTimeSeparator":"","_EventTimeRangeSeparator":"","_EventOrganizerID":[],"_EventVenueID":[],"_OrganizerEmail":"","_OrganizerPhone":"","_OrganizerWebsite":"","_VenueAddress":"","_VenueCity":"","_VenueCountry":"","_VenueProvince":"","_VenueState":"","_VenueZip":"","_VenuePhone":"","_VenueURL":"","_VenueStateProvince":"","_VenueLat":"","_VenueLng":"","_VenueShowMap":false,"_VenueShowMapLink":false,"_tribe_blocks_recurrence_rules":"","_tribe_blocks_recurrence_description":"","_tribe_blocks_recurrence_exclusions":"","footnotes":""},"class_list":["post-1528","page","type-page","status-publish","hentry"],"acf":[],"yoast_head":"<!-- This site is optimized with the Yoast SEO plugin v23.4 - https:\/\/yoast.com\/wordpress\/plugins\/seo\/ -->\n<title>Projekti - Dr\u017eavna \u0161kola za javnu upravu<\/title>\n<meta name=\"robots\" content=\"index, follow, max-snippet:-1, max-image-preview:large, max-video-preview:-1\" \/>\n<link rel=\"canonical\" href=\"https:\/\/www.dsju.hr\/en\/projekti\/\" \/>\n<meta property=\"og:locale\" content=\"en_GB\" \/>\n<meta property=\"og:type\" content=\"article\" \/>\n<meta property=\"og:title\" content=\"Projekti - Dr\u017eavna \u0161kola za javnu upravu\" \/>\n<meta property=\"og:description\" content=\"U okviru\u00a0Operativnog programa U\u010dinkoviti ljudski potencijali 2014.-2020.\u00a0sredstvima iz\u00a0Europskog socijalnog fonda\u00a0podr\u017eana je provedba 4 projekta za \u010dije je aktivnosti odgovorna Dr\u017eavna \u0161kola za javnu upravu: Pove\u0107anje kvalitete javnih usluga kroz modernizaciju [&hellip;]\" \/>\n<meta property=\"og:url\" content=\"https:\/\/www.dsju.hr\/en\/projekti\/\" \/>\n<meta property=\"og:site_name\" content=\"Dr\u017eavna \u0161kola za javnu upravu\" \/>\n<meta property=\"article:modified_time\" content=\"2023-11-30T14:54:50+00:00\" \/>\n<meta property=\"og:image\" content=\"https:\/\/www.dsju.hr\/wp-content\/uploads\/2024\/08\/meta-image.png\" \/>\n\t<meta property=\"og:image:width\" content=\"1200\" \/>\n\t<meta property=\"og:image:height\" content=\"628\" \/>\n\t<meta property=\"og:image:type\" content=\"image\/png\" \/>\n<meta name=\"twitter:card\" content=\"summary_large_image\" \/>\n<meta name=\"twitter:label1\" content=\"Estimated reading time\" \/>\n\t<meta name=\"twitter:data1\" content=\"2 minutes\" \/>\n<script type=\"application\/ld+json\" class=\"yoast-schema-graph\">{\"@context\":\"https:\/\/schema.org\",\"@graph\":[{\"@type\":\"WebPage\",\"@id\":\"https:\/\/www.dsju.hr\/projekti\/\",\"url\":\"https:\/\/www.dsju.hr\/projekti\/\",\"name\":\"Projekti - Dr\u017eavna \u0161kola za javnu upravu\",\"isPartOf\":{\"@id\":\"https:\/\/www.dsju.hr\/#website\"},\"datePublished\":\"2023-02-12T16:34:25+00:00\",\"dateModified\":\"2023-11-30T14:54:50+00:00\",\"inLanguage\":\"en-GB\",\"potentialAction\":[{\"@type\":\"ReadAction\",\"target\":[\"https:\/\/www.dsju.hr\/projekti\/\"]}]},{\"@type\":\"WebSite\",\"@id\":\"https:\/\/www.dsju.hr\/#website\",\"url\":\"https:\/\/www.dsju.hr\/\",\"name\":\"Dr\u017eavna \u0161kola za javnu upravu\",\"description\":\"\",\"publisher\":{\"@id\":\"https:\/\/www.dsju.hr\/#organization\"},\"potentialAction\":[{\"@type\":\"SearchAction\",\"target\":{\"@type\":\"EntryPoint\",\"urlTemplate\":\"https:\/\/www.dsju.hr\/?s={search_term_string}\"},\"query-input\":{\"@type\":\"PropertyValueSpecification\",\"valueRequired\":true,\"valueName\":\"search_term_string\"}}],\"inLanguage\":\"en-GB\"},{\"@type\":\"Organization\",\"@id\":\"https:\/\/www.dsju.hr\/#organization\",\"name\":\"Dr\u017eavna \u0161kola za javnu upravu\",\"url\":\"https:\/\/www.dsju.hr\/\",\"logo\":{\"@type\":\"ImageObject\",\"inLanguage\":\"en-GB\",\"@id\":\"https:\/\/www.dsju.hr\/#\/schema\/logo\/image\/\",\"url\":\"https:\/\/www.dsju.hr\/wp-content\/uploads\/2023\/01\/DSJU_logo_white.png\",\"contentUrl\":\"https:\/\/www.dsju.hr\/wp-content\/uploads\/2023\/01\/DSJU_logo_white.png\",\"width\":501,\"height\":182,\"caption\":\"Dr\u017eavna \u0161kola za javnu upravu\"},\"image\":{\"@id\":\"https:\/\/www.dsju.hr\/#\/schema\/logo\/image\/\"}}]}<\/script>\n<!-- \/ Yoast SEO plugin. -->","yoast_head_json":{"title":"Projekti - Dr\u017eavna \u0161kola za javnu upravu","robots":{"index":"index","follow":"follow","max-snippet":"max-snippet:-1","max-image-preview":"max-image-preview:large","max-video-preview":"max-video-preview:-1"},"canonical":"https:\/\/www.dsju.hr\/en\/projekti\/","og_locale":"en_GB","og_type":"article","og_title":"Projekti - Dr\u017eavna \u0161kola za javnu upravu","og_description":"U okviru\u00a0Operativnog programa U\u010dinkoviti ljudski potencijali 2014.-2020.\u00a0sredstvima iz\u00a0Europskog socijalnog fonda\u00a0podr\u017eana je provedba 4 projekta za \u010dije je aktivnosti odgovorna Dr\u017eavna \u0161kola za javnu upravu: Pove\u0107anje kvalitete javnih usluga kroz modernizaciju [&hellip;]","og_url":"https:\/\/www.dsju.hr\/en\/projekti\/","og_site_name":"Dr\u017eavna \u0161kola za javnu upravu","article_modified_time":"2023-11-30T14:54:50+00:00","og_image":[{"width":1200,"height":628,"url":"https:\/\/www.dsju.hr\/wp-content\/uploads\/2024\/08\/meta-image.png","type":"image\/png"}],"twitter_card":"summary_large_image","twitter_misc":{"Estimated reading time":"2 minutes"},"schema":{"@context":"https:\/\/schema.org","@graph":[{"@type":"WebPage","@id":"https:\/\/www.dsju.hr\/projekti\/","url":"https:\/\/www.dsju.hr\/projekti\/","name":"Projekti - Dr\u017eavna \u0161kola za javnu upravu","isPartOf":{"@id":"https:\/\/www.dsju.hr\/#website"},"datePublished":"2023-02-12T16:34:25+00:00","dateModified":"2023-11-30T14:54:50+00:00","inLanguage":"en-GB","potentialAction":[{"@type":"ReadAction","target":["https:\/\/www.dsju.hr\/projekti\/"]}]},{"@type":"WebSite","@id":"https:\/\/www.dsju.hr\/#website","url":"https:\/\/www.dsju.hr\/","name":"National School for Public Administration","description":"","publisher":{"@id":"https:\/\/www.dsju.hr\/#organization"},"potentialAction":[{"@type":"SearchAction","target":{"@type":"EntryPoint","urlTemplate":"https:\/\/www.dsju.hr\/?s={search_term_string}"},"query-input":{"@type":"PropertyValueSpecification","valueRequired":true,"valueName":"search_term_string"}}],"inLanguage":"en-GB"},{"@type":"Organization","@id":"https:\/\/www.dsju.hr\/#organization","name":"National School for Public Administration","url":"https:\/\/www.dsju.hr\/","logo":{"@type":"ImageObject","inLanguage":"en-GB","@id":"https:\/\/www.dsju.hr\/#\/schema\/logo\/image\/","url":"https:\/\/www.dsju.hr\/wp-content\/uploads\/2023\/01\/DSJU_logo_white.png","contentUrl":"https:\/\/www.dsju.hr\/wp-content\/uploads\/2023\/01\/DSJU_logo_white.png","width":501,"height":182,"caption":"Dr\u017eavna \u0161kola za javnu upravu"},"image":{"@id":"https:\/\/www.dsju.hr\/#\/schema\/logo\/image\/"}}]}},"_links":{"self":[{"href":"https:\/\/www.dsju.hr\/en\/wp-json\/wp\/v2\/pages\/1528","targetHints":{"allow":["GET"]}}],"collection":[{"href":"https:\/\/www.dsju.hr\/en\/wp-json\/wp\/v2\/pages"}],"about":[{"href":"https:\/\/www.dsju.hr\/en\/wp-json\/wp\/v2\/types\/page"}],"author":[{"embeddable":true,"href":"https:\/\/www.dsju.hr\/en\/wp-json\/wp\/v2\/users\/1"}],"replies":[{"embeddable":true,"href":"https:\/\/www.dsju.hr\/en\/wp-json\/wp\/v2\/comments?post=1528"}],"version-history":[{"count":164,"href":"https:\/\/www.dsju.hr\/en\/wp-json\/wp\/v2\/pages\/1528\/revisions"}],"predecessor-version":[{"id":13111,"href":"https:\/\/www.dsju.hr\/en\/wp-json\/wp\/v2\/pages\/1528\/revisions\/13111"}],"wp:attachment":[{"href":"https:\/\/www.dsju.hr\/en\/wp-json\/wp\/v2\/media?parent=1528"}],"curies":[{"name":"wp","href":"https:\/\/api.w.org\/{rel}","templated":true}]}}