{"id":13756,"date":"2024-03-08T12:41:52","date_gmt":"2024-03-08T11:41:52","guid":{"rendered":"https:\/\/www.dsju.hr\/?page_id=13756"},"modified":"2024-03-11T09:44:27","modified_gmt":"2024-03-11T08:44:27","slug":"twinning-projekt-strengthening-the-capacity-of-the-institution-of-public-administration-jordan-twinning-broj-jo-22-ndici-ot-01-23","status":"publish","type":"page","link":"https:\/\/www.dsju.hr\/en\/projekti\/twinning-projekt-strengthening-the-capacity-of-the-institution-of-public-administration-jordan-twinning-broj-jo-22-ndici-ot-01-23\/","title":{"rendered":"\u201eCapacity Building for Civil Servants of the Public Administration, Including Trainings\/Internships in EU Members State Administrations and Scholarship Scheme -Young Cells&#8221;"},"content":{"rendered":"<div data-elementor-type=\"wp-page\" data-elementor-id=\"13756\" class=\"elementor elementor-13756\" data-elementor-post-type=\"page\">\n\t\t\t\t<div class=\"elementor-element elementor-element-0cdeb02 e-flex e-con-boxed e-con e-parent\" data-id=\"0cdeb02\" data-element_type=\"container\">\n\t\t\t\t\t<div class=\"e-con-inner\">\n\t\t<div class=\"elementor-element elementor-element-72f774e e-con-full e-flex e-con e-child\" data-id=\"72f774e\" data-element_type=\"container\">\n\t\t\t\t<div class=\"elementor-element elementor-element-6639c76 elementor-align-left elementor-widget elementor-widget-breadcrumbs\" data-id=\"6639c76\" data-element_type=\"widget\" data-widget_type=\"breadcrumbs.default\">\n\t\t\t\t<div class=\"elementor-widget-container\">\n\t\t\t<p id=\"breadcrumbs\"><\/p>\t\t<\/div>\n\t\t\t\t<\/div>\n\t\t\t\t<\/div>\n\t\t\t\t\t<\/div>\n\t\t\t\t<\/div>\n\t\t<div class=\"elementor-element elementor-element-5d35c4b e-flex e-con-boxed e-con e-parent\" data-id=\"5d35c4b\" data-element_type=\"container\" data-settings=\"{&quot;background_background&quot;:&quot;classic&quot;}\">\n\t\t\t\t\t<div class=\"e-con-inner\">\n\t\t\t\t<div class=\"elementor-element elementor-element-4985a2e elementor-widget__width-initial elementor-widget elementor-widget-theme-post-title elementor-page-title elementor-widget-heading\" data-id=\"4985a2e\" data-element_type=\"widget\" data-widget_type=\"theme-post-title.default\">\n\t\t\t\t<div class=\"elementor-widget-container\">\n\t\t\t<h1 class=\"elementor-heading-title elementor-size-default\">\u201eCapacity Building for Civil Servants of the Public Administration, Including Trainings\/Internships in EU Members State Administrations and Scholarship Scheme -Young Cells&#8221;<\/h1>\t\t<\/div>\n\t\t\t\t<\/div>\n\t\t\t\t\t<\/div>\n\t\t\t\t<\/div>\n\t\t<div class=\"elementor-element elementor-element-053c87b e-flex e-con-boxed e-con e-parent\" data-id=\"053c87b\" data-element_type=\"container\">\n\t\t\t\t\t<div class=\"e-con-inner\">\n\t\t<div class=\"elementor-element elementor-element-a203a86 e-con-full e-flex e-con e-child\" data-id=\"a203a86\" data-element_type=\"container\">\n\t\t\t\t<div class=\"elementor-element elementor-element-9b37d4b elementor-widget elementor-widget-image\" data-id=\"9b37d4b\" data-element_type=\"widget\" data-widget_type=\"image.default\">\n\t\t\t\t<div class=\"elementor-widget-container\">\n\t\t\t\t\t\t\t\t\t\t\t\t\t<img fetchpriority=\"high\" decoding=\"async\" width=\"600\" height=\"200\" src=\"https:\/\/www.dsju.hr\/wp-content\/uploads\/2024\/03\/Dizajn-bez-naslova-9.png\" class=\"attachment-large size-large wp-image-13804\" alt=\"\" srcset=\"https:\/\/www.dsju.hr\/wp-content\/uploads\/2024\/03\/Dizajn-bez-naslova-9.png 600w, https:\/\/www.dsju.hr\/wp-content\/uploads\/2024\/03\/Dizajn-bez-naslova-9-300x100.png 300w, https:\/\/www.dsju.hr\/wp-content\/uploads\/2024\/03\/Dizajn-bez-naslova-9-18x6.png 18w\" sizes=\"(max-width: 600px) 100vw, 600px\" \/>\t\t\t\t\t\t\t\t\t\t\t\t\t<\/div>\n\t\t\t\t<\/div>\n\t\t\t\t<div class=\"elementor-element elementor-element-4d8ff64 elementor-widget elementor-widget-text-editor\" data-id=\"4d8ff64\" data-element_type=\"widget\" data-widget_type=\"text-editor.default\">\n\t\t\t\t<div class=\"elementor-widget-container\">\n\t\t\t\t\t\t\t<p><\/p>\n<p><span style=\"color: var( --e-global-color-text ); text-align: var(--text-align); font-family: var( --e-global-typography-primary-font-family ), Sans-serif; font-size: var( --e-global-typography-primary-font-size ); font-weight: var( --e-global-typography-primary-font-weight );\">Dr\u017eavna \u0161kola za javnu upravu sudjeluje u provedbi projekta u Republici Albaniji pod nazivom \u201eCapacity Building for Civil Servants of the Public Administration, Including Trainings\/Internships in EU Members State Administrations and Scholarship Scheme -Young Cells&#8221;.<\/span><\/p>\n<p>Projekt se provodi u suradnji s Odjelom za javnu upravu Republike Albanije (eng. DoPA) i \u0160kolom za javnu upravu Republike Albanije (eng. ASPA), te uz stru\u010dnu podr\u0161ku konzorcija sastavljenog od Institut za javnu upravu Republike Francuske (eng. INSP), Sveu\u010dili\u0161ta u Kehlu u Saveznoj Republici Njema\u010dkoj (UASK), Sveu\u010dili\u0161ta u Bologni, regiji Emilia Romagna u Republici Italiji (UNIBO), Dr\u017eavnog centra za javnu i lokalnu upravu Gr\u010dke (EKKDA) te Dr\u017eavne \u0161kole za javnu upravu (D\u0160JU).<\/p>\n<p>Projekt je financiran sredstvima Europske unije u okviru IPA II 2020 instrumenta pretpristupne pomo\u0107i, a projektne aktivnosti usmjerene su ka provedbi sveobuhvatnog programa usavr\u0161avanja kojim \u0107e se oja\u010dati kompetencije ukupno 25 dr\u017eavnih slu\u017ebenika Republike Albanije. Spomenuti program usavr\u0161avanja doprinosi uspostavi mehanizma za razvoj karijera slu\u017ebenika uklju\u010denih u proces pristupanja Republike Albanije Europskoj uniji te se ujedno nastoji pru\u017eiti podr\u0161ka u ostvarenju reforme javne uprave. &nbsp;<\/p>\n<p>U okviru navedenog Young Cells programa predvi\u0111eni su u studijski posjeti te 10-tjedni programi sta\u017eiranja u zemljama \u010dlanicama Europske unije, me\u0111u kojima je i Republika Hrvatska.<\/p>\n<p><strong>Trajanje projekta:&nbsp;<\/strong> 17. velja\u010de 2023. \u2013 16. svibnja 2024.<br><strong>Vrijednost projekta<\/strong>: 699.779,93 EUR<br><strong>Ovaj projekt financira Europska unija.<\/strong><br>Sadr\u017eaj ove publikacije je isklju\u010diva odgovornost projektnih partnera i ni na koji na\u010din se ne mo\u017ee smatrati da odra\u017eava stavove Europske unije.<\/p>\t\t\t\t\t\t<\/div>\n\t\t\t\t<\/div>\n\t\t\t\t<\/div>\n\t\t<div class=\"elementor-element elementor-element-a2e3f6d e-con-full e-flex e-con e-child\" data-id=\"a2e3f6d\" data-element_type=\"container\" data-settings=\"{&quot;background_background&quot;:&quot;classic&quot;,&quot;sticky&quot;:&quot;top&quot;,&quot;sticky_parent&quot;:&quot;yes&quot;,&quot;sticky_offset&quot;:138,&quot;sticky_on&quot;:[&quot;widescreen&quot;,&quot;desktop&quot;,&quot;laptop&quot;,&quot;tablet_extra&quot;,&quot;tablet&quot;,&quot;mobile_extra&quot;,&quot;mobile&quot;],&quot;sticky_effects_offset&quot;:0}\">\n\t\t\t\t<div class=\"elementor-element elementor-element-e162485 elementor-nav-menu--dropdown-none blog-categories-menu elementor-widget elementor-widget-nav-menu\" data-id=\"e162485\" data-element_type=\"widget\" data-settings=\"{&quot;layout&quot;:&quot;vertical&quot;,&quot;submenu_icon&quot;:{&quot;value&quot;:&quot;&lt;i class=\\&quot;fas fa-caret-down\\&quot;&gt;&lt;\\\/i&gt;&quot;,&quot;library&quot;:&quot;fa-solid&quot;}}\" data-widget_type=\"nav-menu.default\">\n\t\t\t\t<div class=\"elementor-widget-container\">\n\t\t\t\t\t\t<nav aria-label=\"Menu\" class=\"elementor-nav-menu--main elementor-nav-menu__container elementor-nav-menu--layout-vertical e--pointer-background e--animation-sweep-right\">\n\t\t\t\t<ul id=\"menu-1-e162485\" class=\"elementor-nav-menu sm-vertical\"><li class=\"menu-item menu-item-type-post_type menu-item-object-page menu-item-10536\"><a href=\"https:\/\/www.dsju.hr\/en\/projekti\/razvoj-kompetencijskog-okvira-za-zaposlene-u-javnoj-upravi\/\" class=\"elementor-item\">Razvoj kompetencijskog okvira za zaposlene u javnoj upravi<\/a><\/li>\n<li class=\"menu-item menu-item-type-post_type menu-item-object-page menu-item-10555\"><a href=\"https:\/\/www.dsju.hr\/en\/projekti\/povecanje-kvalitete-javnih-usluga\/\" class=\"elementor-item\">Pove\u0107anje kvalitete javnih usluga<\/a><\/li>\n<li class=\"menu-item menu-item-type-post_type menu-item-object-page menu-item-10570\"><a href=\"https:\/\/www.dsju.hr\/en\/projekti\/uvodenje-sustava-upravljanja-kvalitetom-u-javnu-upravu-rh\/\" class=\"elementor-item\">Uvo\u0111enje sustava upravljanja kvalitetom u javnu upravu RH<\/a><\/li>\n<li class=\"menu-item menu-item-type-post_type menu-item-object-page menu-item-10586\"><a href=\"https:\/\/www.dsju.hr\/en\/projekti\/development-of-specific-training-programme-for-senior-public-officials-in-croatia\/\" class=\"elementor-item\">Development of specific training programme for senior public officials in Croatia<\/a><\/li>\n<li class=\"menu-item menu-item-type-post_type menu-item-object-page menu-item-13729\"><a href=\"https:\/\/www.dsju.hr\/en\/projekti\/twinning-projekt-strengthening-capacity-institution-public-administration-jordan\/\" class=\"elementor-item\">Twinning projekt \u201eStrengthening the Capacity of the Institution of Public Administration \u2013 Jordan\u201c (Twinning broj: JO 22 NDICI OT 01 23)<\/a><\/li>\n<li class=\"menu-item menu-item-type-post_type menu-item-object-page menu-item-13766\"><a href=\"https:\/\/www.dsju.hr\/en\/projekti\/twinning-projekt-strengthening-the-capacity-of-the-institution-of-public-administration-jordan-twinning-broj-jo-22-ndici-ot-01-23\/\" class=\"elementor-item\">\u201eCapacity Building for Civil Servants of the Public Administration, Including Trainings\/Internships in EU Members State Administrations and Scholarship Scheme -Young Cells&#8221;<\/a><\/li>\n<\/ul>\t\t\t<\/nav>\n\t\t\t\t\t\t<nav class=\"elementor-nav-menu--dropdown elementor-nav-menu__container\" aria-hidden=\"true\">\n\t\t\t\t<ul id=\"menu-2-e162485\" class=\"elementor-nav-menu sm-vertical\"><li class=\"menu-item menu-item-type-post_type menu-item-object-page menu-item-10536\"><a href=\"https:\/\/www.dsju.hr\/en\/projekti\/razvoj-kompetencijskog-okvira-za-zaposlene-u-javnoj-upravi\/\" class=\"elementor-item\" tabindex=\"-1\">Razvoj kompetencijskog okvira za zaposlene u javnoj upravi<\/a><\/li>\n<li class=\"menu-item menu-item-type-post_type menu-item-object-page menu-item-10555\"><a href=\"https:\/\/www.dsju.hr\/en\/projekti\/povecanje-kvalitete-javnih-usluga\/\" class=\"elementor-item\" tabindex=\"-1\">Pove\u0107anje kvalitete javnih usluga<\/a><\/li>\n<li class=\"menu-item menu-item-type-post_type menu-item-object-page menu-item-10570\"><a href=\"https:\/\/www.dsju.hr\/en\/projekti\/uvodenje-sustava-upravljanja-kvalitetom-u-javnu-upravu-rh\/\" class=\"elementor-item\" tabindex=\"-1\">Uvo\u0111enje sustava upravljanja kvalitetom u javnu upravu RH<\/a><\/li>\n<li class=\"menu-item menu-item-type-post_type menu-item-object-page menu-item-10586\"><a href=\"https:\/\/www.dsju.hr\/en\/projekti\/development-of-specific-training-programme-for-senior-public-officials-in-croatia\/\" class=\"elementor-item\" tabindex=\"-1\">Development of specific training programme for senior public officials in Croatia<\/a><\/li>\n<li class=\"menu-item menu-item-type-post_type menu-item-object-page menu-item-13729\"><a href=\"https:\/\/www.dsju.hr\/en\/projekti\/twinning-projekt-strengthening-capacity-institution-public-administration-jordan\/\" class=\"elementor-item\" tabindex=\"-1\">Twinning projekt \u201eStrengthening the Capacity of the Institution of Public Administration \u2013 Jordan\u201c (Twinning broj: JO 22 NDICI OT 01 23)<\/a><\/li>\n<li class=\"menu-item menu-item-type-post_type menu-item-object-page menu-item-13766\"><a href=\"https:\/\/www.dsju.hr\/en\/projekti\/twinning-projekt-strengthening-the-capacity-of-the-institution-of-public-administration-jordan-twinning-broj-jo-22-ndici-ot-01-23\/\" class=\"elementor-item\" tabindex=\"-1\">\u201eCapacity Building for Civil Servants of the Public Administration, Including Trainings\/Internships in EU Members State Administrations and Scholarship Scheme -Young Cells&#8221;<\/a><\/li>\n<\/ul>\t\t\t<\/nav>\n\t\t\t\t<\/div>\n\t\t\t\t<\/div>\n\t\t\t\t<\/div>\n\t\t\t\t\t<\/div>\n\t\t\t\t<\/div>\n\t\t\t\t<\/div>","protected":false},"excerpt":{"rendered":"<p>Dr\u017eavna \u0161kola za javnu upravu sudjeluje u provedbi projekta u Republici Albaniji pod nazivom \u201eCapacity Building for Civil Servants of the Public Administration, Including Trainings\/Internships in EU Members State Administrations [&hellip;]<\/p>","protected":false},"author":9,"featured_media":0,"parent":1528,"menu_order":0,"comment_status":"closed","ping_status":"closed","template":"elementor_header_footer","meta":{"_acf_changed":false,"_tec_requires_first_save":true,"inline_featured_image":false,"_EventAllDay":false,"_EventTimezone":"","_EventStartDate":"","_EventEndDate":"","_EventStartDateUTC":"","_EventEndDateUTC":"","_EventShowMap":false,"_EventShowMapLink":false,"_EventURL":"","_EventCost":"","_EventCostDescription":"","_EventCurrencySymbol":"","_EventCurrencyCode":"","_EventCurrencyPosition":"","_EventDateTimeSeparator":"","_EventTimeRangeSeparator":"","_EventOrganizerID":[],"_EventVenueID":[],"_OrganizerEmail":"","_OrganizerPhone":"","_OrganizerWebsite":"","_VenueAddress":"","_VenueCity":"","_VenueCountry":"","_VenueProvince":"","_VenueState":"","_VenueZip":"","_VenuePhone":"","_VenueURL":"","_VenueStateProvince":"","_VenueLat":"","_VenueLng":"","_VenueShowMap":false,"_VenueShowMapLink":false,"_tribe_blocks_recurrence_rules":"","_tribe_blocks_recurrence_description":"","_tribe_blocks_recurrence_exclusions":"","footnotes":""},"class_list":["post-13756","page","type-page","status-publish","hentry"],"acf":[],"yoast_head":"<!-- This site is optimized with the Yoast SEO plugin v23.4 - https:\/\/yoast.com\/wordpress\/plugins\/seo\/ -->\n<title>\u201eCapacity Building for Civil Servants of the Public Administration, Including Trainings\/Internships in EU Members State Administrations and Scholarship Scheme -Young Cells&quot; - Dr\u017eavna \u0161kola za javnu upravu<\/title>\n<meta name=\"robots\" content=\"index, follow, max-snippet:-1, max-image-preview:large, max-video-preview:-1\" \/>\n<link rel=\"canonical\" href=\"https:\/\/www.dsju.hr\/en\/projekti\/twinning-projekt-strengthening-the-capacity-of-the-institution-of-public-administration-jordan-twinning-broj-jo-22-ndici-ot-01-23\/\" \/>\n<meta property=\"og:locale\" content=\"en_GB\" \/>\n<meta property=\"og:type\" content=\"article\" \/>\n<meta property=\"og:title\" content=\"\u201eCapacity Building for Civil Servants of the Public Administration, Including Trainings\/Internships in EU Members State Administrations and Scholarship Scheme -Young Cells&quot; - Dr\u017eavna \u0161kola za javnu upravu\" \/>\n<meta property=\"og:description\" content=\"Dr\u017eavna \u0161kola za javnu upravu sudjeluje u provedbi projekta u Republici Albaniji pod nazivom \u201eCapacity Building for Civil Servants of the Public Administration, Including Trainings\/Internships in EU Members State Administrations [&hellip;]\" \/>\n<meta property=\"og:url\" content=\"https:\/\/www.dsju.hr\/en\/projekti\/twinning-projekt-strengthening-the-capacity-of-the-institution-of-public-administration-jordan-twinning-broj-jo-22-ndici-ot-01-23\/\" \/>\n<meta property=\"og:site_name\" content=\"Dr\u017eavna \u0161kola za javnu upravu\" \/>\n<meta property=\"article:modified_time\" content=\"2024-03-11T08:44:27+00:00\" \/>\n<meta property=\"og:image\" content=\"https:\/\/www.dsju.hr\/wp-content\/uploads\/2024\/03\/Dizajn-bez-naslova-9.png\" \/>\n<meta name=\"twitter:card\" content=\"summary_large_image\" \/>\n<meta name=\"twitter:label1\" content=\"Estimated reading time\" \/>\n\t<meta name=\"twitter:data1\" content=\"3 minutes\" \/>\n<script type=\"application\/ld+json\" class=\"yoast-schema-graph\">{\"@context\":\"https:\/\/schema.org\",\"@graph\":[{\"@type\":\"WebPage\",\"@id\":\"https:\/\/www.dsju.hr\/projekti\/twinning-projekt-strengthening-the-capacity-of-the-institution-of-public-administration-jordan-twinning-broj-jo-22-ndici-ot-01-23\/\",\"url\":\"https:\/\/www.dsju.hr\/projekti\/twinning-projekt-strengthening-the-capacity-of-the-institution-of-public-administration-jordan-twinning-broj-jo-22-ndici-ot-01-23\/\",\"name\":\"\u201eCapacity Building for Civil Servants of the Public Administration, Including Trainings\/Internships in EU Members State Administrations and Scholarship Scheme -Young Cells\\\" - Dr\u017eavna \u0161kola za javnu upravu\",\"isPartOf\":{\"@id\":\"https:\/\/www.dsju.hr\/#website\"},\"primaryImageOfPage\":{\"@id\":\"https:\/\/www.dsju.hr\/projekti\/twinning-projekt-strengthening-the-capacity-of-the-institution-of-public-administration-jordan-twinning-broj-jo-22-ndici-ot-01-23\/#primaryimage\"},\"image\":{\"@id\":\"https:\/\/www.dsju.hr\/projekti\/twinning-projekt-strengthening-the-capacity-of-the-institution-of-public-administration-jordan-twinning-broj-jo-22-ndici-ot-01-23\/#primaryimage\"},\"thumbnailUrl\":\"https:\/\/www.dsju.hr\/wp-content\/uploads\/2024\/03\/Dizajn-bez-naslova-9.png\",\"datePublished\":\"2024-03-08T11:41:52+00:00\",\"dateModified\":\"2024-03-11T08:44:27+00:00\",\"breadcrumb\":{\"@id\":\"https:\/\/www.dsju.hr\/projekti\/twinning-projekt-strengthening-the-capacity-of-the-institution-of-public-administration-jordan-twinning-broj-jo-22-ndici-ot-01-23\/#breadcrumb\"},\"inLanguage\":\"en-GB\",\"potentialAction\":[{\"@type\":\"ReadAction\",\"target\":[\"https:\/\/www.dsju.hr\/projekti\/twinning-projekt-strengthening-the-capacity-of-the-institution-of-public-administration-jordan-twinning-broj-jo-22-ndici-ot-01-23\/\"]}]},{\"@type\":\"ImageObject\",\"inLanguage\":\"en-GB\",\"@id\":\"https:\/\/www.dsju.hr\/projekti\/twinning-projekt-strengthening-the-capacity-of-the-institution-of-public-administration-jordan-twinning-broj-jo-22-ndici-ot-01-23\/#primaryimage\",\"url\":\"https:\/\/www.dsju.hr\/wp-content\/uploads\/2024\/03\/Dizajn-bez-naslova-9.png\",\"contentUrl\":\"https:\/\/www.dsju.hr\/wp-content\/uploads\/2024\/03\/Dizajn-bez-naslova-9.png\"},{\"@type\":\"BreadcrumbList\",\"@id\":\"https:\/\/www.dsju.hr\/projekti\/twinning-projekt-strengthening-the-capacity-of-the-institution-of-public-administration-jordan-twinning-broj-jo-22-ndici-ot-01-23\/#breadcrumb\",\"itemListElement\":[{\"@type\":\"ListItem\",\"position\":1,\"name\":\"Me\u0111unarodna suradnja i projekti \u00bb Projekti\",\"item\":\"https:\/\/www.dsju.hr\/projekti\/\"},{\"@type\":\"ListItem\",\"position\":2,\"name\":\"\u201eCapacity Building for Civil Servants of the Public Administration, Including Trainings\/Internships in EU Members State Administrations and Scholarship Scheme -Young Cells&#8221;\"}]},{\"@type\":\"WebSite\",\"@id\":\"https:\/\/www.dsju.hr\/#website\",\"url\":\"https:\/\/www.dsju.hr\/\",\"name\":\"Dr\u017eavna \u0161kola za javnu upravu\",\"description\":\"\",\"publisher\":{\"@id\":\"https:\/\/www.dsju.hr\/#organization\"},\"potentialAction\":[{\"@type\":\"SearchAction\",\"target\":{\"@type\":\"EntryPoint\",\"urlTemplate\":\"https:\/\/www.dsju.hr\/?s={search_term_string}\"},\"query-input\":{\"@type\":\"PropertyValueSpecification\",\"valueRequired\":true,\"valueName\":\"search_term_string\"}}],\"inLanguage\":\"en-GB\"},{\"@type\":\"Organization\",\"@id\":\"https:\/\/www.dsju.hr\/#organization\",\"name\":\"Dr\u017eavna \u0161kola za javnu upravu\",\"url\":\"https:\/\/www.dsju.hr\/\",\"logo\":{\"@type\":\"ImageObject\",\"inLanguage\":\"en-GB\",\"@id\":\"https:\/\/www.dsju.hr\/#\/schema\/logo\/image\/\",\"url\":\"https:\/\/www.dsju.hr\/wp-content\/uploads\/2023\/01\/DSJU_logo_white.png\",\"contentUrl\":\"https:\/\/www.dsju.hr\/wp-content\/uploads\/2023\/01\/DSJU_logo_white.png\",\"width\":501,\"height\":182,\"caption\":\"Dr\u017eavna \u0161kola za javnu upravu\"},\"image\":{\"@id\":\"https:\/\/www.dsju.hr\/#\/schema\/logo\/image\/\"}}]}<\/script>\n<!-- \/ Yoast SEO plugin. -->","yoast_head_json":{"title":"\u201eCapacity Building for Civil Servants of the Public Administration, Including Trainings\/Internships in EU Members State Administrations and Scholarship Scheme -Young Cells\" - Dr\u017eavna \u0161kola za javnu upravu","robots":{"index":"index","follow":"follow","max-snippet":"max-snippet:-1","max-image-preview":"max-image-preview:large","max-video-preview":"max-video-preview:-1"},"canonical":"https:\/\/www.dsju.hr\/en\/projekti\/twinning-projekt-strengthening-the-capacity-of-the-institution-of-public-administration-jordan-twinning-broj-jo-22-ndici-ot-01-23\/","og_locale":"en_GB","og_type":"article","og_title":"\u201eCapacity Building for Civil Servants of the Public Administration, Including Trainings\/Internships in EU Members State Administrations and Scholarship Scheme -Young Cells\" - Dr\u017eavna \u0161kola za javnu upravu","og_description":"Dr\u017eavna \u0161kola za javnu upravu sudjeluje u provedbi projekta u Republici Albaniji pod nazivom \u201eCapacity Building for Civil Servants of the Public Administration, Including Trainings\/Internships in EU Members State Administrations [&hellip;]","og_url":"https:\/\/www.dsju.hr\/en\/projekti\/twinning-projekt-strengthening-the-capacity-of-the-institution-of-public-administration-jordan-twinning-broj-jo-22-ndici-ot-01-23\/","og_site_name":"Dr\u017eavna \u0161kola za javnu upravu","article_modified_time":"2024-03-11T08:44:27+00:00","og_image":[{"url":"https:\/\/www.dsju.hr\/wp-content\/uploads\/2024\/03\/Dizajn-bez-naslova-9.png"}],"twitter_card":"summary_large_image","twitter_misc":{"Estimated reading time":"3 minutes"},"schema":{"@context":"https:\/\/schema.org","@graph":[{"@type":"WebPage","@id":"https:\/\/www.dsju.hr\/projekti\/twinning-projekt-strengthening-the-capacity-of-the-institution-of-public-administration-jordan-twinning-broj-jo-22-ndici-ot-01-23\/","url":"https:\/\/www.dsju.hr\/projekti\/twinning-projekt-strengthening-the-capacity-of-the-institution-of-public-administration-jordan-twinning-broj-jo-22-ndici-ot-01-23\/","name":"\u201eCapacity Building for Civil Servants of the Public Administration, Including Trainings\/Internships in EU Members State Administrations and Scholarship Scheme -Young Cells\" - Dr\u017eavna \u0161kola za javnu upravu","isPartOf":{"@id":"https:\/\/www.dsju.hr\/#website"},"primaryImageOfPage":{"@id":"https:\/\/www.dsju.hr\/projekti\/twinning-projekt-strengthening-the-capacity-of-the-institution-of-public-administration-jordan-twinning-broj-jo-22-ndici-ot-01-23\/#primaryimage"},"image":{"@id":"https:\/\/www.dsju.hr\/projekti\/twinning-projekt-strengthening-the-capacity-of-the-institution-of-public-administration-jordan-twinning-broj-jo-22-ndici-ot-01-23\/#primaryimage"},"thumbnailUrl":"https:\/\/www.dsju.hr\/wp-content\/uploads\/2024\/03\/Dizajn-bez-naslova-9.png","datePublished":"2024-03-08T11:41:52+00:00","dateModified":"2024-03-11T08:44:27+00:00","breadcrumb":{"@id":"https:\/\/www.dsju.hr\/projekti\/twinning-projekt-strengthening-the-capacity-of-the-institution-of-public-administration-jordan-twinning-broj-jo-22-ndici-ot-01-23\/#breadcrumb"},"inLanguage":"en-GB","potentialAction":[{"@type":"ReadAction","target":["https:\/\/www.dsju.hr\/projekti\/twinning-projekt-strengthening-the-capacity-of-the-institution-of-public-administration-jordan-twinning-broj-jo-22-ndici-ot-01-23\/"]}]},{"@type":"ImageObject","inLanguage":"en-GB","@id":"https:\/\/www.dsju.hr\/projekti\/twinning-projekt-strengthening-the-capacity-of-the-institution-of-public-administration-jordan-twinning-broj-jo-22-ndici-ot-01-23\/#primaryimage","url":"https:\/\/www.dsju.hr\/wp-content\/uploads\/2024\/03\/Dizajn-bez-naslova-9.png","contentUrl":"https:\/\/www.dsju.hr\/wp-content\/uploads\/2024\/03\/Dizajn-bez-naslova-9.png"},{"@type":"BreadcrumbList","@id":"https:\/\/www.dsju.hr\/projekti\/twinning-projekt-strengthening-the-capacity-of-the-institution-of-public-administration-jordan-twinning-broj-jo-22-ndici-ot-01-23\/#breadcrumb","itemListElement":[{"@type":"ListItem","position":1,"name":"Me\u0111unarodna suradnja i projekti \u00bb Projekti","item":"https:\/\/www.dsju.hr\/projekti\/"},{"@type":"ListItem","position":2,"name":"\u201eCapacity Building for Civil Servants of the Public Administration, Including Trainings\/Internships in EU Members State Administrations and Scholarship Scheme -Young Cells&#8221;"}]},{"@type":"WebSite","@id":"https:\/\/www.dsju.hr\/#website","url":"https:\/\/www.dsju.hr\/","name":"National School for Public Administration","description":"","publisher":{"@id":"https:\/\/www.dsju.hr\/#organization"},"potentialAction":[{"@type":"SearchAction","target":{"@type":"EntryPoint","urlTemplate":"https:\/\/www.dsju.hr\/?s={search_term_string}"},"query-input":{"@type":"PropertyValueSpecification","valueRequired":true,"valueName":"search_term_string"}}],"inLanguage":"en-GB"},{"@type":"Organization","@id":"https:\/\/www.dsju.hr\/#organization","name":"National School for Public Administration","url":"https:\/\/www.dsju.hr\/","logo":{"@type":"ImageObject","inLanguage":"en-GB","@id":"https:\/\/www.dsju.hr\/#\/schema\/logo\/image\/","url":"https:\/\/www.dsju.hr\/wp-content\/uploads\/2023\/01\/DSJU_logo_white.png","contentUrl":"https:\/\/www.dsju.hr\/wp-content\/uploads\/2023\/01\/DSJU_logo_white.png","width":501,"height":182,"caption":"Dr\u017eavna \u0161kola za javnu upravu"},"image":{"@id":"https:\/\/www.dsju.hr\/#\/schema\/logo\/image\/"}}]}},"_links":{"self":[{"href":"https:\/\/www.dsju.hr\/en\/wp-json\/wp\/v2\/pages\/13756","targetHints":{"allow":["GET"]}}],"collection":[{"href":"https:\/\/www.dsju.hr\/en\/wp-json\/wp\/v2\/pages"}],"about":[{"href":"https:\/\/www.dsju.hr\/en\/wp-json\/wp\/v2\/types\/page"}],"author":[{"embeddable":true,"href":"https:\/\/www.dsju.hr\/en\/wp-json\/wp\/v2\/users\/9"}],"replies":[{"embeddable":true,"href":"https:\/\/www.dsju.hr\/en\/wp-json\/wp\/v2\/comments?post=13756"}],"version-history":[{"count":36,"href":"https:\/\/www.dsju.hr\/en\/wp-json\/wp\/v2\/pages\/13756\/revisions"}],"predecessor-version":[{"id":13813,"href":"https:\/\/www.dsju.hr\/en\/wp-json\/wp\/v2\/pages\/13756\/revisions\/13813"}],"up":[{"embeddable":true,"href":"https:\/\/www.dsju.hr\/en\/wp-json\/wp\/v2\/pages\/1528"}],"wp:attachment":[{"href":"https:\/\/www.dsju.hr\/en\/wp-json\/wp\/v2\/media?parent=13756"}],"curies":[{"name":"wp","href":"https:\/\/api.w.org\/{rel}","templated":true}]}}