{"id":13719,"date":"2024-03-05T14:37:16","date_gmt":"2024-03-05T13:37:16","guid":{"rendered":"https:\/\/www.dsju.hr\/?page_id=13719"},"modified":"2024-03-14T14:09:54","modified_gmt":"2024-03-14T13:09:54","slug":"twinning-projekt-strengthening-capacity-institution-public-administration-jordan","status":"publish","type":"page","link":"https:\/\/www.dsju.hr\/en\/projekti\/twinning-projekt-strengthening-capacity-institution-public-administration-jordan\/","title":{"rendered":"Twinning projekt \u201eStrengthening the Capacity of the Institution of Public Administration \u2013 Jordan\u201c (Twinning broj: JO 22 NDICI OT 01 23)"},"content":{"rendered":"<div data-elementor-type=\"wp-page\" data-elementor-id=\"13719\" class=\"elementor elementor-13719\" data-elementor-post-type=\"page\">\n\t\t\t\t<div class=\"elementor-element elementor-element-0cdeb02 e-flex e-con-boxed e-con e-parent\" data-id=\"0cdeb02\" data-element_type=\"container\">\n\t\t\t\t\t<div class=\"e-con-inner\">\n\t\t<div class=\"elementor-element elementor-element-72f774e e-con-full e-flex e-con e-child\" data-id=\"72f774e\" data-element_type=\"container\">\n\t\t\t\t<div class=\"elementor-element elementor-element-6639c76 elementor-align-left elementor-widget elementor-widget-breadcrumbs\" data-id=\"6639c76\" data-element_type=\"widget\" data-widget_type=\"breadcrumbs.default\">\n\t\t\t\t<div class=\"elementor-widget-container\">\n\t\t\t<p id=\"breadcrumbs\"><\/p>\t\t<\/div>\n\t\t\t\t<\/div>\n\t\t\t\t<\/div>\n\t\t\t\t\t<\/div>\n\t\t\t\t<\/div>\n\t\t<div class=\"elementor-element elementor-element-5d35c4b e-flex e-con-boxed e-con e-parent\" data-id=\"5d35c4b\" data-element_type=\"container\" data-settings=\"{&quot;background_background&quot;:&quot;classic&quot;}\">\n\t\t\t\t\t<div class=\"e-con-inner\">\n\t\t\t\t<div class=\"elementor-element elementor-element-4985a2e elementor-widget__width-initial elementor-widget elementor-widget-theme-post-title elementor-page-title elementor-widget-heading\" data-id=\"4985a2e\" data-element_type=\"widget\" data-widget_type=\"theme-post-title.default\">\n\t\t\t\t<div class=\"elementor-widget-container\">\n\t\t\t<h1 class=\"elementor-heading-title elementor-size-default\">Twinning projekt \u201eStrengthening the Capacity of the Institution of Public Administration \u2013 Jordan\u201c (Twinning broj: JO 22 NDICI OT 01 23)<\/h1>\t\t<\/div>\n\t\t\t\t<\/div>\n\t\t\t\t\t<\/div>\n\t\t\t\t<\/div>\n\t\t<div class=\"elementor-element elementor-element-053c87b e-flex e-con-boxed e-con e-parent\" data-id=\"053c87b\" data-element_type=\"container\">\n\t\t\t\t\t<div class=\"e-con-inner\">\n\t\t<div class=\"elementor-element elementor-element-a203a86 e-con-full e-flex e-con e-child\" data-id=\"a203a86\" data-element_type=\"container\">\n\t\t\t\t<div class=\"elementor-element elementor-element-4d8ff64 elementor-widget elementor-widget-text-editor\" data-id=\"4d8ff64\" data-element_type=\"widget\" data-widget_type=\"text-editor.default\">\n\t\t\t\t<div class=\"elementor-widget-container\">\n\t\t\t\t\t\t\t<p>Dr\u017eavnoj \u0161koli za javnu upravu dodijeljen je ugovor za provedbu Twinning projekta \u201eStrengthening the Capacity of the Institution of Public Administration \u2013 Jordan\u201c u Ha\u0161emitskoj Kraljevini Jordan. Dr\u017eavna \u0161kola za javnu upravu jedna je od \u010dlanica konzorcija odgovornog za provedbu ovog Twinning projekta te, uz Savezno Ministarstvo gospodarstva i energije Savezne Republike Njema\u010dke,\u00a0 ima ulogu sudjeluju\u0107eg partnera (eng. Member State Junior Partners) dok je HAUS (eng. Finnish Institute of Public Management) vode\u0107i partner na projektu. Krajnji korisnik projekta je Institut za javnu upravu (eng. IPA) Ha\u0161emitske Kraljevine Jordan, institucija \u010dija je uloga pru\u017eanje usluga izobrazbe te ja\u010danje i razvoj kapaciteta javne uprave u Ha\u0161emitskoj Kraljevini Jordan.<\/p>\n<p><!-- wp:paragraph --><\/p>\n<p>Twinning je jedan od glavnih alata Europske unije za administrativnu suradnju izme\u0111u tijela javne uprave dr\u017eave korisnice i tijela javne uprave dr\u017eave \u010dlanice EU. Obzirom da uklju\u010duje neposrednu suradnju sli\u010dnih institucija, Twinning omogu\u0107uje stvaranje dodane vrijednosti u javnom sektoru koja se ne mo\u017ee o\u010dekivati od druge vrste projekata. Twinning projekt \u201e<em>Strengthening the Capacity of the Institution of Public Administration \u2013 Jordan<\/em>\u201c provodi se u okviru programa <em>Partnership Implementation Facility (Sharaka)<\/em> koji doprinosi ostvarenju prioriteta sporazuma o partnerstvu Jordana i Europske unije.<\/p>\n<p><!-- \/wp:paragraph --><!-- wp:paragraph --><\/p>\n<p><strong>Op\u0107i cilj projekta<\/strong><br \/>Op\u0107i cilj projekta je pru\u017eanje podr\u0161ke Institutu za javnu upravu (eng. IPA) Ha\u0161emitske Kraljevine Jordan s ciljem osiguravanja daljnjeg ja\u010danja kapaciteta javne uprave Ha\u0161emitske Kraljevine Jordan u skladu s najboljim me\u0111unarodnim i europskim praksama.<\/p>\n<p><!-- \/wp:paragraph --><!-- wp:paragraph --><\/p>\n<p><strong>Specifi\u010dni cilj projekta<br \/><\/strong>Specifi\u010dni cilj projekta je unaprijediti kapacitete Instituta za javnu upravu Ha\u0161emitske Kraljevine Jordan (eng. IPA) kroz pobolj\u0161anje kvalitete pru\u017eenih usluga, izobrazbe i razvoja te kori\u0161tenjem svih raspolo\u017eivih mogu\u0107nosti koje pru\u017ea digitalizacija.<\/p>\n<p><!-- \/wp:paragraph --><!-- wp:paragraph --><\/p>\n<p><!-- \/wp:paragraph --><!-- wp:paragraph --><\/p>\n<p><strong>O\u010dekivani rezultati<br \/><\/strong>Rezultati projekta ostvarit \u0107e se provedom aktivnosti koje su sastavni dio dviju komponenti projekta koje se odnose na unapre\u0111enje aktivnosti u\u010denja i razvoja Instituta za javnu upravu te razvoj metodologija za evaluaciju u\u010dinka IPA programa izobrazbe.<\/p>\n<p><!-- \/wp:paragraph --><!-- wp:paragraph --><\/p>\n<p><!-- \/wp:paragraph --><!-- wp:paragraph --><\/p>\n<p>Provedbom projektnih aktivnosti ostvarit \u0107e se sljede\u0107e aktivnosti:<\/p>\n<p><!-- \/wp:paragraph --><!-- wp:list --><\/p>\n<ul><!-- wp:list-item -->\n<li>Analiza potreba za izobrazbom<\/li>\n<!-- \/wp:list-item --><!-- wp:list-item -->\n<li>Revizija programa izobrazbe i napre\u0111enje metodologije uz naglasak na kori\u0161tenje blended u\u010denja i e-u\u010denja<\/li>\n<!-- \/wp:list-item --><!-- wp:list-item -->\n<li>Unapre\u0111enje sustava za odabir trenera<\/li>\n<!-- \/wp:list-item --><!-- wp:list-item -->\n<li>Unapre\u0111enje alata za evaluaciju programa izobrazbe<\/li>\n<!-- \/wp:list-item --><!-- wp:list-item -->\n<li>Preporuke za procjena u\u010dinka\u00a0 programa izobrazbe<\/li>\n<!-- \/wp:list-item --><\/ul>\n<p><!-- \/wp:list --><!-- wp:paragraph --><\/p>\n<p><strong>Trajanje projekta:\u00a0<\/strong>25. velja\u010de 2024. \u2013 25. velja\u010de 2026.<br \/><br \/><strong>Vrijednost projekta<\/strong>: 1.800.000,00 EUR<\/p>\n<p><!-- \/wp:paragraph --><!-- wp:paragraph --><\/p>\n<p><strong>Ovaj projekt financira Europska unija.<\/strong><br \/>Sadr\u017eaj ove publikacije je isklju\u010diva odgovornost twinning projektnih partnera i ni na koji na\u010din se ne mo\u017ee smatrati da odra\u017eava stavove Europske unije.<\/p>\n<p><!-- \/wp:paragraph --><\/p>\t\t\t\t\t\t<\/div>\n\t\t\t\t<\/div>\n\t\t\t\t<\/div>\n\t\t<div class=\"elementor-element elementor-element-a2e3f6d e-con-full e-flex e-con e-child\" data-id=\"a2e3f6d\" data-element_type=\"container\" data-settings=\"{&quot;background_background&quot;:&quot;classic&quot;,&quot;sticky&quot;:&quot;top&quot;,&quot;sticky_parent&quot;:&quot;yes&quot;,&quot;sticky_offset&quot;:138,&quot;sticky_on&quot;:[&quot;widescreen&quot;,&quot;desktop&quot;,&quot;laptop&quot;,&quot;tablet_extra&quot;,&quot;tablet&quot;,&quot;mobile_extra&quot;,&quot;mobile&quot;],&quot;sticky_effects_offset&quot;:0}\">\n\t\t\t\t<div class=\"elementor-element elementor-element-e162485 elementor-nav-menu--dropdown-none blog-categories-menu elementor-widget elementor-widget-nav-menu\" data-id=\"e162485\" data-element_type=\"widget\" data-settings=\"{&quot;layout&quot;:&quot;vertical&quot;,&quot;submenu_icon&quot;:{&quot;value&quot;:&quot;&lt;i class=\\&quot;fas fa-caret-down\\&quot;&gt;&lt;\\\/i&gt;&quot;,&quot;library&quot;:&quot;fa-solid&quot;}}\" data-widget_type=\"nav-menu.default\">\n\t\t\t\t<div class=\"elementor-widget-container\">\n\t\t\t\t\t\t<nav aria-label=\"Menu\" class=\"elementor-nav-menu--main elementor-nav-menu__container elementor-nav-menu--layout-vertical e--pointer-background e--animation-sweep-right\">\n\t\t\t\t<ul id=\"menu-1-e162485\" class=\"elementor-nav-menu sm-vertical\"><li class=\"menu-item menu-item-type-post_type menu-item-object-page menu-item-10536\"><a href=\"https:\/\/www.dsju.hr\/en\/projekti\/razvoj-kompetencijskog-okvira-za-zaposlene-u-javnoj-upravi\/\" class=\"elementor-item\">Razvoj kompetencijskog okvira za zaposlene u javnoj upravi<\/a><\/li>\n<li class=\"menu-item menu-item-type-post_type menu-item-object-page menu-item-10555\"><a href=\"https:\/\/www.dsju.hr\/en\/projekti\/povecanje-kvalitete-javnih-usluga\/\" class=\"elementor-item\">Pove\u0107anje kvalitete javnih usluga<\/a><\/li>\n<li class=\"menu-item menu-item-type-post_type menu-item-object-page menu-item-10570\"><a href=\"https:\/\/www.dsju.hr\/en\/projekti\/uvodenje-sustava-upravljanja-kvalitetom-u-javnu-upravu-rh\/\" class=\"elementor-item\">Uvo\u0111enje sustava upravljanja kvalitetom u javnu upravu RH<\/a><\/li>\n<li class=\"menu-item menu-item-type-post_type menu-item-object-page menu-item-10586\"><a href=\"https:\/\/www.dsju.hr\/en\/projekti\/development-of-specific-training-programme-for-senior-public-officials-in-croatia\/\" class=\"elementor-item\">Development of specific training programme for senior public officials in Croatia<\/a><\/li>\n<li class=\"menu-item menu-item-type-post_type menu-item-object-page menu-item-13729\"><a href=\"https:\/\/www.dsju.hr\/en\/projekti\/twinning-projekt-strengthening-capacity-institution-public-administration-jordan\/\" class=\"elementor-item\">Twinning projekt \u201eStrengthening the Capacity of the Institution of Public Administration \u2013 Jordan\u201c (Twinning broj: JO 22 NDICI OT 01 23)<\/a><\/li>\n<li class=\"menu-item menu-item-type-post_type menu-item-object-page menu-item-13766\"><a href=\"https:\/\/www.dsju.hr\/en\/projekti\/twinning-projekt-strengthening-the-capacity-of-the-institution-of-public-administration-jordan-twinning-broj-jo-22-ndici-ot-01-23\/\" class=\"elementor-item\">\u201eCapacity Building for Civil Servants of the Public Administration, Including Trainings\/Internships in EU Members State Administrations and Scholarship Scheme -Young Cells&#8221;<\/a><\/li>\n<\/ul>\t\t\t<\/nav>\n\t\t\t\t\t\t<nav class=\"elementor-nav-menu--dropdown elementor-nav-menu__container\" aria-hidden=\"true\">\n\t\t\t\t<ul id=\"menu-2-e162485\" class=\"elementor-nav-menu sm-vertical\"><li class=\"menu-item menu-item-type-post_type menu-item-object-page menu-item-10536\"><a href=\"https:\/\/www.dsju.hr\/en\/projekti\/razvoj-kompetencijskog-okvira-za-zaposlene-u-javnoj-upravi\/\" class=\"elementor-item\" tabindex=\"-1\">Razvoj kompetencijskog okvira za zaposlene u javnoj upravi<\/a><\/li>\n<li class=\"menu-item menu-item-type-post_type menu-item-object-page menu-item-10555\"><a href=\"https:\/\/www.dsju.hr\/en\/projekti\/povecanje-kvalitete-javnih-usluga\/\" class=\"elementor-item\" tabindex=\"-1\">Pove\u0107anje kvalitete javnih usluga<\/a><\/li>\n<li class=\"menu-item menu-item-type-post_type menu-item-object-page menu-item-10570\"><a href=\"https:\/\/www.dsju.hr\/en\/projekti\/uvodenje-sustava-upravljanja-kvalitetom-u-javnu-upravu-rh\/\" class=\"elementor-item\" tabindex=\"-1\">Uvo\u0111enje sustava upravljanja kvalitetom u javnu upravu RH<\/a><\/li>\n<li class=\"menu-item menu-item-type-post_type menu-item-object-page menu-item-10586\"><a href=\"https:\/\/www.dsju.hr\/en\/projekti\/development-of-specific-training-programme-for-senior-public-officials-in-croatia\/\" class=\"elementor-item\" tabindex=\"-1\">Development of specific training programme for senior public officials in Croatia<\/a><\/li>\n<li class=\"menu-item menu-item-type-post_type menu-item-object-page menu-item-13729\"><a href=\"https:\/\/www.dsju.hr\/en\/projekti\/twinning-projekt-strengthening-capacity-institution-public-administration-jordan\/\" class=\"elementor-item\" tabindex=\"-1\">Twinning projekt \u201eStrengthening the Capacity of the Institution of Public Administration \u2013 Jordan\u201c (Twinning broj: JO 22 NDICI OT 01 23)<\/a><\/li>\n<li class=\"menu-item menu-item-type-post_type menu-item-object-page menu-item-13766\"><a href=\"https:\/\/www.dsju.hr\/en\/projekti\/twinning-projekt-strengthening-the-capacity-of-the-institution-of-public-administration-jordan-twinning-broj-jo-22-ndici-ot-01-23\/\" class=\"elementor-item\" tabindex=\"-1\">\u201eCapacity Building for Civil Servants of the Public Administration, Including Trainings\/Internships in EU Members State Administrations and Scholarship Scheme -Young Cells&#8221;<\/a><\/li>\n<\/ul>\t\t\t<\/nav>\n\t\t\t\t<\/div>\n\t\t\t\t<\/div>\n\t\t\t\t<\/div>\n\t\t\t\t\t<\/div>\n\t\t\t\t<\/div>\n\t\t\t\t<\/div>","protected":false},"excerpt":{"rendered":"<p>Dr\u017eavnoj \u0161koli za javnu upravu dodijeljen je ugovor za provedbu Twinning projekta \u201eStrengthening the Capacity of the Institution of Public Administration \u2013 Jordan\u201c u Ha\u0161emitskoj Kraljevini Jordan. Dr\u017eavna \u0161kola za [&hellip;]<\/p>","protected":false},"author":9,"featured_media":0,"parent":1528,"menu_order":0,"comment_status":"closed","ping_status":"closed","template":"elementor_header_footer","meta":{"_acf_changed":false,"_tec_requires_first_save":true,"inline_featured_image":false,"_EventAllDay":false,"_EventTimezone":"","_EventStartDate":"","_EventEndDate":"","_EventStartDateUTC":"","_EventEndDateUTC":"","_EventShowMap":false,"_EventShowMapLink":false,"_EventURL":"","_EventCost":"","_EventCostDescription":"","_EventCurrencySymbol":"","_EventCurrencyCode":"","_EventCurrencyPosition":"","_EventDateTimeSeparator":"","_EventTimeRangeSeparator":"","_EventOrganizerID":[],"_EventVenueID":[],"_OrganizerEmail":"","_OrganizerPhone":"","_OrganizerWebsite":"","_VenueAddress":"","_VenueCity":"","_VenueCountry":"","_VenueProvince":"","_VenueState":"","_VenueZip":"","_VenuePhone":"","_VenueURL":"","_VenueStateProvince":"","_VenueLat":"","_VenueLng":"","_VenueShowMap":false,"_VenueShowMapLink":false,"_tribe_blocks_recurrence_rules":"","_tribe_blocks_recurrence_description":"","_tribe_blocks_recurrence_exclusions":"","footnotes":""},"class_list":["post-13719","page","type-page","status-publish","hentry"],"acf":[],"yoast_head":"<!-- This site is optimized with the Yoast SEO plugin v23.4 - https:\/\/yoast.com\/wordpress\/plugins\/seo\/ -->\n<title>Twinning projekt \u201eStrengthening the Capacity of the Institution of Public Administration \u2013 Jordan\u201c (Twinning broj: JO 22 NDICI OT 01 23) - Dr\u017eavna \u0161kola za javnu upravu<\/title>\n<meta name=\"robots\" content=\"index, follow, max-snippet:-1, max-image-preview:large, max-video-preview:-1\" \/>\n<link rel=\"canonical\" href=\"https:\/\/www.dsju.hr\/en\/projekti\/twinning-projekt-strengthening-capacity-institution-public-administration-jordan\/\" \/>\n<meta property=\"og:locale\" content=\"en_GB\" \/>\n<meta property=\"og:type\" content=\"article\" \/>\n<meta property=\"og:title\" content=\"Twinning projekt \u201eStrengthening the Capacity of the Institution of Public Administration \u2013 Jordan\u201c (Twinning broj: JO 22 NDICI OT 01 23) - Dr\u017eavna \u0161kola za javnu upravu\" \/>\n<meta property=\"og:description\" content=\"Dr\u017eavnoj \u0161koli za javnu upravu dodijeljen je ugovor za provedbu Twinning projekta \u201eStrengthening the Capacity of the Institution of Public Administration \u2013 Jordan\u201c u Ha\u0161emitskoj Kraljevini Jordan. Dr\u017eavna \u0161kola za [&hellip;]\" \/>\n<meta property=\"og:url\" content=\"https:\/\/www.dsju.hr\/en\/projekti\/twinning-projekt-strengthening-capacity-institution-public-administration-jordan\/\" \/>\n<meta property=\"og:site_name\" content=\"Dr\u017eavna \u0161kola za javnu upravu\" \/>\n<meta property=\"article:modified_time\" content=\"2024-03-14T13:09:54+00:00\" \/>\n<meta property=\"og:image\" content=\"https:\/\/www.dsju.hr\/wp-content\/uploads\/2024\/08\/meta-image.png\" \/>\n\t<meta property=\"og:image:width\" content=\"1200\" \/>\n\t<meta property=\"og:image:height\" content=\"628\" \/>\n\t<meta property=\"og:image:type\" content=\"image\/png\" \/>\n<meta name=\"twitter:card\" content=\"summary_large_image\" \/>\n<meta name=\"twitter:label1\" content=\"Estimated reading time\" \/>\n\t<meta name=\"twitter:data1\" content=\"3 minutes\" \/>\n<script type=\"application\/ld+json\" class=\"yoast-schema-graph\">{\"@context\":\"https:\/\/schema.org\",\"@graph\":[{\"@type\":\"WebPage\",\"@id\":\"https:\/\/www.dsju.hr\/projekti\/twinning-projekt-strengthening-capacity-institution-public-administration-jordan\/\",\"url\":\"https:\/\/www.dsju.hr\/projekti\/twinning-projekt-strengthening-capacity-institution-public-administration-jordan\/\",\"name\":\"Twinning projekt \u201eStrengthening the Capacity of the Institution of Public Administration \u2013 Jordan\u201c (Twinning broj: JO 22 NDICI OT 01 23) - Dr\u017eavna \u0161kola za javnu upravu\",\"isPartOf\":{\"@id\":\"https:\/\/www.dsju.hr\/#website\"},\"datePublished\":\"2024-03-05T13:37:16+00:00\",\"dateModified\":\"2024-03-14T13:09:54+00:00\",\"breadcrumb\":{\"@id\":\"https:\/\/www.dsju.hr\/projekti\/twinning-projekt-strengthening-capacity-institution-public-administration-jordan\/#breadcrumb\"},\"inLanguage\":\"en-GB\",\"potentialAction\":[{\"@type\":\"ReadAction\",\"target\":[\"https:\/\/www.dsju.hr\/projekti\/twinning-projekt-strengthening-capacity-institution-public-administration-jordan\/\"]}]},{\"@type\":\"BreadcrumbList\",\"@id\":\"https:\/\/www.dsju.hr\/projekti\/twinning-projekt-strengthening-capacity-institution-public-administration-jordan\/#breadcrumb\",\"itemListElement\":[{\"@type\":\"ListItem\",\"position\":1,\"name\":\"Me\u0111unarodna suradnja i projekti \u00bb Projekti\",\"item\":\"https:\/\/www.dsju.hr\/projekti\/\"},{\"@type\":\"ListItem\",\"position\":2,\"name\":\"Twinning projekt \u201eStrengthening the Capacity of the Institution of Public Administration \u2013 Jordan\u201c (Twinning broj: JO 22 NDICI OT 01 23)\"}]},{\"@type\":\"WebSite\",\"@id\":\"https:\/\/www.dsju.hr\/#website\",\"url\":\"https:\/\/www.dsju.hr\/\",\"name\":\"Dr\u017eavna \u0161kola za javnu upravu\",\"description\":\"\",\"publisher\":{\"@id\":\"https:\/\/www.dsju.hr\/#organization\"},\"potentialAction\":[{\"@type\":\"SearchAction\",\"target\":{\"@type\":\"EntryPoint\",\"urlTemplate\":\"https:\/\/www.dsju.hr\/?s={search_term_string}\"},\"query-input\":{\"@type\":\"PropertyValueSpecification\",\"valueRequired\":true,\"valueName\":\"search_term_string\"}}],\"inLanguage\":\"en-GB\"},{\"@type\":\"Organization\",\"@id\":\"https:\/\/www.dsju.hr\/#organization\",\"name\":\"Dr\u017eavna \u0161kola za javnu upravu\",\"url\":\"https:\/\/www.dsju.hr\/\",\"logo\":{\"@type\":\"ImageObject\",\"inLanguage\":\"en-GB\",\"@id\":\"https:\/\/www.dsju.hr\/#\/schema\/logo\/image\/\",\"url\":\"https:\/\/www.dsju.hr\/wp-content\/uploads\/2023\/01\/DSJU_logo_white.png\",\"contentUrl\":\"https:\/\/www.dsju.hr\/wp-content\/uploads\/2023\/01\/DSJU_logo_white.png\",\"width\":501,\"height\":182,\"caption\":\"Dr\u017eavna \u0161kola za javnu upravu\"},\"image\":{\"@id\":\"https:\/\/www.dsju.hr\/#\/schema\/logo\/image\/\"}}]}<\/script>\n<!-- \/ Yoast SEO plugin. -->","yoast_head_json":{"title":"Twinning projekt \u201eStrengthening the Capacity of the Institution of Public Administration \u2013 Jordan\u201c (Twinning broj: JO 22 NDICI OT 01 23) - Dr\u017eavna \u0161kola za javnu upravu","robots":{"index":"index","follow":"follow","max-snippet":"max-snippet:-1","max-image-preview":"max-image-preview:large","max-video-preview":"max-video-preview:-1"},"canonical":"https:\/\/www.dsju.hr\/en\/projekti\/twinning-projekt-strengthening-capacity-institution-public-administration-jordan\/","og_locale":"en_GB","og_type":"article","og_title":"Twinning projekt \u201eStrengthening the Capacity of the Institution of Public Administration \u2013 Jordan\u201c (Twinning broj: JO 22 NDICI OT 01 23) - Dr\u017eavna \u0161kola za javnu upravu","og_description":"Dr\u017eavnoj \u0161koli za javnu upravu dodijeljen je ugovor za provedbu Twinning projekta \u201eStrengthening the Capacity of the Institution of Public Administration \u2013 Jordan\u201c u Ha\u0161emitskoj Kraljevini Jordan. Dr\u017eavna \u0161kola za [&hellip;]","og_url":"https:\/\/www.dsju.hr\/en\/projekti\/twinning-projekt-strengthening-capacity-institution-public-administration-jordan\/","og_site_name":"Dr\u017eavna \u0161kola za javnu upravu","article_modified_time":"2024-03-14T13:09:54+00:00","og_image":[{"width":1200,"height":628,"url":"https:\/\/www.dsju.hr\/wp-content\/uploads\/2024\/08\/meta-image.png","type":"image\/png"}],"twitter_card":"summary_large_image","twitter_misc":{"Estimated reading time":"3 minutes"},"schema":{"@context":"https:\/\/schema.org","@graph":[{"@type":"WebPage","@id":"https:\/\/www.dsju.hr\/projekti\/twinning-projekt-strengthening-capacity-institution-public-administration-jordan\/","url":"https:\/\/www.dsju.hr\/projekti\/twinning-projekt-strengthening-capacity-institution-public-administration-jordan\/","name":"Twinning projekt \u201eStrengthening the Capacity of the Institution of Public Administration \u2013 Jordan\u201c (Twinning broj: JO 22 NDICI OT 01 23) - Dr\u017eavna \u0161kola za javnu upravu","isPartOf":{"@id":"https:\/\/www.dsju.hr\/#website"},"datePublished":"2024-03-05T13:37:16+00:00","dateModified":"2024-03-14T13:09:54+00:00","breadcrumb":{"@id":"https:\/\/www.dsju.hr\/projekti\/twinning-projekt-strengthening-capacity-institution-public-administration-jordan\/#breadcrumb"},"inLanguage":"en-GB","potentialAction":[{"@type":"ReadAction","target":["https:\/\/www.dsju.hr\/projekti\/twinning-projekt-strengthening-capacity-institution-public-administration-jordan\/"]}]},{"@type":"BreadcrumbList","@id":"https:\/\/www.dsju.hr\/projekti\/twinning-projekt-strengthening-capacity-institution-public-administration-jordan\/#breadcrumb","itemListElement":[{"@type":"ListItem","position":1,"name":"Me\u0111unarodna suradnja i projekti \u00bb Projekti","item":"https:\/\/www.dsju.hr\/projekti\/"},{"@type":"ListItem","position":2,"name":"Twinning projekt \u201eStrengthening the Capacity of the Institution of Public Administration \u2013 Jordan\u201c (Twinning broj: JO 22 NDICI OT 01 23)"}]},{"@type":"WebSite","@id":"https:\/\/www.dsju.hr\/#website","url":"https:\/\/www.dsju.hr\/","name":"National School for Public Administration","description":"","publisher":{"@id":"https:\/\/www.dsju.hr\/#organization"},"potentialAction":[{"@type":"SearchAction","target":{"@type":"EntryPoint","urlTemplate":"https:\/\/www.dsju.hr\/?s={search_term_string}"},"query-input":{"@type":"PropertyValueSpecification","valueRequired":true,"valueName":"search_term_string"}}],"inLanguage":"en-GB"},{"@type":"Organization","@id":"https:\/\/www.dsju.hr\/#organization","name":"National School for Public Administration","url":"https:\/\/www.dsju.hr\/","logo":{"@type":"ImageObject","inLanguage":"en-GB","@id":"https:\/\/www.dsju.hr\/#\/schema\/logo\/image\/","url":"https:\/\/www.dsju.hr\/wp-content\/uploads\/2023\/01\/DSJU_logo_white.png","contentUrl":"https:\/\/www.dsju.hr\/wp-content\/uploads\/2023\/01\/DSJU_logo_white.png","width":501,"height":182,"caption":"Dr\u017eavna \u0161kola za javnu upravu"},"image":{"@id":"https:\/\/www.dsju.hr\/#\/schema\/logo\/image\/"}}]}},"_links":{"self":[{"href":"https:\/\/www.dsju.hr\/en\/wp-json\/wp\/v2\/pages\/13719","targetHints":{"allow":["GET"]}}],"collection":[{"href":"https:\/\/www.dsju.hr\/en\/wp-json\/wp\/v2\/pages"}],"about":[{"href":"https:\/\/www.dsju.hr\/en\/wp-json\/wp\/v2\/types\/page"}],"author":[{"embeddable":true,"href":"https:\/\/www.dsju.hr\/en\/wp-json\/wp\/v2\/users\/9"}],"replies":[{"embeddable":true,"href":"https:\/\/www.dsju.hr\/en\/wp-json\/wp\/v2\/comments?post=13719"}],"version-history":[{"count":16,"href":"https:\/\/www.dsju.hr\/en\/wp-json\/wp\/v2\/pages\/13719\/revisions"}],"predecessor-version":[{"id":13833,"href":"https:\/\/www.dsju.hr\/en\/wp-json\/wp\/v2\/pages\/13719\/revisions\/13833"}],"up":[{"embeddable":true,"href":"https:\/\/www.dsju.hr\/en\/wp-json\/wp\/v2\/pages\/1528"}],"wp:attachment":[{"href":"https:\/\/www.dsju.hr\/en\/wp-json\/wp\/v2\/media?parent=13719"}],"curies":[{"name":"wp","href":"https:\/\/api.w.org\/{rel}","templated":true}]}}