{"id":10571,"date":"2023-10-21T15:20:17","date_gmt":"2023-10-21T13:20:17","guid":{"rendered":"https:\/\/www.dsju.hr\/?page_id=10571"},"modified":"2023-12-08T16:15:12","modified_gmt":"2023-12-08T15:15:12","slug":"development-of-specific-training-programme-for-senior-public-officials-in-croatia","status":"publish","type":"page","link":"https:\/\/www.dsju.hr\/en\/projekti\/development-of-specific-training-programme-for-senior-public-officials-in-croatia\/","title":{"rendered":"Development of specific training programme for senior public officials in Croatia"},"content":{"rendered":"<div data-elementor-type=\"wp-page\" data-elementor-id=\"10571\" class=\"elementor elementor-10571\" data-elementor-post-type=\"page\">\n\t\t\t\t<div class=\"elementor-element elementor-element-399c043 e-flex e-con-boxed e-con e-parent\" data-id=\"399c043\" data-element_type=\"container\">\n\t\t\t\t\t<div class=\"e-con-inner\">\n\t\t<div class=\"elementor-element elementor-element-b7d16cd e-con-full e-flex e-con e-child\" data-id=\"b7d16cd\" data-element_type=\"container\">\n\t\t\t\t<div class=\"elementor-element elementor-element-6c4f4bc elementor-align-left elementor-widget elementor-widget-breadcrumbs\" data-id=\"6c4f4bc\" data-element_type=\"widget\" data-widget_type=\"breadcrumbs.default\">\n\t\t\t\t<div class=\"elementor-widget-container\">\n\t\t\t<p id=\"breadcrumbs\"><\/p>\t\t<\/div>\n\t\t\t\t<\/div>\n\t\t\t\t<\/div>\n\t\t\t\t\t<\/div>\n\t\t\t\t<\/div>\n\t\t<div class=\"elementor-element elementor-element-a64300f e-flex e-con-boxed e-con e-parent\" data-id=\"a64300f\" data-element_type=\"container\" data-settings=\"{&quot;background_background&quot;:&quot;classic&quot;}\">\n\t\t\t\t\t<div class=\"e-con-inner\">\n\t\t\t\t<div class=\"elementor-element elementor-element-3e4b266 elementor-widget__width-initial elementor-widget elementor-widget-heading\" data-id=\"3e4b266\" data-element_type=\"widget\" data-widget_type=\"heading.default\">\n\t\t\t\t<div class=\"elementor-widget-container\">\n\t\t\t<h1 class=\"elementor-heading-title elementor-size-default\">\u201cDevelopment of specific training programme for senior public officials in Croatia\u201d (20HR13) \u2013 LEADERSHIP PROJECT<\/h1>\t\t<\/div>\n\t\t\t\t<\/div>\n\t\t\t\t\t<\/div>\n\t\t\t\t<\/div>\n\t\t<div class=\"elementor-element elementor-element-f9753ea e-flex e-con-boxed e-con e-parent\" data-id=\"f9753ea\" data-element_type=\"container\">\n\t\t\t\t\t<div class=\"e-con-inner\">\n\t\t<div class=\"elementor-element elementor-element-7515666 e-con-full e-flex e-con e-child\" data-id=\"7515666\" data-element_type=\"container\">\n\t\t\t\t<div class=\"elementor-element elementor-element-4db3b71 elementor-widget elementor-widget-text-editor\" data-id=\"4db3b71\" data-element_type=\"widget\" data-widget_type=\"text-editor.default\">\n\t\t\t\t<div class=\"elementor-widget-container\">\n\t\t\t\t\t\t\t<p style=\"text-align: center;\"><img decoding=\"async\" class=\"aligncenter wp-image-10582\" src=\"https:\/\/dsju.hr\/wp-content\/uploads\/2023\/10\/51IkWJZv4dL._UF10001000_QL80_-300x200.jpg\" alt=\"Funded by Structural Reform Support Programme (SRSP) of the European Union\" width=\"180\" height=\"120\" srcset=\"https:\/\/www.dsju.hr\/wp-content\/uploads\/2023\/10\/51IkWJZv4dL._UF10001000_QL80_-300x200.jpg 300w, https:\/\/www.dsju.hr\/wp-content\/uploads\/2023\/10\/51IkWJZv4dL._UF10001000_QL80_-768x511.jpg 768w, https:\/\/www.dsju.hr\/wp-content\/uploads\/2023\/10\/51IkWJZv4dL._UF10001000_QL80_-18x12.jpg 18w, https:\/\/www.dsju.hr\/wp-content\/uploads\/2023\/10\/51IkWJZv4dL._UF10001000_QL80_.jpg 1000w\" sizes=\"(max-width: 180px) 100vw, 180px\" \/><br \/><strong>Funded by Structural Reform Support <br \/>Programme (SRSP) of the European Union<\/strong><\/p><p><strong>Cilj<\/strong> projekta je ja\u010danje upravlja\u010dkih kompetencija du\u017enosnika na sredi\u0161njoj i lokalnoj razini te najvi\u0161e rangiranih rukovode\u0107ih slu\u017ebenika.<\/p><p><div style=\"width: 800px;\" class=\"wp-video\"><video class=\"wp-video-shortcode\" id=\"video-10571-1\" width=\"800\" height=\"450\" preload=\"metadata\" controls=\"controls\"><source type=\"video\/mp4\" src=\"https:\/\/dsju.hr\/wp-content\/uploads\/2023\/10\/Croatie-1.mp4?_=1\" \/><a href=\"https:\/\/dsju.hr\/wp-content\/uploads\/2023\/10\/Croatie-1.mp4\">https:\/\/dsju.hr\/wp-content\/uploads\/2023\/10\/Croatie-1.mp4<\/a><\/video><\/div><\/p><p><strong style=\"color: var( --e-global-color-text );\">Svrha<\/strong><span style=\"color: var( --e-global-color-text );\">\u00a0projekta je kontinuirano osna\u017eivanje kompetencija iz podru\u010dja vo\u0111enja i upravljanja kao osiguranje preduvjeta uspostave principa dobrog upravljanja i ostvarivanje visoke kvalitete javnih politika.<\/span><\/p><p>Projektni sa\u017eetak ostvaren je u okviru\u00a0<strong><em>Structural Reform Support Programme<\/em>\u00a0(SRSP) \u2013 Program potpore strukturnim reformama<\/strong>, kojim Europska komisija pru\u017ea potporu svim zemljama \u010dlanicama EU u njihovim institucionalnim i administrativnim reformama.<\/p><p>Projektne aktivnosti slu\u017ebeno su zapo\u010dele\u00a0<strong>1. srpnja 2021. godine<\/strong>, odr\u017eavanjem sastanka na kojem su sudjelovali predstavnici DG Reform-a i predstavnici francuskog Instituta za javnu upravu (INSP), a ukupno trajanje projekta je 22 mjeseca.<\/p><p>Projektne aktivnosti usmjerene su ja\u010danju kompetencija du\u017enosni\u010dke i rukovoditeljske razine, osiguranju ostvarenja misije \u0160kole te realizaciji izazova koje je Vlada RH pred \u0160kolu postavila posljednjim izmjenama Uredbe o osnivanju 2018. godine, kada je jedan od zadataka \u0160kole postala edukacija du\u017enosnika.<\/p><p>Projekt je podijeljen u dvije komponente:<\/p><p>\u2013 izrada i provedba specijaliziranog programa izobrazbe \u00a0namijenjenog du\u017enosnicima i rukovoditeljima<\/p><p>\u2013 prijedlog izmjene institucionalnog okvira D\u0160JU s ciljem osiguranja ostvarenja misije \u0160kole te \u00a0ja\u010danja kompetencija du\u017enosni\u010dke i rukovoditeljske razine.<\/p><p>Implementacijom ovog projekta omogu\u0107ava se uspostava modula programa usavr\u0161avanja i ostalih pripadaju\u0107ih aktivnosti za \u00a0du\u017enosni\u010dku i najvi\u0161u razinu rukovode\u0107ih slu\u017ebenika (ravnatelji uprava) te na taj na\u010din doprinosi depolitizaciji i profesionalizaciji javne uprave.<\/p><p>Podru\u010dja iz kojih \u0107e se provoditi pripadaju\u0107e projektne aktivnosti su : vodstvo i upravljanje, antikorupcija, sprje\u010davanje sukob interesa, strate\u0161ko planiranje, a kao partner na projektu izabrana je INSP (<em>Institut national du service public<\/em>), institucija koja predstavlja europskog lidera u podru\u010dju ja\u010danja rukovoditeljskih kompetencija s dugogodi\u0161njom tradicijom osmi\u0161ljavanja menad\u017eerskih programa te je kao takva logi\u010dan izbor za implementaciju projektnih aktivnosti.<\/p><p>Uloga du\u017enosnika i rukovoditelja javnog sektora je od izuzetne va\u017enosti u procesu uspostave principa dobrog upravljanja, a nedostatak kontinuiranog ja\u010danja kompetencija dovodi do izostanka strate\u0161kog promi\u0161ljanja, \u0161to rezultira implementacijom neadekvatnih rje\u0161enja, neuo\u010davanjem problema i prilika, nesprje\u010davanjem koruptivnih pojava, demotiviranjem zaposlenika te u kona\u010dnici lo\u0161om kvalitetom usluga gra\u0111anima.<\/p><p>Pripadaju\u0107e projektne aktivnosti potrebno je osmisliti na na\u010din koji \u0107e odgovarati upravo njihovim specifi\u010dnim potrebama s obzirom na visoku razinu odgovornosti, zahtjeve i izazove s kojima se suo\u010davaju u administrativnom okru\u017eenju.<\/p><p><strong>Dokumenti:<\/strong><\/p><p><a href=\"https:\/\/dsju.hr\/wp-content\/uploads\/2023\/11\/LEADERSHIP-Deliverable-5.1-final.pdf\">LEADERSHIP Project &#8211; Development of specific training programme for senior public officials in Croatia<\/a><\/p>\t\t\t\t\t\t<\/div>\n\t\t\t\t<\/div>\n\t\t\t\t<\/div>\n\t\t<div class=\"elementor-element elementor-element-e5e6130 e-con-full e-flex e-con e-child\" data-id=\"e5e6130\" data-element_type=\"container\" data-settings=\"{&quot;background_background&quot;:&quot;classic&quot;,&quot;sticky&quot;:&quot;top&quot;,&quot;sticky_parent&quot;:&quot;yes&quot;,&quot;sticky_offset&quot;:138,&quot;sticky_on&quot;:[&quot;widescreen&quot;,&quot;desktop&quot;,&quot;laptop&quot;,&quot;tablet_extra&quot;,&quot;tablet&quot;,&quot;mobile_extra&quot;,&quot;mobile&quot;],&quot;sticky_effects_offset&quot;:0}\">\n\t\t\t\t<div class=\"elementor-element elementor-element-492fc57 elementor-nav-menu--dropdown-none blog-categories-menu elementor-widget elementor-widget-nav-menu\" data-id=\"492fc57\" data-element_type=\"widget\" data-settings=\"{&quot;layout&quot;:&quot;vertical&quot;,&quot;submenu_icon&quot;:{&quot;value&quot;:&quot;&lt;i class=\\&quot;fas fa-caret-down\\&quot;&gt;&lt;\\\/i&gt;&quot;,&quot;library&quot;:&quot;fa-solid&quot;}}\" data-widget_type=\"nav-menu.default\">\n\t\t\t\t<div class=\"elementor-widget-container\">\n\t\t\t\t\t\t<nav aria-label=\"Menu\" class=\"elementor-nav-menu--main elementor-nav-menu__container elementor-nav-menu--layout-vertical e--pointer-background e--animation-sweep-right\">\n\t\t\t\t<ul id=\"menu-1-492fc57\" class=\"elementor-nav-menu sm-vertical\"><li class=\"menu-item menu-item-type-post_type menu-item-object-page menu-item-10536\"><a href=\"https:\/\/www.dsju.hr\/en\/projekti\/razvoj-kompetencijskog-okvira-za-zaposlene-u-javnoj-upravi\/\" class=\"elementor-item\">Razvoj kompetencijskog okvira za zaposlene u javnoj upravi<\/a><\/li>\n<li class=\"menu-item menu-item-type-post_type menu-item-object-page menu-item-10555\"><a href=\"https:\/\/www.dsju.hr\/en\/projekti\/povecanje-kvalitete-javnih-usluga\/\" class=\"elementor-item\">Pove\u0107anje kvalitete javnih usluga<\/a><\/li>\n<li class=\"menu-item menu-item-type-post_type menu-item-object-page menu-item-10570\"><a href=\"https:\/\/www.dsju.hr\/en\/projekti\/uvodenje-sustava-upravljanja-kvalitetom-u-javnu-upravu-rh\/\" class=\"elementor-item\">Uvo\u0111enje sustava upravljanja kvalitetom u javnu upravu RH<\/a><\/li>\n<li class=\"menu-item menu-item-type-post_type menu-item-object-page menu-item-10586\"><a href=\"https:\/\/www.dsju.hr\/en\/projekti\/development-of-specific-training-programme-for-senior-public-officials-in-croatia\/\" class=\"elementor-item\">Development of specific training programme for senior public officials in Croatia<\/a><\/li>\n<li class=\"menu-item menu-item-type-post_type menu-item-object-page menu-item-13729\"><a href=\"https:\/\/www.dsju.hr\/en\/projekti\/twinning-projekt-strengthening-capacity-institution-public-administration-jordan\/\" class=\"elementor-item\">Twinning projekt \u201eStrengthening the Capacity of the Institution of Public Administration \u2013 Jordan\u201c (Twinning broj: JO 22 NDICI OT 01 23)<\/a><\/li>\n<li class=\"menu-item menu-item-type-post_type menu-item-object-page menu-item-13766\"><a href=\"https:\/\/www.dsju.hr\/en\/projekti\/twinning-projekt-strengthening-the-capacity-of-the-institution-of-public-administration-jordan-twinning-broj-jo-22-ndici-ot-01-23\/\" class=\"elementor-item\">\u201eCapacity Building for Civil Servants of the Public Administration, Including Trainings\/Internships in EU Members State Administrations and Scholarship Scheme -Young Cells&#8221;<\/a><\/li>\n<\/ul>\t\t\t<\/nav>\n\t\t\t\t\t\t<nav class=\"elementor-nav-menu--dropdown elementor-nav-menu__container\" aria-hidden=\"true\">\n\t\t\t\t<ul id=\"menu-2-492fc57\" class=\"elementor-nav-menu sm-vertical\"><li class=\"menu-item menu-item-type-post_type menu-item-object-page menu-item-10536\"><a href=\"https:\/\/www.dsju.hr\/en\/projekti\/razvoj-kompetencijskog-okvira-za-zaposlene-u-javnoj-upravi\/\" class=\"elementor-item\" tabindex=\"-1\">Razvoj kompetencijskog okvira za zaposlene u javnoj upravi<\/a><\/li>\n<li class=\"menu-item menu-item-type-post_type menu-item-object-page menu-item-10555\"><a href=\"https:\/\/www.dsju.hr\/en\/projekti\/povecanje-kvalitete-javnih-usluga\/\" class=\"elementor-item\" tabindex=\"-1\">Pove\u0107anje kvalitete javnih usluga<\/a><\/li>\n<li class=\"menu-item menu-item-type-post_type menu-item-object-page menu-item-10570\"><a href=\"https:\/\/www.dsju.hr\/en\/projekti\/uvodenje-sustava-upravljanja-kvalitetom-u-javnu-upravu-rh\/\" class=\"elementor-item\" tabindex=\"-1\">Uvo\u0111enje sustava upravljanja kvalitetom u javnu upravu RH<\/a><\/li>\n<li class=\"menu-item menu-item-type-post_type menu-item-object-page menu-item-10586\"><a href=\"https:\/\/www.dsju.hr\/en\/projekti\/development-of-specific-training-programme-for-senior-public-officials-in-croatia\/\" class=\"elementor-item\" tabindex=\"-1\">Development of specific training programme for senior public officials in Croatia<\/a><\/li>\n<li class=\"menu-item menu-item-type-post_type menu-item-object-page menu-item-13729\"><a href=\"https:\/\/www.dsju.hr\/en\/projekti\/twinning-projekt-strengthening-capacity-institution-public-administration-jordan\/\" class=\"elementor-item\" tabindex=\"-1\">Twinning projekt \u201eStrengthening the Capacity of the Institution of Public Administration \u2013 Jordan\u201c (Twinning broj: JO 22 NDICI OT 01 23)<\/a><\/li>\n<li class=\"menu-item menu-item-type-post_type menu-item-object-page menu-item-13766\"><a href=\"https:\/\/www.dsju.hr\/en\/projekti\/twinning-projekt-strengthening-the-capacity-of-the-institution-of-public-administration-jordan-twinning-broj-jo-22-ndici-ot-01-23\/\" class=\"elementor-item\" tabindex=\"-1\">\u201eCapacity Building for Civil Servants of the Public Administration, Including Trainings\/Internships in EU Members State Administrations and Scholarship Scheme -Young Cells&#8221;<\/a><\/li>\n<\/ul>\t\t\t<\/nav>\n\t\t\t\t<\/div>\n\t\t\t\t<\/div>\n\t\t\t\t<\/div>\n\t\t\t\t\t<\/div>\n\t\t\t\t<\/div>\n\t\t\t\t<\/div>","protected":false},"excerpt":{"rendered":"<p>\u201cDevelopment of specific training programme for senior public officials in Croatia\u201d (20HR13) \u2013 LEADERSHIP PROJECT Funded by Structural Reform Support Programme (SRSP) of the European Union Cilj projekta je ja\u010danje [&hellip;]<\/p>","protected":false},"author":2,"featured_media":0,"parent":1528,"menu_order":0,"comment_status":"closed","ping_status":"closed","template":"elementor_header_footer","meta":{"_acf_changed":false,"_tec_requires_first_save":true,"inline_featured_image":false,"_EventAllDay":false,"_EventTimezone":"","_EventStartDate":"","_EventEndDate":"","_EventStartDateUTC":"","_EventEndDateUTC":"","_EventShowMap":false,"_EventShowMapLink":false,"_EventURL":"","_EventCost":"","_EventCostDescription":"","_EventCurrencySymbol":"","_EventCurrencyCode":"","_EventCurrencyPosition":"","_EventDateTimeSeparator":"","_EventTimeRangeSeparator":"","_EventOrganizerID":[],"_EventVenueID":[],"_OrganizerEmail":"","_OrganizerPhone":"","_OrganizerWebsite":"","_VenueAddress":"","_VenueCity":"","_VenueCountry":"","_VenueProvince":"","_VenueState":"","_VenueZip":"","_VenuePhone":"","_VenueURL":"","_VenueStateProvince":"","_VenueLat":"","_VenueLng":"","_VenueShowMap":false,"_VenueShowMapLink":false,"_tribe_blocks_recurrence_rules":"","_tribe_blocks_recurrence_description":"","_tribe_blocks_recurrence_exclusions":"","footnotes":""},"class_list":["post-10571","page","type-page","status-publish","hentry"],"acf":[],"yoast_head":"<!-- This site is optimized with the Yoast SEO plugin v23.4 - https:\/\/yoast.com\/wordpress\/plugins\/seo\/ -->\n<title>Development of specific training programme for senior public officials in Croatia - Dr\u017eavna \u0161kola za javnu upravu<\/title>\n<meta name=\"robots\" content=\"index, follow, max-snippet:-1, max-image-preview:large, max-video-preview:-1\" \/>\n<link rel=\"canonical\" href=\"https:\/\/www.dsju.hr\/en\/projekti\/development-of-specific-training-programme-for-senior-public-officials-in-croatia\/\" \/>\n<meta property=\"og:locale\" content=\"en_GB\" \/>\n<meta property=\"og:type\" content=\"article\" \/>\n<meta property=\"og:title\" content=\"Development of specific training programme for senior public officials in Croatia - Dr\u017eavna \u0161kola za javnu upravu\" \/>\n<meta property=\"og:description\" content=\"\u201cDevelopment of specific training programme for senior public officials in Croatia\u201d (20HR13) \u2013 LEADERSHIP PROJECT Funded by Structural Reform Support Programme (SRSP) of the European Union Cilj projekta je ja\u010danje [&hellip;]\" \/>\n<meta property=\"og:url\" content=\"https:\/\/www.dsju.hr\/en\/projekti\/development-of-specific-training-programme-for-senior-public-officials-in-croatia\/\" \/>\n<meta property=\"og:site_name\" content=\"Dr\u017eavna \u0161kola za javnu upravu\" \/>\n<meta property=\"article:modified_time\" content=\"2023-12-08T15:15:12+00:00\" \/>\n<meta property=\"og:image\" content=\"https:\/\/www.dsju.hr\/wp-content\/uploads\/2023\/10\/51IkWJZv4dL._UF10001000_QL80_-300x200.jpg\" \/>\n<meta name=\"twitter:card\" content=\"summary_large_image\" \/>\n<meta name=\"twitter:label1\" content=\"Estimated reading time\" \/>\n\t<meta name=\"twitter:data1\" content=\"3 minutes\" \/>\n<script type=\"application\/ld+json\" class=\"yoast-schema-graph\">{\"@context\":\"https:\/\/schema.org\",\"@graph\":[{\"@type\":\"WebPage\",\"@id\":\"https:\/\/www.dsju.hr\/projekti\/development-of-specific-training-programme-for-senior-public-officials-in-croatia\/\",\"url\":\"https:\/\/www.dsju.hr\/projekti\/development-of-specific-training-programme-for-senior-public-officials-in-croatia\/\",\"name\":\"Development of specific training programme for senior public officials in Croatia - Dr\u017eavna \u0161kola za javnu upravu\",\"isPartOf\":{\"@id\":\"https:\/\/www.dsju.hr\/#website\"},\"primaryImageOfPage\":{\"@id\":\"https:\/\/www.dsju.hr\/projekti\/development-of-specific-training-programme-for-senior-public-officials-in-croatia\/#primaryimage\"},\"image\":{\"@id\":\"https:\/\/www.dsju.hr\/projekti\/development-of-specific-training-programme-for-senior-public-officials-in-croatia\/#primaryimage\"},\"thumbnailUrl\":\"https:\/\/www.dsju.hr\/wp-content\/uploads\/2023\/10\/51IkWJZv4dL._UF10001000_QL80_-300x200.jpg\",\"datePublished\":\"2023-10-21T13:20:17+00:00\",\"dateModified\":\"2023-12-08T15:15:12+00:00\",\"breadcrumb\":{\"@id\":\"https:\/\/www.dsju.hr\/projekti\/development-of-specific-training-programme-for-senior-public-officials-in-croatia\/#breadcrumb\"},\"inLanguage\":\"en-GB\",\"potentialAction\":[{\"@type\":\"ReadAction\",\"target\":[\"https:\/\/www.dsju.hr\/projekti\/development-of-specific-training-programme-for-senior-public-officials-in-croatia\/\"]}]},{\"@type\":\"ImageObject\",\"inLanguage\":\"en-GB\",\"@id\":\"https:\/\/www.dsju.hr\/projekti\/development-of-specific-training-programme-for-senior-public-officials-in-croatia\/#primaryimage\",\"url\":\"https:\/\/www.dsju.hr\/wp-content\/uploads\/2023\/10\/51IkWJZv4dL._UF10001000_QL80_-300x200.jpg\",\"contentUrl\":\"https:\/\/www.dsju.hr\/wp-content\/uploads\/2023\/10\/51IkWJZv4dL._UF10001000_QL80_-300x200.jpg\"},{\"@type\":\"BreadcrumbList\",\"@id\":\"https:\/\/www.dsju.hr\/projekti\/development-of-specific-training-programme-for-senior-public-officials-in-croatia\/#breadcrumb\",\"itemListElement\":[{\"@type\":\"ListItem\",\"position\":1,\"name\":\"Me\u0111unarodna suradnja i projekti \u00bb Projekti\",\"item\":\"https:\/\/www.dsju.hr\/projekti\/\"},{\"@type\":\"ListItem\",\"position\":2,\"name\":\"Development of specific training programme for senior public officials in Croatia\"}]},{\"@type\":\"WebSite\",\"@id\":\"https:\/\/www.dsju.hr\/#website\",\"url\":\"https:\/\/www.dsju.hr\/\",\"name\":\"Dr\u017eavna \u0161kola za javnu upravu\",\"description\":\"\",\"publisher\":{\"@id\":\"https:\/\/www.dsju.hr\/#organization\"},\"potentialAction\":[{\"@type\":\"SearchAction\",\"target\":{\"@type\":\"EntryPoint\",\"urlTemplate\":\"https:\/\/www.dsju.hr\/?s={search_term_string}\"},\"query-input\":{\"@type\":\"PropertyValueSpecification\",\"valueRequired\":true,\"valueName\":\"search_term_string\"}}],\"inLanguage\":\"en-GB\"},{\"@type\":\"Organization\",\"@id\":\"https:\/\/www.dsju.hr\/#organization\",\"name\":\"Dr\u017eavna \u0161kola za javnu upravu\",\"url\":\"https:\/\/www.dsju.hr\/\",\"logo\":{\"@type\":\"ImageObject\",\"inLanguage\":\"en-GB\",\"@id\":\"https:\/\/www.dsju.hr\/#\/schema\/logo\/image\/\",\"url\":\"https:\/\/www.dsju.hr\/wp-content\/uploads\/2023\/01\/DSJU_logo_white.png\",\"contentUrl\":\"https:\/\/www.dsju.hr\/wp-content\/uploads\/2023\/01\/DSJU_logo_white.png\",\"width\":501,\"height\":182,\"caption\":\"Dr\u017eavna \u0161kola za javnu upravu\"},\"image\":{\"@id\":\"https:\/\/www.dsju.hr\/#\/schema\/logo\/image\/\"}}]}<\/script>\n<!-- \/ Yoast SEO plugin. -->","yoast_head_json":{"title":"Development of specific training programme for senior public officials in Croatia - Dr\u017eavna \u0161kola za javnu upravu","robots":{"index":"index","follow":"follow","max-snippet":"max-snippet:-1","max-image-preview":"max-image-preview:large","max-video-preview":"max-video-preview:-1"},"canonical":"https:\/\/www.dsju.hr\/en\/projekti\/development-of-specific-training-programme-for-senior-public-officials-in-croatia\/","og_locale":"en_GB","og_type":"article","og_title":"Development of specific training programme for senior public officials in Croatia - Dr\u017eavna \u0161kola za javnu upravu","og_description":"\u201cDevelopment of specific training programme for senior public officials in Croatia\u201d (20HR13) \u2013 LEADERSHIP PROJECT Funded by Structural Reform Support Programme (SRSP) of the European Union Cilj projekta je ja\u010danje [&hellip;]","og_url":"https:\/\/www.dsju.hr\/en\/projekti\/development-of-specific-training-programme-for-senior-public-officials-in-croatia\/","og_site_name":"Dr\u017eavna \u0161kola za javnu upravu","article_modified_time":"2023-12-08T15:15:12+00:00","og_image":[{"url":"https:\/\/www.dsju.hr\/wp-content\/uploads\/2023\/10\/51IkWJZv4dL._UF10001000_QL80_-300x200.jpg"}],"twitter_card":"summary_large_image","twitter_misc":{"Estimated reading time":"3 minutes"},"schema":{"@context":"https:\/\/schema.org","@graph":[{"@type":"WebPage","@id":"https:\/\/www.dsju.hr\/projekti\/development-of-specific-training-programme-for-senior-public-officials-in-croatia\/","url":"https:\/\/www.dsju.hr\/projekti\/development-of-specific-training-programme-for-senior-public-officials-in-croatia\/","name":"Development of specific training programme for senior public officials in Croatia - Dr\u017eavna \u0161kola za javnu upravu","isPartOf":{"@id":"https:\/\/www.dsju.hr\/#website"},"primaryImageOfPage":{"@id":"https:\/\/www.dsju.hr\/projekti\/development-of-specific-training-programme-for-senior-public-officials-in-croatia\/#primaryimage"},"image":{"@id":"https:\/\/www.dsju.hr\/projekti\/development-of-specific-training-programme-for-senior-public-officials-in-croatia\/#primaryimage"},"thumbnailUrl":"https:\/\/www.dsju.hr\/wp-content\/uploads\/2023\/10\/51IkWJZv4dL._UF10001000_QL80_-300x200.jpg","datePublished":"2023-10-21T13:20:17+00:00","dateModified":"2023-12-08T15:15:12+00:00","breadcrumb":{"@id":"https:\/\/www.dsju.hr\/projekti\/development-of-specific-training-programme-for-senior-public-officials-in-croatia\/#breadcrumb"},"inLanguage":"en-GB","potentialAction":[{"@type":"ReadAction","target":["https:\/\/www.dsju.hr\/projekti\/development-of-specific-training-programme-for-senior-public-officials-in-croatia\/"]}]},{"@type":"ImageObject","inLanguage":"en-GB","@id":"https:\/\/www.dsju.hr\/projekti\/development-of-specific-training-programme-for-senior-public-officials-in-croatia\/#primaryimage","url":"https:\/\/www.dsju.hr\/wp-content\/uploads\/2023\/10\/51IkWJZv4dL._UF10001000_QL80_-300x200.jpg","contentUrl":"https:\/\/www.dsju.hr\/wp-content\/uploads\/2023\/10\/51IkWJZv4dL._UF10001000_QL80_-300x200.jpg"},{"@type":"BreadcrumbList","@id":"https:\/\/www.dsju.hr\/projekti\/development-of-specific-training-programme-for-senior-public-officials-in-croatia\/#breadcrumb","itemListElement":[{"@type":"ListItem","position":1,"name":"Me\u0111unarodna suradnja i projekti \u00bb Projekti","item":"https:\/\/www.dsju.hr\/projekti\/"},{"@type":"ListItem","position":2,"name":"Development of specific training programme for senior public officials in Croatia"}]},{"@type":"WebSite","@id":"https:\/\/www.dsju.hr\/#website","url":"https:\/\/www.dsju.hr\/","name":"National School for Public Administration","description":"","publisher":{"@id":"https:\/\/www.dsju.hr\/#organization"},"potentialAction":[{"@type":"SearchAction","target":{"@type":"EntryPoint","urlTemplate":"https:\/\/www.dsju.hr\/?s={search_term_string}"},"query-input":{"@type":"PropertyValueSpecification","valueRequired":true,"valueName":"search_term_string"}}],"inLanguage":"en-GB"},{"@type":"Organization","@id":"https:\/\/www.dsju.hr\/#organization","name":"National School for Public Administration","url":"https:\/\/www.dsju.hr\/","logo":{"@type":"ImageObject","inLanguage":"en-GB","@id":"https:\/\/www.dsju.hr\/#\/schema\/logo\/image\/","url":"https:\/\/www.dsju.hr\/wp-content\/uploads\/2023\/01\/DSJU_logo_white.png","contentUrl":"https:\/\/www.dsju.hr\/wp-content\/uploads\/2023\/01\/DSJU_logo_white.png","width":501,"height":182,"caption":"Dr\u017eavna \u0161kola za javnu upravu"},"image":{"@id":"https:\/\/www.dsju.hr\/#\/schema\/logo\/image\/"}}]}},"_links":{"self":[{"href":"https:\/\/www.dsju.hr\/en\/wp-json\/wp\/v2\/pages\/10571","targetHints":{"allow":["GET"]}}],"collection":[{"href":"https:\/\/www.dsju.hr\/en\/wp-json\/wp\/v2\/pages"}],"about":[{"href":"https:\/\/www.dsju.hr\/en\/wp-json\/wp\/v2\/types\/page"}],"author":[{"embeddable":true,"href":"https:\/\/www.dsju.hr\/en\/wp-json\/wp\/v2\/users\/2"}],"replies":[{"embeddable":true,"href":"https:\/\/www.dsju.hr\/en\/wp-json\/wp\/v2\/comments?post=10571"}],"version-history":[{"count":52,"href":"https:\/\/www.dsju.hr\/en\/wp-json\/wp\/v2\/pages\/10571\/revisions"}],"predecessor-version":[{"id":13261,"href":"https:\/\/www.dsju.hr\/en\/wp-json\/wp\/v2\/pages\/10571\/revisions\/13261"}],"up":[{"embeddable":true,"href":"https:\/\/www.dsju.hr\/en\/wp-json\/wp\/v2\/pages\/1528"}],"wp:attachment":[{"href":"https:\/\/www.dsju.hr\/en\/wp-json\/wp\/v2\/media?parent=10571"}],"curies":[{"name":"wp","href":"https:\/\/api.w.org\/{rel}","templated":true}]}}