{"id":10565,"date":"2023-10-21T15:16:45","date_gmt":"2023-10-21T13:16:45","guid":{"rendered":"https:\/\/www.dsju.hr\/?page_id=10565"},"modified":"2023-11-30T15:56:51","modified_gmt":"2023-11-30T14:56:51","slug":"uvodenje-sustava-upravljanja-kvalitetom-u-javnu-upravu-rh","status":"publish","type":"page","link":"https:\/\/www.dsju.hr\/en\/projekti\/uvodenje-sustava-upravljanja-kvalitetom-u-javnu-upravu-rh\/","title":{"rendered":"Uvo\u0111enje sustava upravljanja kvalitetom u javnu upravu RH"},"content":{"rendered":"<div data-elementor-type=\"wp-page\" data-elementor-id=\"10565\" class=\"elementor elementor-10565\" data-elementor-post-type=\"page\">\n\t\t\t\t<div class=\"elementor-element elementor-element-0cdeb02 e-flex e-con-boxed e-con e-parent\" data-id=\"0cdeb02\" data-element_type=\"container\">\n\t\t\t\t\t<div class=\"e-con-inner\">\n\t\t<div class=\"elementor-element elementor-element-72f774e e-con-full e-flex e-con e-child\" data-id=\"72f774e\" data-element_type=\"container\">\n\t\t\t\t<div class=\"elementor-element elementor-element-6639c76 elementor-align-left elementor-widget elementor-widget-breadcrumbs\" data-id=\"6639c76\" data-element_type=\"widget\" data-widget_type=\"breadcrumbs.default\">\n\t\t\t\t<div class=\"elementor-widget-container\">\n\t\t\t<p id=\"breadcrumbs\"><\/p>\t\t<\/div>\n\t\t\t\t<\/div>\n\t\t\t\t<\/div>\n\t\t\t\t\t<\/div>\n\t\t\t\t<\/div>\n\t\t<div class=\"elementor-element elementor-element-5d35c4b e-flex e-con-boxed e-con e-parent\" data-id=\"5d35c4b\" data-element_type=\"container\" data-settings=\"{&quot;background_background&quot;:&quot;classic&quot;}\">\n\t\t\t\t\t<div class=\"e-con-inner\">\n\t\t\t\t<div class=\"elementor-element elementor-element-4985a2e elementor-widget__width-initial elementor-widget elementor-widget-theme-post-title elementor-page-title elementor-widget-heading\" data-id=\"4985a2e\" data-element_type=\"widget\" data-widget_type=\"theme-post-title.default\">\n\t\t\t\t<div class=\"elementor-widget-container\">\n\t\t\t<h1 class=\"elementor-heading-title elementor-size-default\">Uvo\u0111enje sustava upravljanja kvalitetom u javnu upravu RH<\/h1>\t\t<\/div>\n\t\t\t\t<\/div>\n\t\t\t\t\t<\/div>\n\t\t\t\t<\/div>\n\t\t<div class=\"elementor-element elementor-element-053c87b e-flex e-con-boxed e-con e-parent\" data-id=\"053c87b\" data-element_type=\"container\">\n\t\t\t\t\t<div class=\"e-con-inner\">\n\t\t<div class=\"elementor-element elementor-element-a203a86 e-con-full e-flex e-con e-child\" data-id=\"a203a86\" data-element_type=\"container\">\n\t\t\t\t<div class=\"elementor-element elementor-element-4d8ff64 elementor-widget elementor-widget-text-editor\" data-id=\"4d8ff64\" data-element_type=\"widget\" data-widget_type=\"text-editor.default\">\n\t\t\t\t<div class=\"elementor-widget-container\">\n\t\t\t\t\t\t\t<p><img fetchpriority=\"high\" decoding=\"async\" class=\"alignnone size-full wp-image-6349\" src=\"https:\/\/dsju.hr\/wp-content\/uploads\/2023\/04\/ESF.png\" alt=\"\" width=\"605\" height=\"87\" srcset=\"https:\/\/www.dsju.hr\/wp-content\/uploads\/2023\/04\/ESF.png 605w, https:\/\/www.dsju.hr\/wp-content\/uploads\/2023\/04\/ESF-300x43.png 300w, https:\/\/www.dsju.hr\/wp-content\/uploads\/2023\/04\/ESF-18x3.png 18w\" sizes=\"(max-width: 605px) 100vw, 605px\" \/><\/p><p>UP.04.1.1.06.0003<\/p><p><strong>Korisnik<\/strong>: Ministarstvo pravosu\u0111a i uprave<\/p><p><strong>Partner<\/strong>: Dr\u017eavna \u0161kola za javnu upravu<\/p><p>Sustav upravljanja kvalitetom (CAF \u2013\u00a0<em>Common Assessment Framework<\/em>) je formalizirani sustav koji dokumentira procese, postupke i odgovornosti za postizanje politika i ciljeva kvalitete, odnosno ima za cilj pobolj\u0161anje i optimizaciju procesa, smanjenje tro\u0161kova, bolje upravljanje ljudskim potencijalima te kontinuirano podizanje u\u010dinkovitosti tijela javne uprave.<\/p><p>\u00a0Op\u0107i je cilj projekta pove\u0107anje u\u010dinkovitosti javne uprave optimizacijom i standardizacijom poslovnih procesa i uvo\u0111enjem sustava upravljanja kvalitetom u javnu upravu. Aktivnosti predvi\u0111ene za ostvarenje tog cilja jesu razviti mehanizme i alate za osiguravanje kvalitete kojima \u0107e se opseg i kvaliteta usluga koje pru\u017ea javna uprava uskladiti sa stvarnim potrebama korisnika, izgraditi IT sustav za potporu upravljanju sustavom kvalitete u javnoj upravi te razviti kompetencije zaposlenika javne uprave za upravljanje kvalitetom.<\/p><p>Dr\u017eavna \u0161kola za javnu upravu je partner na projektu u provedbi Elementa 4 \u2013 Razvoj i provedba izobrazbe u okviru kojeg \u0107e se razviti kompetencije zaposlenika javne uprave o upravljanju kvalitetom i izgraditi sustav za njihovo kontinuirano unapre\u0111enje.<\/p><p><strong>Ukupna vrijednost projekta<\/strong>: 40.524.202,55 HRK<\/p><p><strong>Bespovratna sredstva<\/strong>: 40.524.202,55 HRK<\/p><p><strong>Datum potpisa Ugovora o dodjeli bespovratnih sredstava<\/strong>: 20. velja\u010de 2018.<\/p><p><strong>Razdoblje provedbe projekta<\/strong>: 20.2.2018. \u2013 20.5.2022.<\/p><p><strong>Kontakt-osoba za vi\u0161e informacija (MPU)<\/strong>: Tomislav Mi\u010deti\u0107,\u00a0<a href=\"mailto:kvaliteta@uprava.hr\">kvaliteta@uprava.hr<\/a>\u00a0<\/p><p><strong>Ukupna vrijednost Elementa 4 \u2013 Razvoj i provedba izobrazbe<\/strong>: 5.331.250,00 HRK<\/p><p><strong>Trajanje provedbe<\/strong>: 17 mjeseci<\/p><p><strong>Kontakt-osoba za vi\u0161e informacija (D\u0160JU)<\/strong>: Marija Grga,\u00a0<a href=\"mailto:dsju@dsju.hr\">dsju@dsju.hr<\/a><\/p>\t\t\t\t\t\t<\/div>\n\t\t\t\t<\/div>\n\t\t\t\t<\/div>\n\t\t<div class=\"elementor-element elementor-element-a2e3f6d e-con-full e-flex e-con e-child\" data-id=\"a2e3f6d\" data-element_type=\"container\" data-settings=\"{&quot;background_background&quot;:&quot;classic&quot;,&quot;sticky&quot;:&quot;top&quot;,&quot;sticky_parent&quot;:&quot;yes&quot;,&quot;sticky_offset&quot;:138,&quot;sticky_on&quot;:[&quot;widescreen&quot;,&quot;desktop&quot;,&quot;laptop&quot;,&quot;tablet_extra&quot;,&quot;tablet&quot;,&quot;mobile_extra&quot;,&quot;mobile&quot;],&quot;sticky_effects_offset&quot;:0}\">\n\t\t\t\t<div class=\"elementor-element elementor-element-e162485 elementor-nav-menu--dropdown-none blog-categories-menu elementor-widget elementor-widget-nav-menu\" data-id=\"e162485\" data-element_type=\"widget\" data-settings=\"{&quot;layout&quot;:&quot;vertical&quot;,&quot;submenu_icon&quot;:{&quot;value&quot;:&quot;&lt;i class=\\&quot;fas fa-caret-down\\&quot;&gt;&lt;\\\/i&gt;&quot;,&quot;library&quot;:&quot;fa-solid&quot;}}\" data-widget_type=\"nav-menu.default\">\n\t\t\t\t<div class=\"elementor-widget-container\">\n\t\t\t\t\t\t<nav aria-label=\"Menu\" class=\"elementor-nav-menu--main elementor-nav-menu__container elementor-nav-menu--layout-vertical e--pointer-background e--animation-sweep-right\">\n\t\t\t\t<ul id=\"menu-1-e162485\" class=\"elementor-nav-menu sm-vertical\"><li class=\"menu-item menu-item-type-post_type menu-item-object-page menu-item-10536\"><a href=\"https:\/\/www.dsju.hr\/en\/projekti\/razvoj-kompetencijskog-okvira-za-zaposlene-u-javnoj-upravi\/\" class=\"elementor-item\">Razvoj kompetencijskog okvira za zaposlene u javnoj upravi<\/a><\/li>\n<li class=\"menu-item menu-item-type-post_type menu-item-object-page menu-item-10555\"><a href=\"https:\/\/www.dsju.hr\/en\/projekti\/povecanje-kvalitete-javnih-usluga\/\" class=\"elementor-item\">Pove\u0107anje kvalitete javnih usluga<\/a><\/li>\n<li class=\"menu-item menu-item-type-post_type menu-item-object-page menu-item-10570\"><a href=\"https:\/\/www.dsju.hr\/en\/projekti\/uvodenje-sustava-upravljanja-kvalitetom-u-javnu-upravu-rh\/\" class=\"elementor-item\">Uvo\u0111enje sustava upravljanja kvalitetom u javnu upravu RH<\/a><\/li>\n<li class=\"menu-item menu-item-type-post_type menu-item-object-page menu-item-10586\"><a href=\"https:\/\/www.dsju.hr\/en\/projekti\/development-of-specific-training-programme-for-senior-public-officials-in-croatia\/\" class=\"elementor-item\">Development of specific training programme for senior public officials in Croatia<\/a><\/li>\n<li class=\"menu-item menu-item-type-post_type menu-item-object-page menu-item-13729\"><a href=\"https:\/\/www.dsju.hr\/en\/projekti\/twinning-projekt-strengthening-capacity-institution-public-administration-jordan\/\" class=\"elementor-item\">Twinning projekt \u201eStrengthening the Capacity of the Institution of Public Administration \u2013 Jordan\u201c (Twinning broj: JO 22 NDICI OT 01 23)<\/a><\/li>\n<li class=\"menu-item menu-item-type-post_type menu-item-object-page menu-item-13766\"><a href=\"https:\/\/www.dsju.hr\/en\/projekti\/twinning-projekt-strengthening-the-capacity-of-the-institution-of-public-administration-jordan-twinning-broj-jo-22-ndici-ot-01-23\/\" class=\"elementor-item\">\u201eCapacity Building for Civil Servants of the Public Administration, Including Trainings\/Internships in EU Members State Administrations and Scholarship Scheme -Young Cells&#8221;<\/a><\/li>\n<\/ul>\t\t\t<\/nav>\n\t\t\t\t\t\t<nav class=\"elementor-nav-menu--dropdown elementor-nav-menu__container\" aria-hidden=\"true\">\n\t\t\t\t<ul id=\"menu-2-e162485\" class=\"elementor-nav-menu sm-vertical\"><li class=\"menu-item menu-item-type-post_type menu-item-object-page menu-item-10536\"><a href=\"https:\/\/www.dsju.hr\/en\/projekti\/razvoj-kompetencijskog-okvira-za-zaposlene-u-javnoj-upravi\/\" class=\"elementor-item\" tabindex=\"-1\">Razvoj kompetencijskog okvira za zaposlene u javnoj upravi<\/a><\/li>\n<li class=\"menu-item menu-item-type-post_type menu-item-object-page menu-item-10555\"><a href=\"https:\/\/www.dsju.hr\/en\/projekti\/povecanje-kvalitete-javnih-usluga\/\" class=\"elementor-item\" tabindex=\"-1\">Pove\u0107anje kvalitete javnih usluga<\/a><\/li>\n<li class=\"menu-item menu-item-type-post_type menu-item-object-page menu-item-10570\"><a href=\"https:\/\/www.dsju.hr\/en\/projekti\/uvodenje-sustava-upravljanja-kvalitetom-u-javnu-upravu-rh\/\" class=\"elementor-item\" tabindex=\"-1\">Uvo\u0111enje sustava upravljanja kvalitetom u javnu upravu RH<\/a><\/li>\n<li class=\"menu-item menu-item-type-post_type menu-item-object-page menu-item-10586\"><a href=\"https:\/\/www.dsju.hr\/en\/projekti\/development-of-specific-training-programme-for-senior-public-officials-in-croatia\/\" class=\"elementor-item\" tabindex=\"-1\">Development of specific training programme for senior public officials in Croatia<\/a><\/li>\n<li class=\"menu-item menu-item-type-post_type menu-item-object-page menu-item-13729\"><a href=\"https:\/\/www.dsju.hr\/en\/projekti\/twinning-projekt-strengthening-capacity-institution-public-administration-jordan\/\" class=\"elementor-item\" tabindex=\"-1\">Twinning projekt \u201eStrengthening the Capacity of the Institution of Public Administration \u2013 Jordan\u201c (Twinning broj: JO 22 NDICI OT 01 23)<\/a><\/li>\n<li class=\"menu-item menu-item-type-post_type menu-item-object-page menu-item-13766\"><a href=\"https:\/\/www.dsju.hr\/en\/projekti\/twinning-projekt-strengthening-the-capacity-of-the-institution-of-public-administration-jordan-twinning-broj-jo-22-ndici-ot-01-23\/\" class=\"elementor-item\" tabindex=\"-1\">\u201eCapacity Building for Civil Servants of the Public Administration, Including Trainings\/Internships in EU Members State Administrations and Scholarship Scheme -Young Cells&#8221;<\/a><\/li>\n<\/ul>\t\t\t<\/nav>\n\t\t\t\t<\/div>\n\t\t\t\t<\/div>\n\t\t\t\t<\/div>\n\t\t\t\t\t<\/div>\n\t\t\t\t<\/div>\n\t\t\t\t<\/div>","protected":false},"excerpt":{"rendered":"<p>UP.04.1.1.06.0003 Korisnik: Ministarstvo pravosu\u0111a i uprave Partner: Dr\u017eavna \u0161kola za javnu upravu Sustav upravljanja kvalitetom (CAF \u2013\u00a0Common Assessment Framework) je formalizirani sustav koji dokumentira procese, postupke i odgovornosti za postizanje [&hellip;]<\/p>","protected":false},"author":2,"featured_media":0,"parent":1528,"menu_order":0,"comment_status":"closed","ping_status":"closed","template":"elementor_header_footer","meta":{"_acf_changed":false,"_tec_requires_first_save":true,"inline_featured_image":false,"_EventAllDay":false,"_EventTimezone":"","_EventStartDate":"","_EventEndDate":"","_EventStartDateUTC":"","_EventEndDateUTC":"","_EventShowMap":false,"_EventShowMapLink":false,"_EventURL":"","_EventCost":"","_EventCostDescription":"","_EventCurrencySymbol":"","_EventCurrencyCode":"","_EventCurrencyPosition":"","_EventDateTimeSeparator":"","_EventTimeRangeSeparator":"","_EventOrganizerID":[],"_EventVenueID":[],"_OrganizerEmail":"","_OrganizerPhone":"","_OrganizerWebsite":"","_VenueAddress":"","_VenueCity":"","_VenueCountry":"","_VenueProvince":"","_VenueState":"","_VenueZip":"","_VenuePhone":"","_VenueURL":"","_VenueStateProvince":"","_VenueLat":"","_VenueLng":"","_VenueShowMap":false,"_VenueShowMapLink":false,"_tribe_blocks_recurrence_rules":"","_tribe_blocks_recurrence_description":"","_tribe_blocks_recurrence_exclusions":"","footnotes":""},"class_list":["post-10565","page","type-page","status-publish","hentry"],"acf":[],"yoast_head":"<!-- This site is optimized with the Yoast SEO plugin v23.4 - https:\/\/yoast.com\/wordpress\/plugins\/seo\/ -->\n<title>Uvo\u0111enje sustava upravljanja kvalitetom u javnu upravu RH - Dr\u017eavna \u0161kola za javnu upravu<\/title>\n<meta name=\"robots\" content=\"index, follow, max-snippet:-1, max-image-preview:large, max-video-preview:-1\" \/>\n<link rel=\"canonical\" href=\"https:\/\/www.dsju.hr\/en\/projekti\/uvodenje-sustava-upravljanja-kvalitetom-u-javnu-upravu-rh\/\" \/>\n<meta property=\"og:locale\" content=\"en_GB\" \/>\n<meta property=\"og:type\" content=\"article\" \/>\n<meta property=\"og:title\" content=\"Uvo\u0111enje sustava upravljanja kvalitetom u javnu upravu RH - Dr\u017eavna \u0161kola za javnu upravu\" \/>\n<meta property=\"og:description\" content=\"UP.04.1.1.06.0003 Korisnik: Ministarstvo pravosu\u0111a i uprave Partner: Dr\u017eavna \u0161kola za javnu upravu Sustav upravljanja kvalitetom (CAF \u2013\u00a0Common Assessment Framework) je formalizirani sustav koji dokumentira procese, postupke i odgovornosti za postizanje [&hellip;]\" \/>\n<meta property=\"og:url\" content=\"https:\/\/www.dsju.hr\/en\/projekti\/uvodenje-sustava-upravljanja-kvalitetom-u-javnu-upravu-rh\/\" \/>\n<meta property=\"og:site_name\" content=\"Dr\u017eavna \u0161kola za javnu upravu\" \/>\n<meta property=\"article:modified_time\" content=\"2023-11-30T14:56:51+00:00\" \/>\n<meta property=\"og:image\" content=\"https:\/\/www.dsju.hr\/wp-content\/uploads\/2023\/04\/ESF.png\" \/>\n<meta name=\"twitter:card\" content=\"summary_large_image\" \/>\n<meta name=\"twitter:label1\" content=\"Estimated reading time\" \/>\n\t<meta name=\"twitter:data1\" content=\"2 minutes\" \/>\n<script type=\"application\/ld+json\" class=\"yoast-schema-graph\">{\"@context\":\"https:\/\/schema.org\",\"@graph\":[{\"@type\":\"WebPage\",\"@id\":\"https:\/\/www.dsju.hr\/projekti\/uvodenje-sustava-upravljanja-kvalitetom-u-javnu-upravu-rh\/\",\"url\":\"https:\/\/www.dsju.hr\/projekti\/uvodenje-sustava-upravljanja-kvalitetom-u-javnu-upravu-rh\/\",\"name\":\"Uvo\u0111enje sustava upravljanja kvalitetom u javnu upravu RH - Dr\u017eavna \u0161kola za javnu upravu\",\"isPartOf\":{\"@id\":\"https:\/\/www.dsju.hr\/#website\"},\"primaryImageOfPage\":{\"@id\":\"https:\/\/www.dsju.hr\/projekti\/uvodenje-sustava-upravljanja-kvalitetom-u-javnu-upravu-rh\/#primaryimage\"},\"image\":{\"@id\":\"https:\/\/www.dsju.hr\/projekti\/uvodenje-sustava-upravljanja-kvalitetom-u-javnu-upravu-rh\/#primaryimage\"},\"thumbnailUrl\":\"https:\/\/www.dsju.hr\/wp-content\/uploads\/2023\/04\/ESF.png\",\"datePublished\":\"2023-10-21T13:16:45+00:00\",\"dateModified\":\"2023-11-30T14:56:51+00:00\",\"breadcrumb\":{\"@id\":\"https:\/\/www.dsju.hr\/projekti\/uvodenje-sustava-upravljanja-kvalitetom-u-javnu-upravu-rh\/#breadcrumb\"},\"inLanguage\":\"en-GB\",\"potentialAction\":[{\"@type\":\"ReadAction\",\"target\":[\"https:\/\/www.dsju.hr\/projekti\/uvodenje-sustava-upravljanja-kvalitetom-u-javnu-upravu-rh\/\"]}]},{\"@type\":\"ImageObject\",\"inLanguage\":\"en-GB\",\"@id\":\"https:\/\/www.dsju.hr\/projekti\/uvodenje-sustava-upravljanja-kvalitetom-u-javnu-upravu-rh\/#primaryimage\",\"url\":\"https:\/\/www.dsju.hr\/wp-content\/uploads\/2023\/04\/ESF.png\",\"contentUrl\":\"https:\/\/www.dsju.hr\/wp-content\/uploads\/2023\/04\/ESF.png\"},{\"@type\":\"BreadcrumbList\",\"@id\":\"https:\/\/www.dsju.hr\/projekti\/uvodenje-sustava-upravljanja-kvalitetom-u-javnu-upravu-rh\/#breadcrumb\",\"itemListElement\":[{\"@type\":\"ListItem\",\"position\":1,\"name\":\"Me\u0111unarodna suradnja i projekti \u00bb Projekti\",\"item\":\"https:\/\/www.dsju.hr\/projekti\/\"},{\"@type\":\"ListItem\",\"position\":2,\"name\":\"Uvo\u0111enje sustava upravljanja kvalitetom u javnu upravu RH\"}]},{\"@type\":\"WebSite\",\"@id\":\"https:\/\/www.dsju.hr\/#website\",\"url\":\"https:\/\/www.dsju.hr\/\",\"name\":\"Dr\u017eavna \u0161kola za javnu upravu\",\"description\":\"\",\"publisher\":{\"@id\":\"https:\/\/www.dsju.hr\/#organization\"},\"potentialAction\":[{\"@type\":\"SearchAction\",\"target\":{\"@type\":\"EntryPoint\",\"urlTemplate\":\"https:\/\/www.dsju.hr\/?s={search_term_string}\"},\"query-input\":{\"@type\":\"PropertyValueSpecification\",\"valueRequired\":true,\"valueName\":\"search_term_string\"}}],\"inLanguage\":\"en-GB\"},{\"@type\":\"Organization\",\"@id\":\"https:\/\/www.dsju.hr\/#organization\",\"name\":\"Dr\u017eavna \u0161kola za javnu upravu\",\"url\":\"https:\/\/www.dsju.hr\/\",\"logo\":{\"@type\":\"ImageObject\",\"inLanguage\":\"en-GB\",\"@id\":\"https:\/\/www.dsju.hr\/#\/schema\/logo\/image\/\",\"url\":\"https:\/\/www.dsju.hr\/wp-content\/uploads\/2023\/01\/DSJU_logo_white.png\",\"contentUrl\":\"https:\/\/www.dsju.hr\/wp-content\/uploads\/2023\/01\/DSJU_logo_white.png\",\"width\":501,\"height\":182,\"caption\":\"Dr\u017eavna \u0161kola za javnu upravu\"},\"image\":{\"@id\":\"https:\/\/www.dsju.hr\/#\/schema\/logo\/image\/\"}}]}<\/script>\n<!-- \/ Yoast SEO plugin. -->","yoast_head_json":{"title":"Uvo\u0111enje sustava upravljanja kvalitetom u javnu upravu RH - Dr\u017eavna \u0161kola za javnu upravu","robots":{"index":"index","follow":"follow","max-snippet":"max-snippet:-1","max-image-preview":"max-image-preview:large","max-video-preview":"max-video-preview:-1"},"canonical":"https:\/\/www.dsju.hr\/en\/projekti\/uvodenje-sustava-upravljanja-kvalitetom-u-javnu-upravu-rh\/","og_locale":"en_GB","og_type":"article","og_title":"Uvo\u0111enje sustava upravljanja kvalitetom u javnu upravu RH - Dr\u017eavna \u0161kola za javnu upravu","og_description":"UP.04.1.1.06.0003 Korisnik: Ministarstvo pravosu\u0111a i uprave Partner: Dr\u017eavna \u0161kola za javnu upravu Sustav upravljanja kvalitetom (CAF \u2013\u00a0Common Assessment Framework) je formalizirani sustav koji dokumentira procese, postupke i odgovornosti za postizanje [&hellip;]","og_url":"https:\/\/www.dsju.hr\/en\/projekti\/uvodenje-sustava-upravljanja-kvalitetom-u-javnu-upravu-rh\/","og_site_name":"Dr\u017eavna \u0161kola za javnu upravu","article_modified_time":"2023-11-30T14:56:51+00:00","og_image":[{"url":"https:\/\/www.dsju.hr\/wp-content\/uploads\/2023\/04\/ESF.png"}],"twitter_card":"summary_large_image","twitter_misc":{"Estimated reading time":"2 minutes"},"schema":{"@context":"https:\/\/schema.org","@graph":[{"@type":"WebPage","@id":"https:\/\/www.dsju.hr\/projekti\/uvodenje-sustava-upravljanja-kvalitetom-u-javnu-upravu-rh\/","url":"https:\/\/www.dsju.hr\/projekti\/uvodenje-sustava-upravljanja-kvalitetom-u-javnu-upravu-rh\/","name":"Uvo\u0111enje sustava upravljanja kvalitetom u javnu upravu RH - Dr\u017eavna \u0161kola za javnu upravu","isPartOf":{"@id":"https:\/\/www.dsju.hr\/#website"},"primaryImageOfPage":{"@id":"https:\/\/www.dsju.hr\/projekti\/uvodenje-sustava-upravljanja-kvalitetom-u-javnu-upravu-rh\/#primaryimage"},"image":{"@id":"https:\/\/www.dsju.hr\/projekti\/uvodenje-sustava-upravljanja-kvalitetom-u-javnu-upravu-rh\/#primaryimage"},"thumbnailUrl":"https:\/\/www.dsju.hr\/wp-content\/uploads\/2023\/04\/ESF.png","datePublished":"2023-10-21T13:16:45+00:00","dateModified":"2023-11-30T14:56:51+00:00","breadcrumb":{"@id":"https:\/\/www.dsju.hr\/projekti\/uvodenje-sustava-upravljanja-kvalitetom-u-javnu-upravu-rh\/#breadcrumb"},"inLanguage":"en-GB","potentialAction":[{"@type":"ReadAction","target":["https:\/\/www.dsju.hr\/projekti\/uvodenje-sustava-upravljanja-kvalitetom-u-javnu-upravu-rh\/"]}]},{"@type":"ImageObject","inLanguage":"en-GB","@id":"https:\/\/www.dsju.hr\/projekti\/uvodenje-sustava-upravljanja-kvalitetom-u-javnu-upravu-rh\/#primaryimage","url":"https:\/\/www.dsju.hr\/wp-content\/uploads\/2023\/04\/ESF.png","contentUrl":"https:\/\/www.dsju.hr\/wp-content\/uploads\/2023\/04\/ESF.png"},{"@type":"BreadcrumbList","@id":"https:\/\/www.dsju.hr\/projekti\/uvodenje-sustava-upravljanja-kvalitetom-u-javnu-upravu-rh\/#breadcrumb","itemListElement":[{"@type":"ListItem","position":1,"name":"Me\u0111unarodna suradnja i projekti \u00bb Projekti","item":"https:\/\/www.dsju.hr\/projekti\/"},{"@type":"ListItem","position":2,"name":"Uvo\u0111enje sustava upravljanja kvalitetom u javnu upravu RH"}]},{"@type":"WebSite","@id":"https:\/\/www.dsju.hr\/#website","url":"https:\/\/www.dsju.hr\/","name":"National School for Public Administration","description":"","publisher":{"@id":"https:\/\/www.dsju.hr\/#organization"},"potentialAction":[{"@type":"SearchAction","target":{"@type":"EntryPoint","urlTemplate":"https:\/\/www.dsju.hr\/?s={search_term_string}"},"query-input":{"@type":"PropertyValueSpecification","valueRequired":true,"valueName":"search_term_string"}}],"inLanguage":"en-GB"},{"@type":"Organization","@id":"https:\/\/www.dsju.hr\/#organization","name":"National School for Public Administration","url":"https:\/\/www.dsju.hr\/","logo":{"@type":"ImageObject","inLanguage":"en-GB","@id":"https:\/\/www.dsju.hr\/#\/schema\/logo\/image\/","url":"https:\/\/www.dsju.hr\/wp-content\/uploads\/2023\/01\/DSJU_logo_white.png","contentUrl":"https:\/\/www.dsju.hr\/wp-content\/uploads\/2023\/01\/DSJU_logo_white.png","width":501,"height":182,"caption":"Dr\u017eavna \u0161kola za javnu upravu"},"image":{"@id":"https:\/\/www.dsju.hr\/#\/schema\/logo\/image\/"}}]}},"_links":{"self":[{"href":"https:\/\/www.dsju.hr\/en\/wp-json\/wp\/v2\/pages\/10565","targetHints":{"allow":["GET"]}}],"collection":[{"href":"https:\/\/www.dsju.hr\/en\/wp-json\/wp\/v2\/pages"}],"about":[{"href":"https:\/\/www.dsju.hr\/en\/wp-json\/wp\/v2\/types\/page"}],"author":[{"embeddable":true,"href":"https:\/\/www.dsju.hr\/en\/wp-json\/wp\/v2\/users\/2"}],"replies":[{"embeddable":true,"href":"https:\/\/www.dsju.hr\/en\/wp-json\/wp\/v2\/comments?post=10565"}],"version-history":[{"count":22,"href":"https:\/\/www.dsju.hr\/en\/wp-json\/wp\/v2\/pages\/10565\/revisions"}],"predecessor-version":[{"id":13120,"href":"https:\/\/www.dsju.hr\/en\/wp-json\/wp\/v2\/pages\/10565\/revisions\/13120"}],"up":[{"embeddable":true,"href":"https:\/\/www.dsju.hr\/en\/wp-json\/wp\/v2\/pages\/1528"}],"wp:attachment":[{"href":"https:\/\/www.dsju.hr\/en\/wp-json\/wp\/v2\/media?parent=10565"}],"curies":[{"name":"wp","href":"https:\/\/api.w.org\/{rel}","templated":true}]}}