{"id":10550,"date":"2023-10-21T15:10:59","date_gmt":"2023-10-21T13:10:59","guid":{"rendered":"https:\/\/www.dsju.hr\/?page_id=10550"},"modified":"2023-12-08T16:11:08","modified_gmt":"2023-12-08T15:11:08","slug":"povecanje-kvalitete-javnih-usluga","status":"publish","type":"page","link":"https:\/\/www.dsju.hr\/en\/projekti\/povecanje-kvalitete-javnih-usluga\/","title":{"rendered":"Pove\u0107anje kvalitete javnih usluga"},"content":{"rendered":"<div data-elementor-type=\"wp-page\" data-elementor-id=\"10550\" class=\"elementor elementor-10550\" data-elementor-post-type=\"page\">\n\t\t\t\t<div class=\"elementor-element elementor-element-1c01893 e-flex e-con-boxed e-con e-parent\" data-id=\"1c01893\" data-element_type=\"container\">\n\t\t\t\t\t<div class=\"e-con-inner\">\n\t\t<div class=\"elementor-element elementor-element-7002a8d e-con-full e-flex e-con e-child\" data-id=\"7002a8d\" data-element_type=\"container\">\n\t\t\t\t<div class=\"elementor-element elementor-element-c19ee62 elementor-align-left elementor-widget elementor-widget-breadcrumbs\" data-id=\"c19ee62\" data-element_type=\"widget\" data-widget_type=\"breadcrumbs.default\">\n\t\t\t\t<div class=\"elementor-widget-container\">\n\t\t\t<p id=\"breadcrumbs\"><\/p>\t\t<\/div>\n\t\t\t\t<\/div>\n\t\t\t\t<\/div>\n\t\t\t\t\t<\/div>\n\t\t\t\t<\/div>\n\t\t<div class=\"elementor-element elementor-element-c412d4e e-flex e-con-boxed e-con e-parent\" data-id=\"c412d4e\" data-element_type=\"container\" data-settings=\"{&quot;background_background&quot;:&quot;classic&quot;}\">\n\t\t\t\t\t<div class=\"e-con-inner\">\n\t\t\t\t<div class=\"elementor-element elementor-element-df7674a elementor-widget__width-initial elementor-widget elementor-widget-heading\" data-id=\"df7674a\" data-element_type=\"widget\" data-widget_type=\"heading.default\">\n\t\t\t\t<div class=\"elementor-widget-container\">\n\t\t\t<h1 class=\"elementor-heading-title elementor-size-default\">Pove\u0107anje kvalitete javnih usluga kroz modernizaciju i pove\u0107anje dostupnosti edukacija za slu\u017ebenike javnog sektora u organizaciji D\u0160JU<\/h1>\t\t<\/div>\n\t\t\t\t<\/div>\n\t\t\t\t\t<\/div>\n\t\t\t\t<\/div>\n\t\t<div class=\"elementor-element elementor-element-3fe5342 e-flex e-con-boxed e-con e-parent\" data-id=\"3fe5342\" data-element_type=\"container\">\n\t\t\t\t\t<div class=\"e-con-inner\">\n\t\t<div class=\"elementor-element elementor-element-da03a99 e-con-full e-flex e-con e-child\" data-id=\"da03a99\" data-element_type=\"container\">\n\t\t\t\t<div class=\"elementor-element elementor-element-fce8e1f elementor-widget elementor-widget-text-editor\" data-id=\"fce8e1f\" data-element_type=\"widget\" data-widget_type=\"text-editor.default\">\n\t\t\t\t<div class=\"elementor-widget-container\">\n\t\t\t\t\t\t\t<p><img fetchpriority=\"high\" decoding=\"async\" class=\"alignnone size-full wp-image-6349\" src=\"https:\/\/dsju.hr\/wp-content\/uploads\/2023\/04\/ESF.png\" alt=\"\" width=\"605\" height=\"87\" srcset=\"https:\/\/www.dsju.hr\/wp-content\/uploads\/2023\/04\/ESF.png 605w, https:\/\/www.dsju.hr\/wp-content\/uploads\/2023\/04\/ESF-300x43.png 300w, https:\/\/www.dsju.hr\/wp-content\/uploads\/2023\/04\/ESF-18x3.png 18w\" sizes=\"(max-width: 605px) 100vw, 605px\" \/><\/p><p>UP.04.1.1.24.0001<\/p><p><strong>Korisnik<\/strong>: Dr\u017eavna \u0161kola za javnu upravu<\/p><p>Djelatnost Dr\u017eavne \u0161kole za javnu upravu je stru\u010dno osposobljavanje i usavr\u0161avanje dr\u017eavnih du\u017enosnika, dr\u017eavnih slu\u017ebenika, javnih slu\u017ebenika i zaposlenika u pravnim osobama s javnim ovlastima, izabranih du\u017enosnika i slu\u017ebenika u tijelima lokalne i podru\u010dne (regionalne) samouprave te obrazovanje odraslih, a s ciljem trajnog podizanja razine i kvalitete njihovog znanja, vje\u0161tina i sposobnosti, radi oblikovanja profesionalnog, djelotvornog i u\u010dinkovitog javnog sektora koji \u0107e pru\u017eati pravodobne i kvalitetne javne usluge, u skladu s najboljim op\u0107e prihva\u0107enim standardima.<\/p><p>Stru\u010dno usavr\u0161avanje je prepoznato kao klju\u010dan preduvjet za ja\u010danje kompetencija zaposlenika, me\u0111utim, ono mora biti u skladu sa zahtjevima moderne administracije. Postoje\u0107i sustav odr\u017eavanja edukacija procesno je slo\u017een, nestandardiziran i temeljen na zastarjelim metodama provedbe \u0161to ga \u010dini neu\u010dinkovitim. Uvo\u0111enje sustava za e-u\u010denje omogu\u0107it \u0107e da se barem dio edukacija ponudi u mje\u0161ovitom ili u potpunosti u online obliku. Time \u0107e osim uklanjanja prostorne i financijske barijere biti omogu\u0107eno i da se istovremeno nudi vi\u0161e edukacija te da se pojedinom edukacijom obuhvati ve\u0107i broj polaznika. Navedeno \u0107e doprinijeti tome da slu\u017ebenici iz svih regija budu efikasnije educirani, ali i u korak s vremenom i posljednjim zahtjevima koji \u0107e se nametnuti. Edukacijski sadr\u017eaji razvijat \u0107e se u suradnji s nadle\u017enim institucijama te stru\u010dnjacima zadu\u017eenim za implementaciju tih politika i sa stru\u010dnjacima na projektu koji \u0107e te sadr\u017eaje pretvoriti u digitalni sadr\u017eaj adaptiran za model e-u\u010denja. Predlo\u017eenom operacijom uvest \u0107e se nove metode i tehnologije (e-u\u010denje, mje\u0161ovito u\u010denje \u2013\u00a0<em>blended learning<\/em>) kao jedan od nu\u017enih preduvjeta unaprje\u0111enja cjelokupnog sustava izobrazbe slu\u017ebenika.\u00a0<\/p><p>Dr\u017eavna \u0161kola za javnu upravu kao korisnik projekta \u0107e tijekom provedbe digitalno transformirati i modernizirati postoje\u0107e i uvesti nove poslovne procese u pru\u017eanju usluge edukacija ciljanih skupina projekta. Provedbom projekta osigurat \u0107e se uskla\u0111ivanje izobrazbe dr\u017eavnih i javnih slu\u017ebenika sa strate\u0161kim ciljevima, mjerama i politikama Vlade RH, te uvesti pobolj\u0161ani proces planiranja, provedbe, pra\u0107enja i vrednovanja izobrazbe dr\u017eavnih i javnih slu\u017ebenika.<\/p><p><strong>Ukupna vrijednost projekta<\/strong>: 14.702.600,00 HRK<\/p><p><strong>Bespovratna sredstva<\/strong>: 14.702.600,00 HRK<\/p><p><strong>Datum potpisa Ugovora o dodjeli bespovratnih sredstava<\/strong>: 10. o\u017eujka 2020.<\/p><p><strong>Razdoblje provedbe projekta<\/strong>: 10.3.2020. \u2013 10.03.2022.<\/p><p><strong>Kontakt-osoba za vi\u0161e informacija<\/strong>:\u00a0Marija Grga,\u00a0<a href=\"mailto:dsju@dsju.hr\">dsju@dsju.hr<\/a><br \/>\u00a0<a href=\"http:\/\/www.strukturnifondovi.hr\/\">www.strukturnifondovi.hr<\/a><\/p>\t\t\t\t\t\t<\/div>\n\t\t\t\t<\/div>\n\t\t\t\t<\/div>\n\t\t<div class=\"elementor-element elementor-element-f04aeab e-con-full e-flex e-con e-child\" data-id=\"f04aeab\" data-element_type=\"container\" data-settings=\"{&quot;background_background&quot;:&quot;classic&quot;,&quot;sticky&quot;:&quot;top&quot;,&quot;sticky_parent&quot;:&quot;yes&quot;,&quot;sticky_offset&quot;:138,&quot;sticky_on&quot;:[&quot;widescreen&quot;,&quot;desktop&quot;,&quot;laptop&quot;,&quot;tablet_extra&quot;,&quot;tablet&quot;,&quot;mobile_extra&quot;,&quot;mobile&quot;],&quot;sticky_effects_offset&quot;:0}\">\n\t\t\t\t<div class=\"elementor-element elementor-element-010dcf0 elementor-nav-menu--dropdown-none blog-categories-menu elementor-widget elementor-widget-nav-menu\" data-id=\"010dcf0\" data-element_type=\"widget\" data-settings=\"{&quot;layout&quot;:&quot;vertical&quot;,&quot;submenu_icon&quot;:{&quot;value&quot;:&quot;&lt;i class=\\&quot;fas fa-caret-down\\&quot;&gt;&lt;\\\/i&gt;&quot;,&quot;library&quot;:&quot;fa-solid&quot;}}\" data-widget_type=\"nav-menu.default\">\n\t\t\t\t<div class=\"elementor-widget-container\">\n\t\t\t\t\t\t<nav aria-label=\"Menu\" class=\"elementor-nav-menu--main elementor-nav-menu__container elementor-nav-menu--layout-vertical e--pointer-background e--animation-sweep-right\">\n\t\t\t\t<ul id=\"menu-1-010dcf0\" class=\"elementor-nav-menu sm-vertical\"><li class=\"menu-item menu-item-type-post_type menu-item-object-page menu-item-10536\"><a href=\"https:\/\/www.dsju.hr\/en\/projekti\/razvoj-kompetencijskog-okvira-za-zaposlene-u-javnoj-upravi\/\" class=\"elementor-item\">Razvoj kompetencijskog okvira za zaposlene u javnoj upravi<\/a><\/li>\n<li class=\"menu-item menu-item-type-post_type menu-item-object-page menu-item-10555\"><a href=\"https:\/\/www.dsju.hr\/en\/projekti\/povecanje-kvalitete-javnih-usluga\/\" class=\"elementor-item\">Pove\u0107anje kvalitete javnih usluga<\/a><\/li>\n<li class=\"menu-item menu-item-type-post_type menu-item-object-page menu-item-10570\"><a href=\"https:\/\/www.dsju.hr\/en\/projekti\/uvodenje-sustava-upravljanja-kvalitetom-u-javnu-upravu-rh\/\" class=\"elementor-item\">Uvo\u0111enje sustava upravljanja kvalitetom u javnu upravu RH<\/a><\/li>\n<li class=\"menu-item menu-item-type-post_type menu-item-object-page menu-item-10586\"><a href=\"https:\/\/www.dsju.hr\/en\/projekti\/development-of-specific-training-programme-for-senior-public-officials-in-croatia\/\" class=\"elementor-item\">Development of specific training programme for senior public officials in Croatia<\/a><\/li>\n<li class=\"menu-item menu-item-type-post_type menu-item-object-page menu-item-13729\"><a href=\"https:\/\/www.dsju.hr\/en\/projekti\/twinning-projekt-strengthening-capacity-institution-public-administration-jordan\/\" class=\"elementor-item\">Twinning projekt \u201eStrengthening the Capacity of the Institution of Public Administration \u2013 Jordan\u201c (Twinning broj: JO 22 NDICI OT 01 23)<\/a><\/li>\n<li class=\"menu-item menu-item-type-post_type menu-item-object-page menu-item-13766\"><a href=\"https:\/\/www.dsju.hr\/en\/projekti\/twinning-projekt-strengthening-the-capacity-of-the-institution-of-public-administration-jordan-twinning-broj-jo-22-ndici-ot-01-23\/\" class=\"elementor-item\">\u201eCapacity Building for Civil Servants of the Public Administration, Including Trainings\/Internships in EU Members State Administrations and Scholarship Scheme -Young Cells&#8221;<\/a><\/li>\n<\/ul>\t\t\t<\/nav>\n\t\t\t\t\t\t<nav class=\"elementor-nav-menu--dropdown elementor-nav-menu__container\" aria-hidden=\"true\">\n\t\t\t\t<ul id=\"menu-2-010dcf0\" class=\"elementor-nav-menu sm-vertical\"><li class=\"menu-item menu-item-type-post_type menu-item-object-page menu-item-10536\"><a href=\"https:\/\/www.dsju.hr\/en\/projekti\/razvoj-kompetencijskog-okvira-za-zaposlene-u-javnoj-upravi\/\" class=\"elementor-item\" tabindex=\"-1\">Razvoj kompetencijskog okvira za zaposlene u javnoj upravi<\/a><\/li>\n<li class=\"menu-item menu-item-type-post_type menu-item-object-page menu-item-10555\"><a href=\"https:\/\/www.dsju.hr\/en\/projekti\/povecanje-kvalitete-javnih-usluga\/\" class=\"elementor-item\" tabindex=\"-1\">Pove\u0107anje kvalitete javnih usluga<\/a><\/li>\n<li class=\"menu-item menu-item-type-post_type menu-item-object-page menu-item-10570\"><a href=\"https:\/\/www.dsju.hr\/en\/projekti\/uvodenje-sustava-upravljanja-kvalitetom-u-javnu-upravu-rh\/\" class=\"elementor-item\" tabindex=\"-1\">Uvo\u0111enje sustava upravljanja kvalitetom u javnu upravu RH<\/a><\/li>\n<li class=\"menu-item menu-item-type-post_type menu-item-object-page menu-item-10586\"><a href=\"https:\/\/www.dsju.hr\/en\/projekti\/development-of-specific-training-programme-for-senior-public-officials-in-croatia\/\" class=\"elementor-item\" tabindex=\"-1\">Development of specific training programme for senior public officials in Croatia<\/a><\/li>\n<li class=\"menu-item menu-item-type-post_type menu-item-object-page menu-item-13729\"><a href=\"https:\/\/www.dsju.hr\/en\/projekti\/twinning-projekt-strengthening-capacity-institution-public-administration-jordan\/\" class=\"elementor-item\" tabindex=\"-1\">Twinning projekt \u201eStrengthening the Capacity of the Institution of Public Administration \u2013 Jordan\u201c (Twinning broj: JO 22 NDICI OT 01 23)<\/a><\/li>\n<li class=\"menu-item menu-item-type-post_type menu-item-object-page menu-item-13766\"><a href=\"https:\/\/www.dsju.hr\/en\/projekti\/twinning-projekt-strengthening-the-capacity-of-the-institution-of-public-administration-jordan-twinning-broj-jo-22-ndici-ot-01-23\/\" class=\"elementor-item\" tabindex=\"-1\">\u201eCapacity Building for Civil Servants of the Public Administration, Including Trainings\/Internships in EU Members State Administrations and Scholarship Scheme -Young Cells&#8221;<\/a><\/li>\n<\/ul>\t\t\t<\/nav>\n\t\t\t\t<\/div>\n\t\t\t\t<\/div>\n\t\t\t\t<\/div>\n\t\t\t\t\t<\/div>\n\t\t\t\t<\/div>\n\t\t\t\t<\/div>","protected":false},"excerpt":{"rendered":"<p>Pove\u0107anje kvalitete javnih usluga kroz modernizaciju i pove\u0107anje dostupnosti edukacija za slu\u017ebenike javnog sektora u organizaciji D\u0160JU UP.04.1.1.24.0001 Korisnik: Dr\u017eavna \u0161kola za javnu upravu Djelatnost Dr\u017eavne \u0161kole za javnu upravu [&hellip;]<\/p>","protected":false},"author":2,"featured_media":0,"parent":1528,"menu_order":0,"comment_status":"closed","ping_status":"closed","template":"elementor_header_footer","meta":{"_acf_changed":false,"_tec_requires_first_save":true,"inline_featured_image":false,"_EventAllDay":false,"_EventTimezone":"","_EventStartDate":"","_EventEndDate":"","_EventStartDateUTC":"","_EventEndDateUTC":"","_EventShowMap":false,"_EventShowMapLink":false,"_EventURL":"","_EventCost":"","_EventCostDescription":"","_EventCurrencySymbol":"","_EventCurrencyCode":"","_EventCurrencyPosition":"","_EventDateTimeSeparator":"","_EventTimeRangeSeparator":"","_EventOrganizerID":[],"_EventVenueID":[],"_OrganizerEmail":"","_OrganizerPhone":"","_OrganizerWebsite":"","_VenueAddress":"","_VenueCity":"","_VenueCountry":"","_VenueProvince":"","_VenueState":"","_VenueZip":"","_VenuePhone":"","_VenueURL":"","_VenueStateProvince":"","_VenueLat":"","_VenueLng":"","_VenueShowMap":false,"_VenueShowMapLink":false,"_tribe_blocks_recurrence_rules":"","_tribe_blocks_recurrence_description":"","_tribe_blocks_recurrence_exclusions":"","footnotes":""},"class_list":["post-10550","page","type-page","status-publish","hentry"],"acf":[],"yoast_head":"<!-- This site is optimized with the Yoast SEO plugin v23.4 - https:\/\/yoast.com\/wordpress\/plugins\/seo\/ -->\n<title>Pove\u0107anje kvalitete javnih usluga - Dr\u017eavna \u0161kola za javnu upravu<\/title>\n<meta name=\"robots\" content=\"index, follow, max-snippet:-1, max-image-preview:large, max-video-preview:-1\" \/>\n<link rel=\"canonical\" href=\"https:\/\/www.dsju.hr\/en\/projekti\/povecanje-kvalitete-javnih-usluga\/\" \/>\n<meta property=\"og:locale\" content=\"en_GB\" \/>\n<meta property=\"og:type\" content=\"article\" \/>\n<meta property=\"og:title\" content=\"Pove\u0107anje kvalitete javnih usluga - Dr\u017eavna \u0161kola za javnu upravu\" \/>\n<meta property=\"og:description\" content=\"Pove\u0107anje kvalitete javnih usluga kroz modernizaciju i pove\u0107anje dostupnosti edukacija za slu\u017ebenike javnog sektora u organizaciji D\u0160JU UP.04.1.1.24.0001 Korisnik: Dr\u017eavna \u0161kola za javnu upravu Djelatnost Dr\u017eavne \u0161kole za javnu upravu [&hellip;]\" \/>\n<meta property=\"og:url\" content=\"https:\/\/www.dsju.hr\/en\/projekti\/povecanje-kvalitete-javnih-usluga\/\" \/>\n<meta property=\"og:site_name\" content=\"Dr\u017eavna \u0161kola za javnu upravu\" \/>\n<meta property=\"article:modified_time\" content=\"2023-12-08T15:11:08+00:00\" \/>\n<meta property=\"og:image\" content=\"https:\/\/www.dsju.hr\/wp-content\/uploads\/2023\/04\/ESF.png\" \/>\n<meta name=\"twitter:card\" content=\"summary_large_image\" \/>\n<meta name=\"twitter:label1\" content=\"Estimated reading time\" \/>\n\t<meta name=\"twitter:data1\" content=\"3 minutes\" \/>\n<script type=\"application\/ld+json\" class=\"yoast-schema-graph\">{\"@context\":\"https:\/\/schema.org\",\"@graph\":[{\"@type\":\"WebPage\",\"@id\":\"https:\/\/www.dsju.hr\/projekti\/povecanje-kvalitete-javnih-usluga\/\",\"url\":\"https:\/\/www.dsju.hr\/projekti\/povecanje-kvalitete-javnih-usluga\/\",\"name\":\"Pove\u0107anje kvalitete javnih usluga - Dr\u017eavna \u0161kola za javnu upravu\",\"isPartOf\":{\"@id\":\"https:\/\/www.dsju.hr\/#website\"},\"primaryImageOfPage\":{\"@id\":\"https:\/\/www.dsju.hr\/projekti\/povecanje-kvalitete-javnih-usluga\/#primaryimage\"},\"image\":{\"@id\":\"https:\/\/www.dsju.hr\/projekti\/povecanje-kvalitete-javnih-usluga\/#primaryimage\"},\"thumbnailUrl\":\"https:\/\/www.dsju.hr\/wp-content\/uploads\/2023\/04\/ESF.png\",\"datePublished\":\"2023-10-21T13:10:59+00:00\",\"dateModified\":\"2023-12-08T15:11:08+00:00\",\"breadcrumb\":{\"@id\":\"https:\/\/www.dsju.hr\/projekti\/povecanje-kvalitete-javnih-usluga\/#breadcrumb\"},\"inLanguage\":\"en-GB\",\"potentialAction\":[{\"@type\":\"ReadAction\",\"target\":[\"https:\/\/www.dsju.hr\/projekti\/povecanje-kvalitete-javnih-usluga\/\"]}]},{\"@type\":\"ImageObject\",\"inLanguage\":\"en-GB\",\"@id\":\"https:\/\/www.dsju.hr\/projekti\/povecanje-kvalitete-javnih-usluga\/#primaryimage\",\"url\":\"https:\/\/www.dsju.hr\/wp-content\/uploads\/2023\/04\/ESF.png\",\"contentUrl\":\"https:\/\/www.dsju.hr\/wp-content\/uploads\/2023\/04\/ESF.png\"},{\"@type\":\"BreadcrumbList\",\"@id\":\"https:\/\/www.dsju.hr\/projekti\/povecanje-kvalitete-javnih-usluga\/#breadcrumb\",\"itemListElement\":[{\"@type\":\"ListItem\",\"position\":1,\"name\":\"Me\u0111unarodna suradnja i projekti \u00bb Projekti\",\"item\":\"https:\/\/www.dsju.hr\/projekti\/\"},{\"@type\":\"ListItem\",\"position\":2,\"name\":\"Pove\u0107anje kvalitete javnih usluga\"}]},{\"@type\":\"WebSite\",\"@id\":\"https:\/\/www.dsju.hr\/#website\",\"url\":\"https:\/\/www.dsju.hr\/\",\"name\":\"Dr\u017eavna \u0161kola za javnu upravu\",\"description\":\"\",\"publisher\":{\"@id\":\"https:\/\/www.dsju.hr\/#organization\"},\"potentialAction\":[{\"@type\":\"SearchAction\",\"target\":{\"@type\":\"EntryPoint\",\"urlTemplate\":\"https:\/\/www.dsju.hr\/?s={search_term_string}\"},\"query-input\":{\"@type\":\"PropertyValueSpecification\",\"valueRequired\":true,\"valueName\":\"search_term_string\"}}],\"inLanguage\":\"en-GB\"},{\"@type\":\"Organization\",\"@id\":\"https:\/\/www.dsju.hr\/#organization\",\"name\":\"Dr\u017eavna \u0161kola za javnu upravu\",\"url\":\"https:\/\/www.dsju.hr\/\",\"logo\":{\"@type\":\"ImageObject\",\"inLanguage\":\"en-GB\",\"@id\":\"https:\/\/www.dsju.hr\/#\/schema\/logo\/image\/\",\"url\":\"https:\/\/www.dsju.hr\/wp-content\/uploads\/2023\/01\/DSJU_logo_white.png\",\"contentUrl\":\"https:\/\/www.dsju.hr\/wp-content\/uploads\/2023\/01\/DSJU_logo_white.png\",\"width\":501,\"height\":182,\"caption\":\"Dr\u017eavna \u0161kola za javnu upravu\"},\"image\":{\"@id\":\"https:\/\/www.dsju.hr\/#\/schema\/logo\/image\/\"}}]}<\/script>\n<!-- \/ Yoast SEO plugin. -->","yoast_head_json":{"title":"Pove\u0107anje kvalitete javnih usluga - Dr\u017eavna \u0161kola za javnu upravu","robots":{"index":"index","follow":"follow","max-snippet":"max-snippet:-1","max-image-preview":"max-image-preview:large","max-video-preview":"max-video-preview:-1"},"canonical":"https:\/\/www.dsju.hr\/en\/projekti\/povecanje-kvalitete-javnih-usluga\/","og_locale":"en_GB","og_type":"article","og_title":"Pove\u0107anje kvalitete javnih usluga - Dr\u017eavna \u0161kola za javnu upravu","og_description":"Pove\u0107anje kvalitete javnih usluga kroz modernizaciju i pove\u0107anje dostupnosti edukacija za slu\u017ebenike javnog sektora u organizaciji D\u0160JU UP.04.1.1.24.0001 Korisnik: Dr\u017eavna \u0161kola za javnu upravu Djelatnost Dr\u017eavne \u0161kole za javnu upravu [&hellip;]","og_url":"https:\/\/www.dsju.hr\/en\/projekti\/povecanje-kvalitete-javnih-usluga\/","og_site_name":"Dr\u017eavna \u0161kola za javnu upravu","article_modified_time":"2023-12-08T15:11:08+00:00","og_image":[{"url":"https:\/\/www.dsju.hr\/wp-content\/uploads\/2023\/04\/ESF.png"}],"twitter_card":"summary_large_image","twitter_misc":{"Estimated reading time":"3 minutes"},"schema":{"@context":"https:\/\/schema.org","@graph":[{"@type":"WebPage","@id":"https:\/\/www.dsju.hr\/projekti\/povecanje-kvalitete-javnih-usluga\/","url":"https:\/\/www.dsju.hr\/projekti\/povecanje-kvalitete-javnih-usluga\/","name":"Pove\u0107anje kvalitete javnih usluga - Dr\u017eavna \u0161kola za javnu upravu","isPartOf":{"@id":"https:\/\/www.dsju.hr\/#website"},"primaryImageOfPage":{"@id":"https:\/\/www.dsju.hr\/projekti\/povecanje-kvalitete-javnih-usluga\/#primaryimage"},"image":{"@id":"https:\/\/www.dsju.hr\/projekti\/povecanje-kvalitete-javnih-usluga\/#primaryimage"},"thumbnailUrl":"https:\/\/www.dsju.hr\/wp-content\/uploads\/2023\/04\/ESF.png","datePublished":"2023-10-21T13:10:59+00:00","dateModified":"2023-12-08T15:11:08+00:00","breadcrumb":{"@id":"https:\/\/www.dsju.hr\/projekti\/povecanje-kvalitete-javnih-usluga\/#breadcrumb"},"inLanguage":"en-GB","potentialAction":[{"@type":"ReadAction","target":["https:\/\/www.dsju.hr\/projekti\/povecanje-kvalitete-javnih-usluga\/"]}]},{"@type":"ImageObject","inLanguage":"en-GB","@id":"https:\/\/www.dsju.hr\/projekti\/povecanje-kvalitete-javnih-usluga\/#primaryimage","url":"https:\/\/www.dsju.hr\/wp-content\/uploads\/2023\/04\/ESF.png","contentUrl":"https:\/\/www.dsju.hr\/wp-content\/uploads\/2023\/04\/ESF.png"},{"@type":"BreadcrumbList","@id":"https:\/\/www.dsju.hr\/projekti\/povecanje-kvalitete-javnih-usluga\/#breadcrumb","itemListElement":[{"@type":"ListItem","position":1,"name":"Me\u0111unarodna suradnja i projekti \u00bb Projekti","item":"https:\/\/www.dsju.hr\/projekti\/"},{"@type":"ListItem","position":2,"name":"Pove\u0107anje kvalitete javnih usluga"}]},{"@type":"WebSite","@id":"https:\/\/www.dsju.hr\/#website","url":"https:\/\/www.dsju.hr\/","name":"National School for Public Administration","description":"","publisher":{"@id":"https:\/\/www.dsju.hr\/#organization"},"potentialAction":[{"@type":"SearchAction","target":{"@type":"EntryPoint","urlTemplate":"https:\/\/www.dsju.hr\/?s={search_term_string}"},"query-input":{"@type":"PropertyValueSpecification","valueRequired":true,"valueName":"search_term_string"}}],"inLanguage":"en-GB"},{"@type":"Organization","@id":"https:\/\/www.dsju.hr\/#organization","name":"National School for Public Administration","url":"https:\/\/www.dsju.hr\/","logo":{"@type":"ImageObject","inLanguage":"en-GB","@id":"https:\/\/www.dsju.hr\/#\/schema\/logo\/image\/","url":"https:\/\/www.dsju.hr\/wp-content\/uploads\/2023\/01\/DSJU_logo_white.png","contentUrl":"https:\/\/www.dsju.hr\/wp-content\/uploads\/2023\/01\/DSJU_logo_white.png","width":501,"height":182,"caption":"Dr\u017eavna \u0161kola za javnu upravu"},"image":{"@id":"https:\/\/www.dsju.hr\/#\/schema\/logo\/image\/"}}]}},"_links":{"self":[{"href":"https:\/\/www.dsju.hr\/en\/wp-json\/wp\/v2\/pages\/10550","targetHints":{"allow":["GET"]}}],"collection":[{"href":"https:\/\/www.dsju.hr\/en\/wp-json\/wp\/v2\/pages"}],"about":[{"href":"https:\/\/www.dsju.hr\/en\/wp-json\/wp\/v2\/types\/page"}],"author":[{"embeddable":true,"href":"https:\/\/www.dsju.hr\/en\/wp-json\/wp\/v2\/users\/2"}],"replies":[{"embeddable":true,"href":"https:\/\/www.dsju.hr\/en\/wp-json\/wp\/v2\/comments?post=10550"}],"version-history":[{"count":31,"href":"https:\/\/www.dsju.hr\/en\/wp-json\/wp\/v2\/pages\/10550\/revisions"}],"predecessor-version":[{"id":13258,"href":"https:\/\/www.dsju.hr\/en\/wp-json\/wp\/v2\/pages\/10550\/revisions\/13258"}],"up":[{"embeddable":true,"href":"https:\/\/www.dsju.hr\/en\/wp-json\/wp\/v2\/pages\/1528"}],"wp:attachment":[{"href":"https:\/\/www.dsju.hr\/en\/wp-json\/wp\/v2\/media?parent=10550"}],"curies":[{"name":"wp","href":"https:\/\/api.w.org\/{rel}","templated":true}]}}